{"id":8404,"date":"2016-05-13T09:47:55","date_gmt":"2016-05-13T07:47:55","guid":{"rendered":"https:\/\/www.grupopoliclinica.es\/responsabilidad-social\/"},"modified":"2025-11-24T12:35:22","modified_gmt":"2025-11-24T11:35:22","slug":"social-responsibility","status":"publish","type":"page","link":"https:\/\/www.grupopoliclinica.es\/en\/social-responsibility\/","title":{"rendered":"Social Responsibility"},"content":{"rendered":"\t\t<div data-elementor-type=\"wp-page\" data-elementor-id=\"8404\" class=\"elementor elementor-8404 elementor-5516\" data-elementor-post-type=\"page\">\n\t\t\t\t\t\t<section class=\"elementor-section elementor-top-section elementor-element elementor-element-7421990 elementor-section-boxed elementor-section-height-default elementor-section-height-default\" data-id=\"7421990\" data-element_type=\"section\" data-e-type=\"section\" data-settings=\"{&quot;background_background&quot;:&quot;classic&quot;}\">\n\t\t\t\t\t\t<div class=\"elementor-container elementor-column-gap-no\">\n\t\t\t\t\t<div class=\"elementor-column elementor-col-100 elementor-top-column elementor-element elementor-element-a0491fa\" data-id=\"a0491fa\" data-element_type=\"column\" data-e-type=\"column\">\n\t\t\t<div class=\"elementor-widget-wrap elementor-element-populated\">\n\t\t\t\t\t\t<div class=\"elementor-element elementor-element-9e29389 elementor-widget elementor-widget-heading\" data-id=\"9e29389\" data-element_type=\"widget\" data-e-type=\"widget\" data-widget_type=\"heading.default\">\n\t\t\t\t<div class=\"elementor-widget-container\">\n\t\t\t\t\t<h1 class=\"elementor-heading-title elementor-size-default\">Social Responsibility<\/h1>\t\t\t\t<\/div>\n\t\t\t\t<\/div>\n\t\t\t\t<div class=\"elementor-element elementor-element-dc070fc elementor-widget elementor-widget-text-editor\" data-id=\"dc070fc\" data-element_type=\"widget\" data-e-type=\"widget\" data-widget_type=\"text-editor.default\">\n\t\t\t\t<div class=\"elementor-widget-container\">\n\t\t\t\t\t\t\t\t\tPolicl\u00ednica Nuestra Se\u00f1ora del Rosario is strongly committed to society, following the line of its founder, Dr. Juli\u00e1n Vil\u00e1s Ferrer, who in particular offered his hand to various associations in the Balearic Islands.<br>\nPolicl\u00ednica has never forgotten its family and human origin, so we do our best to collaborate with entities, organisations and\/or people, in the following areas:\n<ul>\n \t<li>Training. We share our medical knowledge organising Congresses, and Symposiums for health professionals and also for patients and the general public, such as, for example, our Chronic Pain or Diabetes Unit Symposiums.<\/li>\n \t<li>Providing health facilities. Through the Juli\u00e1n Vil\u00e1s Ferrer Foundation, we collaborate providing our hospital facilities for the sterilisation of sanitary material.<\/li>\n \t<li>Donation of health material and equipment to entities and\/or organisations.<\/li>\n \t<li>Help in the fight against cancer, thanks to the collaboration with APAAC (Asociaci\u00f3n Pitiusa de Ayuda a Afectados de C\u00e1ncer \u2013 Ibiza and Formentera Association for Helping People Affected by Cancer).<\/li>\n<\/ul>\t\t\t\t\t\t\t\t<\/div>\n\t\t\t\t<\/div>\n\t\t\t\t\t<\/div>\n\t\t<\/div>\n\t\t\t\t\t<\/div>\n\t\t<\/section>\n\t\t\t\t<\/div>\n\t\t","protected":false},"excerpt":{"rendered":"<p>Social Responsibility Policl\u00ednica Nuestra Se\u00f1ora del Rosario is strongly committed to society, following the line of its founder, Dr. Juli\u00e1n Vil\u00e1s Ferrer, who in particular offered his hand to various associations in the Balearic Islands. Policl\u00ednica has never forgotten its family and human origin, so we do our best to collaborate with entities, organisations and\/or [&hellip;]<\/p>\n","protected":false},"author":2,"featured_media":0,"parent":0,"menu_order":0,"comment_status":"closed","ping_status":"closed","template":"","meta":{"_acf_changed":false,"site-sidebar-layout":"no-sidebar","site-content-layout":"page-builder","ast-site-content-layout":"default","site-content-style":"default","site-sidebar-style":"default","ast-global-header-display":"","ast-banner-title-visibility":"","ast-main-header-display":"","ast-hfb-above-header-display":"","ast-hfb-below-header-display":"","ast-hfb-mobile-header-display":"","site-post-title":"disabled","ast-breadcrumbs-content":"","ast-featured-img":"disabled","footer-sml-layout":"","ast-disable-related-posts":"","theme-transparent-header-meta":"default","adv-header-id-meta":"","stick-header-meta":"","header-above-stick-meta":"","header-main-stick-meta":"","header-below-stick-meta":"","astra-migrate-meta-layouts":"default","ast-page-background-enabled":"default","ast-page-background-meta":{"desktop":{"background-color":"","background-image":"","background-repeat":"repeat","background-position":"center center","background-size":"auto","background-attachment":"scroll","background-type":"","background-media":"","overlay-type":"","overlay-color":"","overlay-opacity":"","overlay-gradient":""},"tablet":{"background-color":"","background-image":"","background-repeat":"repeat","background-position":"center center","background-size":"auto","background-attachment":"scroll","background-type":"","background-media":"","overlay-type":"","overlay-color":"","overlay-opacity":"","overlay-gradient":""},"mobile":{"background-color":"","background-image":"","background-repeat":"repeat","background-position":"center center","background-size":"auto","background-attachment":"scroll","background-type":"","background-media":"","overlay-type":"","overlay-color":"","overlay-opacity":"","overlay-gradient":""}},"ast-content-background-meta":{"desktop":{"background-color":"var(--ast-global-color-5)","background-image":"","background-repeat":"repeat","background-position":"center center","background-size":"auto","background-attachment":"scroll","background-type":"","background-media":"","overlay-type":"","overlay-color":"","overlay-opacity":"","overlay-gradient":""},"tablet":{"background-color":"var(--ast-global-color-5)","background-image":"","background-repeat":"repeat","background-position":"center center","background-size":"auto","background-attachment":"scroll","background-type":"","background-media":"","overlay-type":"","overlay-color":"","overlay-opacity":"","overlay-gradient":""},"mobile":{"background-color":"var(--ast-global-color-5)","background-image":"","background-repeat":"repeat","background-position":"center center","background-size":"auto","background-attachment":"scroll","background-type":"","background-media":"","overlay-type":"","overlay-color":"","overlay-opacity":"","overlay-gradient":""}},"footnotes":""},"class_list":["post-8404","page","type-page","status-publish","hentry"],"acf":[],"featured_image_urls":{},"post_mailing_queue_ids":[],"_links":{"self":[{"href":"https:\/\/www.grupopoliclinica.es\/en\/wp-json\/wp\/v2\/pages\/8404","targetHints":{"allow":["GET"]}}],"collection":[{"href":"https:\/\/www.grupopoliclinica.es\/en\/wp-json\/wp\/v2\/pages"}],"about":[{"href":"https:\/\/www.grupopoliclinica.es\/en\/wp-json\/wp\/v2\/types\/page"}],"author":[{"embeddable":true,"href":"https:\/\/www.grupopoliclinica.es\/en\/wp-json\/wp\/v2\/users\/2"}],"replies":[{"embeddable":true,"href":"https:\/\/www.grupopoliclinica.es\/en\/wp-json\/wp\/v2\/comments?post=8404"}],"version-history":[{"count":3,"href":"https:\/\/www.grupopoliclinica.es\/en\/wp-json\/wp\/v2\/pages\/8404\/revisions"}],"predecessor-version":[{"id":37852,"href":"https:\/\/www.grupopoliclinica.es\/en\/wp-json\/wp\/v2\/pages\/8404\/revisions\/37852"}],"wp:attachment":[{"href":"https:\/\/www.grupopoliclinica.es\/en\/wp-json\/wp\/v2\/media?parent=8404"}],"curies":[{"name":"wp","href":"https:\/\/api.w.org\/{rel}","templated":true}]}}