{"id":22624,"date":"2021-05-20T10:02:22","date_gmt":"2021-05-20T08:02:22","guid":{"rendered":"https:\/\/www.grupopoliclinica.es\/mas-consultas-nuevos-servicios-2\/"},"modified":"2023-11-28T12:30:21","modified_gmt":"2023-11-28T10:30:21","slug":"more-consultations-new-services","status":"publish","type":"page","link":"https:\/\/www.grupopoliclinica.es\/en\/mas-consultas-nuevos-servicios-2\/","title":{"rendered":"MORE CONSULTATIONS, NEW SERVICES"},"content":{"rendered":"<p><b>\u00a0<\/b><strong>MORE CONSULTATIONS, NEW SERVICES<\/strong><\/p>\n<p>IBIZA, 24 September 2014<\/p>\n<p><strong>The Endocrinology and Nutrition Unit has been expanded to meet the growing demand for consultations in this area.<\/strong><\/p>\n<p>On 12 September, the <strong>Endocrinology and Nutrition Unit <\/strong>was expanded with the recruitment of an additional specialist. Endocrinologist Eladio Losada (Specialist in Endocrinology at the Hospital Vall d&#8217;Hebron (Barcelona) is now joined by Dr. Mariv\u00ed Velasco Cano (Specialist in Endocrinology at the Hospital Cl\u00ednico San Carlos in Madrid).<\/p>\n<p><strong>As diseases such as diabetes become more prevalent in the population, the role of the endocrinologist and nutritionist is becoming increasingly important.<\/strong><\/p>\n<p>It is estimated that by 2020 more than one third of the world&#8217;s population will have diabetes, a disease that is directly caused by lifestyle, diet and being overweight.<\/p>\n<p>This Unit treats diabetes, as well as other conditions such as:<\/p>\n<ul>\n<li>Thyroid diseases: hypothyroidism, hyperthyroidism, thyroid nodules, thyroid cancer\u2026<\/li>\n<li>Nutrition: Overweight, obesity, malnutrition, etc\u2026<\/li>\n<li>Other, less common, conditions such as hormonal disorders, growth or development problems, adrenal tumours, etc\u2026<\/li>\n<li>Gestational diabetes and hypothyroidism are becoming increasingly common during pregnancy.<\/li>\n<\/ul>\n<p><strong>In addition, our new rheumatology consultation service at the Policl\u00ednica has already been scheduled to start on 4 October.<\/strong><\/p>\n<p><strong>\u00a0<\/strong>Dr Jorge Juan Gonz\u00e1lez Mart\u00edn ( Specialist in Rheumatology at the Fundaci\u00f3n Jim\u00e9nez D\u00edaz, Madrid) will be in charge of the treatment of diseases of the musculoskeletal system (tendinitis, rheumatoid arthritis, psoriatic arthritis, spondylitis, gout, etc.), connective tissue and systemic diseases (lupus, scleroderma, Sj\u00f6gren&#8217;s, uveitis, etc.) and bone metabolism (osteoporosis, Paget&#8217;s disease, etc.).<\/p>\n<p>Musculoskeletal disorders are very common in the general population (an estimated 10 million people in Spain, or 22.6% of the population), making them one of the most common chronic diseases.<\/p>\n<p><strong>Prevention and early diagnosis are essential, so early assessment by a rheumatologist is essential for prompt and appropriate treatment.<\/strong><\/p>\n","protected":false},"excerpt":{"rendered":"<p>\u00a0MORE CONSULTATIONS, NEW SERVICES IBIZA, 24 September 2014 The Endocrinology and Nutrition Unit has been expanded to meet the growing demand for consultations in this area. On 12 September, the Endocrinology and Nutrition Unit was expanded with the recruitment of an additional specialist. Endocrinologist Eladio Losada (Specialist in Endocrinology at the Hospital Vall d&#8217;Hebron (Barcelona) [&hellip;]<\/p>\n","protected":false},"author":2,"featured_media":0,"parent":0,"menu_order":0,"comment_status":"closed","ping_status":"closed","template":"","meta":{"_acf_changed":false,"site-sidebar-layout":"default","site-content-layout":"default","ast-site-content-layout":"default","site-content-style":"default","site-sidebar-style":"default","ast-global-header-display":"","ast-banner-title-visibility":"","ast-main-header-display":"","ast-hfb-above-header-display":"","ast-hfb-below-header-display":"","ast-hfb-mobile-header-display":"","site-post-title":"","ast-breadcrumbs-content":"","ast-featured-img":"","footer-sml-layout":"","ast-disable-related-posts":"","theme-transparent-header-meta":"default","adv-header-id-meta":"","stick-header-meta":"","header-above-stick-meta":"","header-main-stick-meta":"","header-below-stick-meta":"","astra-migrate-meta-layouts":"set","ast-page-background-enabled":"default","ast-page-background-meta":{"desktop":{"background-color":"","background-image":"","background-repeat":"repeat","background-position":"center center","background-size":"auto","background-attachment":"scroll","background-type":"","background-media":"","overlay-type":"","overlay-color":"","overlay-opacity":"","overlay-gradient":""},"tablet":{"background-color":"","background-image":"","background-repeat":"repeat","background-position":"center center","background-size":"auto","background-attachment":"scroll","background-type":"","background-media":"","overlay-type":"","overlay-color":"","overlay-opacity":"","overlay-gradient":""},"mobile":{"background-color":"","background-image":"","background-repeat":"repeat","background-position":"center center","background-size":"auto","background-attachment":"scroll","background-type":"","background-media":"","overlay-type":"","overlay-color":"","overlay-opacity":"","overlay-gradient":""}},"ast-content-background-meta":{"desktop":{"background-color":"var(--ast-global-color-5)","background-image":"","background-repeat":"repeat","background-position":"center center","background-size":"auto","background-attachment":"scroll","background-type":"","background-media":"","overlay-type":"","overlay-color":"","overlay-opacity":"","overlay-gradient":""},"tablet":{"background-color":"var(--ast-global-color-5)","background-image":"","background-repeat":"repeat","background-position":"center center","background-size":"auto","background-attachment":"scroll","background-type":"","background-media":"","overlay-type":"","overlay-color":"","overlay-opacity":"","overlay-gradient":""},"mobile":{"background-color":"var(--ast-global-color-5)","background-image":"","background-repeat":"repeat","background-position":"center center","background-size":"auto","background-attachment":"scroll","background-type":"","background-media":"","overlay-type":"","overlay-color":"","overlay-opacity":"","overlay-gradient":""}},"footnotes":""},"class_list":["post-22624","page","type-page","status-publish","hentry"],"acf":[],"featured_image_urls":{},"post_mailing_queue_ids":[],"_links":{"self":[{"href":"https:\/\/www.grupopoliclinica.es\/en\/wp-json\/wp\/v2\/pages\/22624","targetHints":{"allow":["GET"]}}],"collection":[{"href":"https:\/\/www.grupopoliclinica.es\/en\/wp-json\/wp\/v2\/pages"}],"about":[{"href":"https:\/\/www.grupopoliclinica.es\/en\/wp-json\/wp\/v2\/types\/page"}],"author":[{"embeddable":true,"href":"https:\/\/www.grupopoliclinica.es\/en\/wp-json\/wp\/v2\/users\/2"}],"replies":[{"embeddable":true,"href":"https:\/\/www.grupopoliclinica.es\/en\/wp-json\/wp\/v2\/comments?post=22624"}],"version-history":[{"count":0,"href":"https:\/\/www.grupopoliclinica.es\/en\/wp-json\/wp\/v2\/pages\/22624\/revisions"}],"wp:attachment":[{"href":"https:\/\/www.grupopoliclinica.es\/en\/wp-json\/wp\/v2\/media?parent=22624"}],"curies":[{"name":"wp","href":"https:\/\/api.w.org\/{rel}","templated":true}]}}