{"id":8405,"date":"2016-05-13T09:47:55","date_gmt":"2016-05-13T07:47:55","guid":{"rendered":"https:\/\/www.grupopoliclinica.es\/responsabilidad-social\/"},"modified":"2025-11-24T12:35:50","modified_gmt":"2025-11-24T11:35:50","slug":"soziale-verantwortung","status":"publish","type":"page","link":"https:\/\/www.grupopoliclinica.es\/de\/soziale-verantwortung\/","title":{"rendered":"Soziale Verantwortung"},"content":{"rendered":"\t\t<div data-elementor-type=\"wp-page\" data-elementor-id=\"8405\" class=\"elementor elementor-8405 elementor-5516\" data-elementor-post-type=\"page\">\n\t\t\t\t\t\t<section class=\"elementor-section elementor-top-section elementor-element elementor-element-5bd9199 elementor-section-boxed elementor-section-height-default elementor-section-height-default\" data-id=\"5bd9199\" data-element_type=\"section\" data-e-type=\"section\" data-settings=\"{&quot;background_background&quot;:&quot;classic&quot;}\">\n\t\t\t\t\t\t<div class=\"elementor-container elementor-column-gap-no\">\n\t\t\t\t\t<div class=\"elementor-column elementor-col-100 elementor-top-column elementor-element elementor-element-3a2203b\" data-id=\"3a2203b\" data-element_type=\"column\" data-e-type=\"column\">\n\t\t\t<div class=\"elementor-widget-wrap elementor-element-populated\">\n\t\t\t\t\t\t<div class=\"elementor-element elementor-element-ffc2ef3 elementor-widget elementor-widget-heading\" data-id=\"ffc2ef3\" data-element_type=\"widget\" data-e-type=\"widget\" data-widget_type=\"heading.default\">\n\t\t\t\t<div class=\"elementor-widget-container\">\n\t\t\t\t\t<h1 class=\"elementor-heading-title elementor-size-default\">Soziale Verantwortung<\/h1>\t\t\t\t<\/div>\n\t\t\t\t<\/div>\n\t\t\t\t<div class=\"elementor-element elementor-element-5787372 elementor-widget elementor-widget-text-editor\" data-id=\"5787372\" data-element_type=\"widget\" data-e-type=\"widget\" data-widget_type=\"text-editor.default\">\n\t\t\t\t<div class=\"elementor-widget-container\">\n\t\t\t\t\t\t\t\t\tDie Poliklinik Nuestra Se\u00f1ora del Rosario hat eine enge Bindung mit der Gesellschaft und folgt der Idee ihres Gr\u00fcnders Dr. Juli\u00e1n Vil\u00e1s Ferrer, der auf besondere Weise mit verschiedenen Gemeinschaften der Balearen zusammenarbeitet.<br>\nBis heute hat die Poliklinik ihren famili\u00e4ren und menschlichen Ursprung nicht vergessen und deshalb setzen wir alles, was in unserer Macht steht, daran, mit Vereinigungen, Organisationen und\/oder Personen in den folgenden Bereichen zusammenzuarbeiten:\n<ul>\n \t<li>Ausbildung Wir teilen unser medizinisches Wissen \u00fcber die Veranstaltung von Kongressen und Konferenzen f\u00fcr Spezialisten aus dem medizinischen Bereich und auch f\u00fcr Patienten und die breite \u00d6ffentlichkeit, wie z. B. bei unseren Tagen \u00fcber chronische Schmerzen oder die Diabetesabteilung.<\/li>\n \t<li>Bereitstellung medizinischer Einrichtungen \u00dcber die Stiftung Juli\u00e1n Vil\u00e1s Ferrer bieten wir unsere Krankenhauseinrichtungen f\u00fcr die Sterilisierung von medizinischem Material an.<\/li>\n \t<li>Material- und Ausr\u00fcstungsspenden an K\u00f6rperschaften und\/oder Organisationen<\/li>\n \t<li>Hilfe beim Kampf gegen den Krebs durch die Zusammenarbeit mit APAAC (Gesellschaft der Pityusen f\u00fcr die Hilfe von Krebserkrankten).<\/li>\n<\/ul>\t\t\t\t\t\t\t\t<\/div>\n\t\t\t\t<\/div>\n\t\t\t\t\t<\/div>\n\t\t<\/div>\n\t\t\t\t\t<\/div>\n\t\t<\/section>\n\t\t\t\t<\/div>\n\t\t","protected":false},"excerpt":{"rendered":"<p>Soziale Verantwortung Die Poliklinik Nuestra Se\u00f1ora del Rosario hat eine enge Bindung mit der Gesellschaft und folgt der Idee ihres Gr\u00fcnders Dr. Juli\u00e1n Vil\u00e1s Ferrer, der auf besondere Weise mit verschiedenen Gemeinschaften der Balearen zusammenarbeitet. Bis heute hat die Poliklinik ihren famili\u00e4ren und menschlichen Ursprung nicht vergessen und deshalb setzen wir alles, was in unserer [&hellip;]<\/p>\n","protected":false},"author":2,"featured_media":0,"parent":0,"menu_order":0,"comment_status":"closed","ping_status":"closed","template":"","meta":{"_acf_changed":false,"site-sidebar-layout":"no-sidebar","site-content-layout":"page-builder","ast-site-content-layout":"default","site-content-style":"default","site-sidebar-style":"default","ast-global-header-display":"","ast-banner-title-visibility":"","ast-main-header-display":"","ast-hfb-above-header-display":"","ast-hfb-below-header-display":"","ast-hfb-mobile-header-display":"","site-post-title":"disabled","ast-breadcrumbs-content":"","ast-featured-img":"disabled","footer-sml-layout":"","ast-disable-related-posts":"","theme-transparent-header-meta":"default","adv-header-id-meta":"","stick-header-meta":"","header-above-stick-meta":"","header-main-stick-meta":"","header-below-stick-meta":"","astra-migrate-meta-layouts":"default","ast-page-background-enabled":"default","ast-page-background-meta":{"desktop":{"background-color":"","background-image":"","background-repeat":"repeat","background-position":"center center","background-size":"auto","background-attachment":"scroll","background-type":"","background-media":"","overlay-type":"","overlay-color":"","overlay-opacity":"","overlay-gradient":""},"tablet":{"background-color":"","background-image":"","background-repeat":"repeat","background-position":"center center","background-size":"auto","background-attachment":"scroll","background-type":"","background-media":"","overlay-type":"","overlay-color":"","overlay-opacity":"","overlay-gradient":""},"mobile":{"background-color":"","background-image":"","background-repeat":"repeat","background-position":"center center","background-size":"auto","background-attachment":"scroll","background-type":"","background-media":"","overlay-type":"","overlay-color":"","overlay-opacity":"","overlay-gradient":""}},"ast-content-background-meta":{"desktop":{"background-color":"var(--ast-global-color-5)","background-image":"","background-repeat":"repeat","background-position":"center center","background-size":"auto","background-attachment":"scroll","background-type":"","background-media":"","overlay-type":"","overlay-color":"","overlay-opacity":"","overlay-gradient":""},"tablet":{"background-color":"var(--ast-global-color-5)","background-image":"","background-repeat":"repeat","background-position":"center center","background-size":"auto","background-attachment":"scroll","background-type":"","background-media":"","overlay-type":"","overlay-color":"","overlay-opacity":"","overlay-gradient":""},"mobile":{"background-color":"var(--ast-global-color-5)","background-image":"","background-repeat":"repeat","background-position":"center center","background-size":"auto","background-attachment":"scroll","background-type":"","background-media":"","overlay-type":"","overlay-color":"","overlay-opacity":"","overlay-gradient":""}},"footnotes":""},"class_list":["post-8405","page","type-page","status-publish","hentry"],"acf":[],"featured_image_urls":{},"post_mailing_queue_ids":[],"_links":{"self":[{"href":"https:\/\/www.grupopoliclinica.es\/de\/wp-json\/wp\/v2\/pages\/8405","targetHints":{"allow":["GET"]}}],"collection":[{"href":"https:\/\/www.grupopoliclinica.es\/de\/wp-json\/wp\/v2\/pages"}],"about":[{"href":"https:\/\/www.grupopoliclinica.es\/de\/wp-json\/wp\/v2\/types\/page"}],"author":[{"embeddable":true,"href":"https:\/\/www.grupopoliclinica.es\/de\/wp-json\/wp\/v2\/users\/2"}],"replies":[{"embeddable":true,"href":"https:\/\/www.grupopoliclinica.es\/de\/wp-json\/wp\/v2\/comments?post=8405"}],"version-history":[{"count":3,"href":"https:\/\/www.grupopoliclinica.es\/de\/wp-json\/wp\/v2\/pages\/8405\/revisions"}],"predecessor-version":[{"id":37855,"href":"https:\/\/www.grupopoliclinica.es\/de\/wp-json\/wp\/v2\/pages\/8405\/revisions\/37855"}],"wp:attachment":[{"href":"https:\/\/www.grupopoliclinica.es\/de\/wp-json\/wp\/v2\/media?parent=8405"}],"curies":[{"name":"wp","href":"https:\/\/api.w.org\/{rel}","templated":true}]}}