{"id":4675,"date":"2014-06-27T07:22:58","date_gmt":"2014-06-27T05:22:58","guid":{"rendered":"https:\/\/www.grupopoliclinica.es\/?page_id=4675"},"modified":"2023-11-30T11:54:25","modified_gmt":"2023-11-30T09:54:25","slug":"cookies-policy","status":"publish","type":"page","link":"https:\/\/www.grupopoliclinica.es\/de\/cookies-policy\/","title":{"rendered":"Cookie-Politik"},"content":{"rendered":"\t\t<div data-elementor-type=\"wp-page\" data-elementor-id=\"4675\" class=\"elementor elementor-4675 elementor-3019\" data-elementor-post-type=\"page\">\n\t\t\t\t\t\t<section class=\"elementor-section elementor-top-section elementor-element elementor-element-6f1830d7 elementor-section-boxed elementor-section-height-default elementor-section-height-default\" data-id=\"6f1830d7\" data-element_type=\"section\" data-e-type=\"section\" data-settings=\"{&quot;background_background&quot;:&quot;classic&quot;}\">\n\t\t\t\t\t\t<div class=\"elementor-container elementor-column-gap-no\">\n\t\t\t\t\t<div class=\"elementor-column elementor-col-100 elementor-top-column elementor-element elementor-element-1538826\" data-id=\"1538826\" data-element_type=\"column\" data-e-type=\"column\">\n\t\t\t<div class=\"elementor-widget-wrap elementor-element-populated\">\n\t\t\t\t\t\t<div class=\"elementor-element elementor-element-c193c69 elementor-widget elementor-widget-heading\" data-id=\"c193c69\" data-element_type=\"widget\" data-e-type=\"widget\" data-widget_type=\"heading.default\">\n\t\t\t\t<div class=\"elementor-widget-container\">\n\t\t\t\t\t<h1 class=\"elementor-heading-title elementor-size-default\">Cookies Policy<\/h1>\t\t\t\t<\/div>\n\t\t\t\t<\/div>\n\t\t\t\t<div class=\"elementor-element elementor-element-165be1e elementor-widget elementor-widget-text-editor\" data-id=\"165be1e\" data-element_type=\"widget\" data-e-type=\"widget\" data-widget_type=\"text-editor.default\">\n\t\t\t\t<div class=\"elementor-widget-container\">\n\t\t\t\t\t\t\t\t\t<p>Diese Website verwendet Cookies <a href=\"https:\/\/www.grupopoliclinica.es\/\">www.grupopoliclinica.es<\/a>. Cookies sind kleine Textdateien, die von den von Ihnen besuchten Webseiten, die die Sitzungsdaten, die sp\u00e4ter auf der Website n\u00fctzlich sein kann, enthalten generiert. Die Daten erlauben die Website, um Informationen zwischen den Seiten zu halten und auch zu diskutieren, wie man mit der Website interagieren.<\/p>\n\n<p><a href=\"https:\/\/www.grupopoliclinica.es\/\">www.grupopoliclinica.es<\/a> verwendet Cookies generiert und von dieser Website verwendet werden, und einige sind \u201cexterne Cookies\u201d, die von unserer Website durch Dritte entstehen. Sie erlauben uns, jeden Teil Ihres Besuche und Eink\u00e4ufe zu erinnern, wie Sie durch die Website gehen, erinnert sich Kundendaten und zeigt die richtige Online-Inhalte auf Ihre Surfgewohnheiten, abh\u00e4ngig von Ihrer Auswahl. Es hilft uns auch das Nutzerverhalten zu verstehen, innerhalb unserer Website, das hei\u00dft, wir k\u00f6nnen Sie Ihre Erfahrungen \u00fcber sie zu verbessern.<\/p>\n\n<p>Cookies k\u00f6nnen nur dann gespeichert, Text, ist es meist immer anonym und verschl\u00fcsselt. <a href=\"https:\/\/www.grupopoliclinica.es\/\">www.grupopoliclinica.es<\/a> nie speichern keine pers\u00f6nlichen Daten in Cookies.<\/p>\n\n<p>Die Cookies sind sicher, weil sie nur speichern Informationen, die der Benutzer im Browser eingegeben oder in der Seitenanforderung enthalten. Sie k\u00f6nnen den Code nicht ausgef\u00fchrt und kann nicht verwendet werden, um den Computer zuzugreifen. Wenn eine Website verschl\u00fcsselt die Informationen von Cookies, kann nur der Website die Informationen zu lesen.<\/p>\n\n<p>Session-Cookies enthalten Informationen, die in der aktuellen Browser-Sitzung verwendet wird. Diese Cookies werden automatisch gel\u00f6scht, wenn Sie Ihren Browser schlie\u00dfen. Nichts bleibt auf Ihrem Computer \u00fcber die Zeit auf der Website verbrachte.<\/p>\n\n<p>Permanente Cookies werden verwendet, um Informationen, die zwischen den Besuchen verwendete speichern. Diese Daten erlauben Websites zu erkennen, dass Sie bereits Kunde sind und entsprechend reagieren. Permanente Cookies haben einen nicht definierten Wert im Laufe der Zeit.\nCookies werden von der Website verwendet werden, um die Sitzung zu halten, wie es durch das Netz fortschreitet, sammelt Informationen \u00fcber ihre Eink\u00e4ufe und Konsumgewohnheiten, einmal angemeldet ist. Sie dienen dazu, entsprechende Produkte in zuk\u00fcnftige Besuche anzuzeigen.\nMit Google und Adobe Web Analytics Cookies erm\u00f6glichen es uns, Kundeninteraktion im Web-Seite verfolgen. Das gibt uns Ideen, die uns, die Website und die Produkte und Dienstleistungen, die wir anbieten und Ihre Pr\u00e4ferenzen zu verbessern erlauben. Die Anwendung, die wir benutzen, um die Informationen zu erhalten, ist GoogleAnalytics:<\/p>\n\n<p><a href=\"https:\/\/marketingplatform.google.com\/about\/analytics\/\" target=\"_blank\" rel=\"noopener\">www.google.com\/analytics\/<\/a> und <a href=\"https:\/\/marketingplatform.google.com\/about\/\" target=\"_blank\" rel=\"noopener\">http:\/\/www.google.es\/intl\/es\/analytics\/privacyoverview.html<\/a><\/p>\n\n<p>Diese Anwendung wurde von Google entwickelt, die uns in den Dienst der Gruppenanalyse unserer Website zur Verf\u00fcgung stellt. Das Unternehmen kann diese Daten verwenden, um ihre eigenen Dienste zu verbessern und Dienstleistungen auch anderen Unternehmen anzubieten. Sie k\u00f6nnen solche Anwendungen von den angebotenen Links zu erf\u00fcllen. Mit diesem Tool werden keine Daten aus den ersten oder letzten Namen der Benutzer oder die Adresse, von wo sie verbinden zu sammeln. Das erhaltene Informationen betrifft; mit der Anzahl der besuchten Seiten, soziales Netzwerk, in dem unsere Nachrichten ver\u00f6ffentlicht, die die Stadt zu, die die IP-Adresse, von der Benutzer auf die Anzahl der Benutzer, die uns besuchen, H\u00e4ufigkeit und Regelm\u00e4\u00dfigkeit der Besuche zugeordnet ist, Uhrzeit des Besuchs, welchen Browser Sie verwendet, Betreiber oder Terminal-Typ, von dem die Pr\u00fcfung durchgef\u00fchrt wird.<\/p>\n\n<p>Dar\u00fcber hinaus arbeiten wir mit Partnern, um Cookies von Drittanbietern, die dann in andere Web-Sites verwendet werden, um Werbung f\u00fcr ausreichend und angemessen entworfen, basierend auf den Browserverlauf zu erstellen. Diese Cookies speichern keine pers\u00f6nlichen Informationen nur zulassen, dass andere Websites zu identifizieren und werden ausschlie\u00dflich auf Browserverlauf basiert. Alle Browser erm\u00f6glichen es, das Verhalten eines Cookies oder deaktivieren Sie diese Option in den Einstellungen oder Browser-Optionen zu begrenzen. Die Schritte hierzu sind f\u00fcr jeden Browser k\u00f6nnen Sie Anweisungen in der Hilfefunktion Ihres Browsers finden.<\/p>\n\n<p>\u00dcber Ihren Browser k\u00f6nnen Sie auch sehen, die Cookies, die auf Ihrem Computer und l\u00f6schen Sie sie nach eigenem Ermessen. Cookies sind Textdateien, die Sie \u00f6ffnen und lesen den Inhalt kann. Daten enthalten, fast immer mit einer numerischen Taste entsprechend einer Internetsitzung verschl\u00fcsselt.<\/p>\n\n<p>Deaktivierung von Cookies auch Auswirkungen auf Ihre Fortschritte durch den Ort, wird aber nicht Google Analytics Code aus der Aktivierung von ihrem Besuch zu stoppen.<\/p>\n\n<p>Die Session-Cookies von dieser Website einschlie\u00dflich der Daten, die vom Web-Server-Hardware, wozu der Server verarbeitet die Sitzung, Authentifizierungsstatus (in der Datenbank der Kunden Online-Shop) verwendet werden und die Einzelheiten ihrer Einkaufen.\nInformationspflicht: Der zweite Absatz von Artikel 22 des LSSI besagt, dass Sie Nutzer klare und vollst\u00e4ndige Informationen \u00fcber die Verwendung von Speichermedien und Datenwiederherstellungsinformationen, insbesondere \u00fcber die Zwecke der Verarbeitung der Daten zur Verf\u00fcgung stellen gem\u00e4\u00df den Bestimmungen der Ley Org\u00e1nica 15\/1999, vom 13. Dezember, de Protecci\u00f3n de Datos de Car\u00e1cter Personal.<\/p>\n\n<p>So m\u00fcssen Informationen \u00fcber Cookies auf Anfrage eingewilligt so vollst\u00e4ndig sein, um Benutzern zu erm\u00f6glichen, um den Zweck, f\u00fcr den sie installiert wurden, zu verstehen und kennen die Anwendungen, die gegeben werden.<\/p>\n\n<p>F\u00fcr den Fall, dass ein Nutzer damit einverstanden, dass die Verwendung von Cookies, Informationen \u00fcber die Genehmigung und die Cookies zu widerrufen muss Ihnen permanent zur Verf\u00fcgung stehen.<\/p>\n\n<p>Alle Browser erm\u00f6glichen es, das Verhalten eines Cookies oder deaktivieren Sie diese Option in den Einstellungen oder Browser-Optionen zu begrenzen. Die Schritte hierzu sind f\u00fcr jeden Browser k\u00f6nnen Sie Anweisungen in der Hilfefunktion Ihres Browsers finden.<\/p>\t\t\t\t\t\t\t\t<\/div>\n\t\t\t\t<\/div>\n\t\t\t\t\t<\/div>\n\t\t<\/div>\n\t\t\t\t\t<\/div>\n\t\t<\/section>\n\t\t\t\t<\/div>\n\t\t","protected":false},"excerpt":{"rendered":"<p>Cookies Policy Diese Website verwendet Cookies www.grupopoliclinica.es. Cookies sind kleine Textdateien, die von den von Ihnen besuchten Webseiten, die die Sitzungsdaten, die sp\u00e4ter auf der Website n\u00fctzlich sein kann, enthalten generiert. Die Daten erlauben die Website, um Informationen zwischen den Seiten zu halten und auch zu diskutieren, wie man mit der Website interagieren. www.grupopoliclinica.es verwendet [&hellip;]<\/p>\n","protected":false},"author":2,"featured_media":0,"parent":0,"menu_order":0,"comment_status":"closed","ping_status":"closed","template":"","meta":{"_acf_changed":false,"site-sidebar-layout":"no-sidebar","site-content-layout":"page-builder","ast-site-content-layout":"full-width-container","site-content-style":"unboxed","site-sidebar-style":"unboxed","ast-global-header-display":"","ast-banner-title-visibility":"","ast-main-header-display":"","ast-hfb-above-header-display":"","ast-hfb-below-header-display":"","ast-hfb-mobile-header-display":"","site-post-title":"disabled","ast-breadcrumbs-content":"","ast-featured-img":"disabled","footer-sml-layout":"","ast-disable-related-posts":"","theme-transparent-header-meta":"default","adv-header-id-meta":"","stick-header-meta":"","header-above-stick-meta":"","header-main-stick-meta":"","header-below-stick-meta":"","astra-migrate-meta-layouts":"set","ast-page-background-enabled":"default","ast-page-background-meta":{"desktop":{"background-color":"","background-image":"","background-repeat":"repeat","background-position":"center center","background-size":"auto","background-attachment":"scroll","background-type":"","background-media":"","overlay-type":"","overlay-color":"","overlay-opacity":"","overlay-gradient":""},"tablet":{"background-color":"","background-image":"","background-repeat":"repeat","background-position":"center center","background-size":"auto","background-attachment":"scroll","background-type":"","background-media":"","overlay-type":"","overlay-color":"","overlay-opacity":"","overlay-gradient":""},"mobile":{"background-color":"","background-image":"","background-repeat":"repeat","background-position":"center center","background-size":"auto","background-attachment":"scroll","background-type":"","background-media":"","overlay-type":"","overlay-color":"","overlay-opacity":"","overlay-gradient":""}},"ast-content-background-meta":{"desktop":{"background-color":"var(--ast-global-color-5)","background-image":"","background-repeat":"repeat","background-position":"center center","background-size":"auto","background-attachment":"scroll","background-type":"","background-media":"","overlay-type":"","overlay-color":"","overlay-opacity":"","overlay-gradient":""},"tablet":{"background-color":"var(--ast-global-color-5)","background-image":"","background-repeat":"repeat","background-position":"center center","background-size":"auto","background-attachment":"scroll","background-type":"","background-media":"","overlay-type":"","overlay-color":"","overlay-opacity":"","overlay-gradient":""},"mobile":{"background-color":"var(--ast-global-color-5)","background-image":"","background-repeat":"repeat","background-position":"center center","background-size":"auto","background-attachment":"scroll","background-type":"","background-media":"","overlay-type":"","overlay-color":"","overlay-opacity":"","overlay-gradient":""}},"footnotes":""},"class_list":["post-4675","page","type-page","status-publish","hentry"],"acf":[],"featured_image_urls":{},"post_mailing_queue_ids":[],"_links":{"self":[{"href":"https:\/\/www.grupopoliclinica.es\/de\/wp-json\/wp\/v2\/pages\/4675","targetHints":{"allow":["GET"]}}],"collection":[{"href":"https:\/\/www.grupopoliclinica.es\/de\/wp-json\/wp\/v2\/pages"}],"about":[{"href":"https:\/\/www.grupopoliclinica.es\/de\/wp-json\/wp\/v2\/types\/page"}],"author":[{"embeddable":true,"href":"https:\/\/www.grupopoliclinica.es\/de\/wp-json\/wp\/v2\/users\/2"}],"replies":[{"embeddable":true,"href":"https:\/\/www.grupopoliclinica.es\/de\/wp-json\/wp\/v2\/comments?post=4675"}],"version-history":[{"count":0,"href":"https:\/\/www.grupopoliclinica.es\/de\/wp-json\/wp\/v2\/pages\/4675\/revisions"}],"wp:attachment":[{"href":"https:\/\/www.grupopoliclinica.es\/de\/wp-json\/wp\/v2\/media?parent=4675"}],"curies":[{"name":"wp","href":"https:\/\/api.w.org\/{rel}","templated":true}]}}