{"id":4393,"date":"2014-01-14T09:53:48","date_gmt":"2014-01-14T07:53:48","guid":{"rendered":"https:\/\/www.grupopoliclinica.es\/?page_id=4393"},"modified":"2025-11-24T12:21:57","modified_gmt":"2025-11-24T11:21:57","slug":"ueber-uns","status":"publish","type":"page","link":"https:\/\/www.grupopoliclinica.es\/de\/ueber-uns\/","title":{"rendered":"\u00dcber uns"},"content":{"rendered":"\t\t<div data-elementor-type=\"wp-page\" data-elementor-id=\"4393\" class=\"elementor elementor-4393 elementor-2884\" data-elementor-post-type=\"page\">\n\t\t\t\t\t\t<section class=\"elementor-section elementor-top-section elementor-element elementor-element-4abf046 elementor-section-boxed elementor-section-height-default elementor-section-height-default\" data-id=\"4abf046\" data-element_type=\"section\" data-e-type=\"section\" data-settings=\"{&quot;background_background&quot;:&quot;classic&quot;}\">\n\t\t\t\t\t\t<div class=\"elementor-container elementor-column-gap-no\">\n\t\t\t\t\t<div class=\"elementor-column elementor-col-100 elementor-top-column elementor-element elementor-element-57150097\" data-id=\"57150097\" data-element_type=\"column\" data-e-type=\"column\">\n\t\t\t<div class=\"elementor-widget-wrap elementor-element-populated\">\n\t\t\t\t\t\t<div class=\"elementor-element elementor-element-de81d02 elementor-widget elementor-widget-heading\" data-id=\"de81d02\" data-element_type=\"widget\" data-e-type=\"widget\" data-widget_type=\"heading.default\">\n\t\t\t\t<div class=\"elementor-widget-container\">\n\t\t\t\t\t<h1 class=\"elementor-heading-title elementor-size-default\">\u00dcber uns<\/h1>\t\t\t\t<\/div>\n\t\t\t\t<\/div>\n\t\t\t\t<div class=\"elementor-element elementor-element-7968327c elementor-widget elementor-widget-text-editor\" data-id=\"7968327c\" data-element_type=\"widget\" data-e-type=\"widget\" data-widget_type=\"text-editor.default\">\n\t\t\t\t<div class=\"elementor-widget-container\">\n\t\t\t\t\t\t\t\t\t<p>Die Policl\u00ednica Nuestra Se\u00f1ora del Rosario wurde in Ibiza im Jahr 1969 aus der Hand von Dr. Julian Vilas Ferrer (1930-2012) geboren.<\/p><p>Don Julian war in Ibiza im Jahr 1930 geboren und studierte Medizin an der Universit\u00e4t von San Carlos in Madrid, spezialisierte er sich auf Allgemeine Chirurgie und Traumatologie und Orthop\u00e4die. Er setzte seine Ausbildung in Barcelona, und nach mehreren Jahren Erfahrung kehrte er nach Ibiza und gr\u00fcndete seine erste Klinik, die auf der Avenida Espa\u00f1a wurde.<\/p><p>Don Julian ist ein Beispiel f\u00fcr eine lebhafte und hartn\u00e4ckige Person, ausgehend von einem kleinen medizinischen Zentrum machte es zu schaffen, was ist heute einer der Gesundheit Benchmarks von Ibiza und die Balearen.<\/p><p>Nach und nach wuchs die Klinik dank Interesse des Gr\u00fcnders durch Ausbau von Dienstleistungen und neuen Technologien. Die Klinik verf\u00fcgt \u00fcber 300 Gesundheitsfachkr\u00e4fte, dabei jedoch die famili\u00e4re und freundliche Atmosph\u00e4re, die Don Julian mit Patienten und Mitarbeiter \u00fcbertragen.<\/p><p>Wachsen und Fortschritt zu werden ein gro\u00dfartiges Unternehmen und unter Wahrung der warme und menschliche Umwelt, die die Policl\u00ednica Nuestra Se\u00f1ora del Rosario kennzeichnet, ist auch dank der Beispiel ihres Gr\u00fcnders.<\/p><p>Seine S\u00f6hne Don Francisco Vil\u00e1s und Do\u00f1a Marta Vil\u00e1s f\u00fchren diese Klinik heute, und die anderen Gesellschaften. Sie stehen auf jeden Morgen mit der Erinnerung an seinen Vater, und versuchen den Weg, das begann vor mehr als 50 Jahren, zu folgen.<\/p><p>Eine Klinik, in der die Patienten sich wohl f\u00fchlen, durch ein hoch qualifiziertes professionelles Team umgeben, die in einem multidisziplin\u00e4ren Weg f\u00fcr den Patienten das Gef\u00fchl, komplett gepflegt und sicher.<\/p>\t\t\t\t\t\t\t\t<\/div>\n\t\t\t\t<\/div>\n\t\t\t\t\t<\/div>\n\t\t<\/div>\n\t\t\t\t\t<\/div>\n\t\t<\/section>\n\t\t\t\t<\/div>\n\t\t","protected":false},"excerpt":{"rendered":"<p>\u00dcber uns Die Policl\u00ednica Nuestra Se\u00f1ora del Rosario wurde in Ibiza im Jahr 1969 aus der Hand von Dr. Julian Vilas Ferrer (1930-2012) geboren. Don Julian war in Ibiza im Jahr 1930 geboren und studierte Medizin an der Universit\u00e4t von San Carlos in Madrid, spezialisierte er sich auf Allgemeine Chirurgie und Traumatologie und Orthop\u00e4die. Er [&hellip;]<\/p>\n","protected":false},"author":2,"featured_media":0,"parent":0,"menu_order":0,"comment_status":"closed","ping_status":"closed","template":"","meta":{"_acf_changed":false,"site-sidebar-layout":"no-sidebar","site-content-layout":"page-builder","ast-site-content-layout":"default","site-content-style":"default","site-sidebar-style":"default","ast-global-header-display":"","ast-banner-title-visibility":"","ast-main-header-display":"","ast-hfb-above-header-display":"","ast-hfb-below-header-display":"","ast-hfb-mobile-header-display":"","site-post-title":"disabled","ast-breadcrumbs-content":"","ast-featured-img":"disabled","footer-sml-layout":"","ast-disable-related-posts":"","theme-transparent-header-meta":"default","adv-header-id-meta":"","stick-header-meta":"","header-above-stick-meta":"","header-main-stick-meta":"","header-below-stick-meta":"","astra-migrate-meta-layouts":"default","ast-page-background-enabled":"default","ast-page-background-meta":{"desktop":{"background-color":"","background-image":"","background-repeat":"repeat","background-position":"center center","background-size":"auto","background-attachment":"scroll","background-type":"","background-media":"","overlay-type":"","overlay-color":"","overlay-opacity":"","overlay-gradient":""},"tablet":{"background-color":"","background-image":"","background-repeat":"repeat","background-position":"center center","background-size":"auto","background-attachment":"scroll","background-type":"","background-media":"","overlay-type":"","overlay-color":"","overlay-opacity":"","overlay-gradient":""},"mobile":{"background-color":"","background-image":"","background-repeat":"repeat","background-position":"center center","background-size":"auto","background-attachment":"scroll","background-type":"","background-media":"","overlay-type":"","overlay-color":"","overlay-opacity":"","overlay-gradient":""}},"ast-content-background-meta":{"desktop":{"background-color":"var(--ast-global-color-5)","background-image":"","background-repeat":"repeat","background-position":"center center","background-size":"auto","background-attachment":"scroll","background-type":"","background-media":"","overlay-type":"","overlay-color":"","overlay-opacity":"","overlay-gradient":""},"tablet":{"background-color":"var(--ast-global-color-5)","background-image":"","background-repeat":"repeat","background-position":"center center","background-size":"auto","background-attachment":"scroll","background-type":"","background-media":"","overlay-type":"","overlay-color":"","overlay-opacity":"","overlay-gradient":""},"mobile":{"background-color":"var(--ast-global-color-5)","background-image":"","background-repeat":"repeat","background-position":"center center","background-size":"auto","background-attachment":"scroll","background-type":"","background-media":"","overlay-type":"","overlay-color":"","overlay-opacity":"","overlay-gradient":""}},"footnotes":""},"class_list":["post-4393","page","type-page","status-publish","hentry"],"acf":[],"featured_image_urls":{},"post_mailing_queue_ids":[],"_links":{"self":[{"href":"https:\/\/www.grupopoliclinica.es\/de\/wp-json\/wp\/v2\/pages\/4393","targetHints":{"allow":["GET"]}}],"collection":[{"href":"https:\/\/www.grupopoliclinica.es\/de\/wp-json\/wp\/v2\/pages"}],"about":[{"href":"https:\/\/www.grupopoliclinica.es\/de\/wp-json\/wp\/v2\/types\/page"}],"author":[{"embeddable":true,"href":"https:\/\/www.grupopoliclinica.es\/de\/wp-json\/wp\/v2\/users\/2"}],"replies":[{"embeddable":true,"href":"https:\/\/www.grupopoliclinica.es\/de\/wp-json\/wp\/v2\/comments?post=4393"}],"version-history":[{"count":3,"href":"https:\/\/www.grupopoliclinica.es\/de\/wp-json\/wp\/v2\/pages\/4393\/revisions"}],"predecessor-version":[{"id":37792,"href":"https:\/\/www.grupopoliclinica.es\/de\/wp-json\/wp\/v2\/pages\/4393\/revisions\/37792"}],"wp:attachment":[{"href":"https:\/\/www.grupopoliclinica.es\/de\/wp-json\/wp\/v2\/media?parent=4393"}],"curies":[{"name":"wp","href":"https:\/\/api.w.org\/{rel}","templated":true}]}}