{"id":33767,"date":"2024-04-09T13:56:09","date_gmt":"2024-04-09T11:56:09","guid":{"rendered":"https:\/\/www.grupopoliclinica.es\/?page_id=33767"},"modified":"2026-04-20T13:08:17","modified_gmt":"2026-04-20T11:08:17","slug":"informationen-ueber-die-verarbeitung-von-personenbezogenen-daten","status":"publish","type":"page","link":"https:\/\/www.grupopoliclinica.es\/de\/informationen-ueber-die-verarbeitung-von-personenbezogenen-daten\/","title":{"rendered":"Informationen \u00fcber die Verarbeitung von personenbezogenen Daten"},"content":{"rendered":"\t\t<div data-elementor-type=\"wp-page\" data-elementor-id=\"33767\" class=\"elementor elementor-33767 elementor-32597\" data-elementor-post-type=\"page\">\n\t\t\t\t\t\t<section class=\"elementor-section elementor-top-section elementor-element elementor-element-37202b8 elementor-section-boxed elementor-section-height-default elementor-section-height-default\" data-id=\"37202b8\" data-element_type=\"section\" data-e-type=\"section\" data-settings=\"{&quot;background_background&quot;:&quot;classic&quot;}\">\n\t\t\t\t\t\t<div class=\"elementor-container elementor-column-gap-no\">\n\t\t\t\t\t<div class=\"elementor-column elementor-col-100 elementor-top-column elementor-element elementor-element-9465f6b\" data-id=\"9465f6b\" data-element_type=\"column\" data-e-type=\"column\">\n\t\t\t<div class=\"elementor-widget-wrap elementor-element-populated\">\n\t\t\t\t\t\t<div class=\"elementor-element elementor-element-7d2233b elementor-widget elementor-widget-heading\" data-id=\"7d2233b\" data-element_type=\"widget\" data-e-type=\"widget\" data-widget_type=\"heading.default\">\n\t\t\t\t<div class=\"elementor-widget-container\">\n\t\t\t\t\t<h1 class=\"elementor-heading-title elementor-size-default\">Informationen \u00fcber die Verarbeitung von personenbezogenen Daten<\/h1>\t\t\t\t<\/div>\n\t\t\t\t<\/div>\n\t\t\t\t<div class=\"elementor-element elementor-element-4341679 elementor-widget elementor-widget-text-editor\" data-id=\"4341679\" data-element_type=\"widget\" data-e-type=\"widget\" data-widget_type=\"text-editor.default\">\n\t\t\t\t<div class=\"elementor-widget-container\">\n\t\t\t\t\t\t\t\t\t<p>DIE POLIKLINIK UNSERER LIEBEN FRAU VON ROSARIO, S.L.U. ist f\u00fcr die Verarbeitung der personenbezogenen Daten des Betroffenen verantwortlich und informiert Sie, dass diese Daten gem\u00e4\u00df der Verordnung (EU) 2016\/679 vom 27. April (DSGVO) und dem Organischen Gesetz 3\/2018 vom 5. Dezember (LOPDGDD) verarbeitet werden. Daher erhalten Sie die folgenden Informationen zur Datenverarbeitung:<\/p><p><strong>PATIENTEN DES GESUNDHEITSZENTRUMS<\/strong>: Verwaltung der Gesundheitsversorgung f\u00fcr die Patienten<\/p><p><strong>Zwecke der Verarbeitung:<\/strong> Gesundheitsmanagement und -kontrolle, Krankenakte, andere Zwecke: Bereitstellung von Gesundheitsdienstleistungen einschlie\u00dflich der Verwaltung von Gesundheitsdiensten und des Zentrums, die damit verbunden sind: Pflege der Krankenakte, Termine, Ausstellung von Bescheinigungen, Beantwortung von Anfragen, Behandlung von Vorf\u00e4llen, Meinungsumfragen usw.<\/p><p><strong>Rechtm\u00e4\u00dfigkeit der Verarbeitung:<\/strong> Zur Durchf\u00fchrung eines Vertrags oder Vorvertrags mit dem Betroffenen (Artikel 6.1.b DSGVO) aufgrund der Notwendigkeit f\u00fcr pr\u00e4ventive Medizin, medizinische Diagnose, Bereitstellung von Gesundheitsversorgung oder -behandlung sowie Verwaltung von Systemen und Gesundheitsdiensten (Artikel 9.2.h DSGVO)<\/p><ul><li><strong>Ausnahme f\u00fcr besondere Kategorien von Daten:<\/strong> Unzul\u00e4ssige Verarbeitung ohne eine der Ausnahmen gem\u00e4\u00df Artikel 9.2 DSGVO<\/li><\/ul><p><strong>Aufbewahrungskriterien der Daten:<\/strong> Gespeichert, solange gesetzliche Vorschriften die Aufbewahrung vorschreiben<br \/><strong>Daten\u00fcbermittlung:<\/strong> Mit ausdr\u00fccklicher Zustimmung des Betroffenen werden Daten an andere Unternehmen der Gruppe und nicht f\u00fcr interne Verwaltungszwecke sowie an andere Gesundheitsfachkr\u00e4fte und Unternehmen weitergegeben, um eine angemessene Dienstleistungserbringung zu gew\u00e4hrleisten. Mit den Dritten, denen Daten zur Verf\u00fcgung gestellt werden k\u00f6nnen, hat der Verantwortliche in den erforderlichen F\u00e4llen entsprechende Auftragsverarbeitungsvertr\u00e4ge abgeschlossen.<\/p><p>Zur Erleichterung der Zahlung durch die Versicherung f\u00fcr die dem Patienten erbrachten Gesundheitsdienstleistungen k\u00f6nnte eine internationale Daten\u00fcbermittlung erforderlich sein, die ebenfalls mit der ausdr\u00fccklichen Zustimmung des Patienten und allen in den geltenden Vorschriften vorgesehenen Garantien erfolgt.<\/p><p><strong>Herkunft der Daten:<\/strong> Der Betroffene selbst oder sein gesetzlicher Vertreter, privates Unternehmen<\/p><p><strong>Datenkategorien:<\/strong><\/p><ul><li>Identifikationsdaten: Ausweis\/ID\/NIE\/Pass, Vor- und Nachname, Post- oder E-Mail-Adresse, Bild, Sozialversicherungsnummer oder Mitgliedschaft, Gesundheitskarte, physische Merkmale<\/li><li>Besondere Kategorien: Gesundheit<\/li><li>Weitere spezifizierte Daten: Pers\u00f6nliche Merkmale (Pers\u00f6nlichkeit oder Verhalten), pers\u00f6nliche Eigenschaften<\/li><\/ul><p><strong>RADIOLOGISCHER VERLAUF<\/strong>: Digitalisierung von Patientenr\u00f6ntgenaufnahmen f\u00fcr Diagnose und Behandlung<br \/><strong>Zwecke der Verarbeitung:<\/strong> Gesundheitsmanagement und -kontrolle, Krankenakte<\/p><p><strong>Rechtm\u00e4\u00dfigkeit der Verarbeitung:<\/strong> Zur Durchf\u00fchrung eines Vertrags oder Vorvertrags mit dem Betroffenen (Artikel 6.1.b DSGVO) aufgrund der Notwendigkeit f\u00fcr pr\u00e4ventive Medizin, medizinische Diagnose, Bereitstellung von Gesundheitsversorgung oder -behandlung sowie Verwaltung von Systemen und Gesundheitsdiensten (Artikel 9.2.h DSGVO)<\/p><ul><li><strong>Ausnahme f\u00fcr besondere Kategorien von Daten:<\/strong> Unzul\u00e4ssige Verarbeitung ohne eine der Ausnahmen gem\u00e4\u00df Artikel 9.2 DSGVO<\/li><\/ul><p><strong>Aufbewahrungskriterien der Daten:<\/strong> Gespeichert, solange wie f\u00fcr den Zweck der Verarbeitung erforderlich oder solange gesetzliche Vorschriften die Aufbewahrung vorschreiben<br \/><strong>Daten\u00fcbermittlung:<\/strong> Mit ausdr\u00fccklicher Zustimmung des Betroffenen werden Daten an andere Unternehmen der Gruppe und nicht f\u00fcr interne Verwaltungszwecke sowie an andere Gesundheitsfachkr\u00e4fte und Unternehmen weitergegeben, um eine angemessene Dienstleistungserbringung zu gew\u00e4hrleisten. Mit den Dritten, denen Daten zur Verf\u00fcgung gestellt werden k\u00f6nnen, hat der Verantwortliche in den erforderlichen F\u00e4llen entsprechende Auftragsverarbeitungsvertr\u00e4ge abgeschlossen.<\/p><p>Zur Erleichterung der Zahlung durch die Versicherung f\u00fcr die dem Patienten erbrachten Gesundheitsdienstleistungen k\u00f6nnte eine internationale Daten\u00fcbermittlung erforderlich sein, die ebenfalls mit der ausdr\u00fccklichen Zustimmung des Patienten und allen in den geltenden Vorschriften vorgesehenen Garantien erfolgt.<\/p><p><strong>Herkunft der Daten:<\/strong> Der Betroffene selbst oder sein gesetzlicher Vertreter, privates Unternehmen<\/p><p><strong>Datenkategorien:<\/strong><\/p><ul><li>Identifikationsdaten: Bild<\/li><li>Besondere Kategorien: Gesundheit<\/li><li>Weitere spezifizierte Daten: Pers\u00f6nliche Merkmale<\/li><\/ul><p><strong>MEDIZINISCHE UNTERSUCHUNGEN<\/strong>: Verwaltung von medizinischen Untersuchungen<\/p><p><strong>Zwecke der Datenverarbeitung:<\/strong> Verwaltung und gesundheitliche Kontrolle, Krankengeschichte<\/p><p><strong>Rechtm\u00e4\u00dfigkeit der Datenverarbeitung:<\/strong> DSGVO Art.:<\/p><p>6.1.b) Verarbeitung ist erforderlich f\u00fcr die Erf\u00fcllung eines Vertrages, dessen Vertragspartei die betroffene Person ist, oder zur Durchf\u00fchrung von vorvertraglichen Ma\u00dfnahmen auf Anfrage dieser Person.<\/p><p>9.2.h) Verarbeitung ist erforderlich f\u00fcr Zwecke der vorbeugenden Medizin, medizinischen Diagnose, Bereitstellung von Gesundheitsdienstleistungen oder -behandlungen sowie Verwaltung von Gesundheitsdiensten und -dienstleistungen.<\/p><ul><li><strong>Ausnahme f\u00fcr besondere Kategorien von Daten:<\/strong> Unrechtm\u00e4\u00dfige Verarbeitung ohne eine der Ausnahmen gem\u00e4\u00df Art. 9.2 DSGVO<\/li><\/ul><p><strong>Aufbewahrungskriterien der Daten:<\/strong> Gespeichert, solange gesetzliche Vorschriften die Aufbewahrung vorschreiben<\/p><p><strong>Daten\u00fcbermittlung:<\/strong> Mit ausdr\u00fccklicher Zustimmung der betroffenen Person werden Daten an andere Unternehmen der Gruppe und nicht f\u00fcr interne Verwaltungszwecke sowie an andere Gesundheitsfachkr\u00e4fte und Unternehmen weitergegeben, um eine angemessene Dienstleistungserbringung zu gew\u00e4hrleisten. Der Verantwortliche hat f\u00fcr die Dritten, an die Daten weitergegeben werden k\u00f6nnen, in den erforderlichen F\u00e4llen entsprechende Auftragsverarbeitungsvertr\u00e4ge abgeschlossen.<\/p><p>Zur Erleichterung der Zahlung der Versicherung f\u00fcr die dem Patienten erbrachten Gesundheitsdienstleistungen k\u00f6nnte eine internationale Daten\u00fcbertragung erforderlich sein, die ebenfalls mit ausdr\u00fccklicher Zustimmung des Patienten und unter Einhaltung aller in der geltenden Rechtsvorschriften vorgesehenen Garantien erfolgen w\u00fcrde.<\/p><p><strong>PSYCHOTECHNISCHE PR\u00dcFUNGEN FAHRERLAUBNIS:<\/strong> Verwaltung der pers\u00f6nlichen Daten der betroffenen Person zur Bearbeitung und Durchf\u00fchrung der f\u00fcr den Erwerb der Fahrerlaubnis erforderlichen psychotechnischen Pr\u00fcfungen und deren anschlie\u00dfende Bewertung<\/p><p><strong>Zwecke der Datenverarbeitung:<\/strong> Verwaltung und gesundheitliche Kontrolle<\/p><p><strong>Rechtm\u00e4\u00dfigkeit der Datenverarbeitung:<\/strong> Zur Erf\u00fcllung eines Vertrages oder Vorvertrages mit der betroffenen Person (Artikel 6.1.b DSGVO) f\u00fcr medizinische Diagnosezwecke, in diesem Fall Bewertung der Eignung des Antragstellers (9.2.h DSGVO).<\/p><ul><li><strong>Ausnahme f\u00fcr besondere Kategorien von Daten:<\/strong> Unrechtm\u00e4\u00dfige Verarbeitung ohne eine der Ausnahmen gem\u00e4\u00df Art. 9.2 DSGVO<\/li><\/ul><p><strong>Aufbewahrungskriterien der Daten:<\/strong> Gespeichert f\u00fcr nicht l\u00e4nger als notwendig, um den Zweck der Verarbeitung zu erf\u00fcllen, oder solange gesetzliche Vorschriften die Aufbewahrung vorschreiben<\/p><p><strong>Daten\u00fcbermittlung:<\/strong> Mit ausdr\u00fccklicher Zustimmung der betroffenen Person werden Daten an andere Unternehmen der Gruppe und nicht f\u00fcr interne Verwaltungszwecke sowie an andere Gesundheitsfachkr\u00e4fte und Unternehmen weitergegeben, um eine angemessene Dienstleistungserbringung zu gew\u00e4hrleisten. Der Verantwortliche hat f\u00fcr die Dritten, an die Daten weitergegeben werden k\u00f6nnen, in den erforderlichen F\u00e4llen entsprechende Auftragsverarbeitungsvertr\u00e4ge abgeschlossen.<\/p><p>Zur Erleichterung der Zahlung der Versicherung f\u00fcr die dem Patienten erbrachten Gesundheitsdienstleistungen k\u00f6nnte eine internationale Daten\u00fcbertragung erforderlich sein, die ebenfalls mit ausdr\u00fccklicher Zustimmung des Patienten und unter Einhaltung aller in der geltenden Rechtsvorschriften vorgesehenen Garantien erfolgen w\u00fcrde.<\/p><p><strong>KRANKENAKT:<\/strong> Verwaltung und Verwaltung von Gesundheitsdaten<\/p><p><strong>Zwecke der Datenverarbeitung:<\/strong> Epidemiologische Forschung und \u00e4hnliche Aktivit\u00e4ten, Verwaltung und gesundheitliche Kontrolle, Krankengeschichte<\/p><p><strong>Rechtm\u00e4\u00dfigkeit der Datenverarbeitung:<\/strong> Zur Erf\u00fcllung eines Vertrages oder Vorvertrages mit der betroffenen Person (Artikel 6.1.b DSGVO)<\/p><ul><li><strong>Ausnahme f\u00fcr besondere Kategorien von Daten:<\/strong> Unrechtm\u00e4\u00dfige Verarbeitung ohne eine der Ausnahmen gem\u00e4\u00df Art. 9.2 DSGVO<\/li><\/ul><p><strong>Aufbewahrungskriterien der Daten:<\/strong> Gespeichert f\u00fcr nicht l\u00e4nger als notwendig, um den Zweck zu erreichen, gespeichert f\u00fcr nicht l\u00e4nger als notwendig, um den Zweck der Verarbeitung zu erf\u00fcllen, oder solange gesetzliche Vorschriften die Aufbewahrung vorschreiben<\/p><p><strong>Daten\u00fcbermittlung:<\/strong> Mit ausdr\u00fccklicher Zustimmung der betroffenen Person werden Daten an andere Unternehmen der Gruppe und nicht f\u00fcr interne Verwaltungszwecke sowie an andere Gesundheitsfachkr\u00e4fte und Unternehmen weitergegeben, um eine angemessene Dienstleistungserbringung zu gew\u00e4hrleisten. Der Verantwortliche hat f\u00fcr die Dritten, an die Daten weitergegeben werden k\u00f6nnen, in den erforderlichen F\u00e4llen entsprechende Auftragsverarbeitungsvertr\u00e4ge abgeschlossen.<\/p><p>Zur Erleichterung der Zahlung der Versicherung f\u00fcr die dem Patienten erbrachten Gesundheitsdienstleistungen k\u00f6nnte eine internationale Daten\u00fcbertragung erforderlich sein, die ebenfalls mit ausdr\u00fccklicher Zustimmung des Patienten und unter Einhaltung aller in der geltenden Rechtsvorschriften vorgesehenen Garantien erfolgen w\u00fcrde.<\/p><p><strong>PSYCHOLOGISCHE GESCHICHTE<\/strong>: Verwaltung und Verwaltung von psychologischen Daten<\/p><p><strong>Zwecke der Datenverarbeitung:<\/strong> Epidemiologische Forschung und \u00e4hnliche Aktivit\u00e4ten, Verwaltung und gesundheitliche Kontrolle, Krankengeschichte<\/p><p><strong>Rechtm\u00e4\u00dfigkeit der Datenverarbeitung:<\/strong> Zur Erf\u00fcllung eines Vertrages oder Vorvertrages mit der betroffenen Person (Artikel 6.1.b DSGVO)<\/p><ul><li><strong>Ausnahme f\u00fcr besondere Kategorien von Daten:<\/strong> Unrechtm\u00e4\u00dfige Verarbeitung ohne eine der Ausnahmen gem\u00e4\u00df Art. 9.2 DSGVO<\/li><\/ul><p><strong>Aufbewahrungskriterien der Daten:<\/strong> Gespeichert f\u00fcr nicht l\u00e4nger als notwendig, um den Zweck zu erreichen, gespeichert f\u00fcr nicht l\u00e4nger als notwendig, um den Zweck der Verarbeitung zu erf\u00fcllen, oder solange gesetzliche Vorschriften die Aufbewahrung vorschreiben<\/p><p><strong>Daten\u00fcbermittlung:<\/strong> Mit ausdr\u00fccklicher Zustimmung der betroffenen Person werden Daten an andere Unternehmen der Gruppe und nicht f\u00fcr interne Verwaltungszwecke sowie an andere Gesundheitsfachkr\u00e4fte und Unternehmen weitergegeben, um eine angemessene Dienstleistungserbringung zu gew\u00e4hrleisten. Der Verantwortliche hat f\u00fcr die Dritten, an die Daten weitergegeben werden k\u00f6nnen, in den erforderlichen F\u00e4llen entsprechende Auftragsverarbeitungsvertr\u00e4ge abgeschlossen.<\/p><p>Zur Erleichterung der Zahlung der Versicherung f\u00fcr die dem Patienten erbrachten Gesundheitsdienstleistungen k\u00f6nnte eine internationale Daten\u00fcbertragung erforderlich sein, die ebenfalls mit ausdr\u00fccklicher Zustimmung des Patienten und unter Einhaltung aller in der geltenden Rechtsvorschriften vorgesehenen Garantien erfolgen w\u00fcrde.<\/p><p><strong>KONTAKTE (GESUNDHEIT)<\/strong>: Kommunikation, Information und Management \u00fcber Produkte und Dienstleistungen. Beinhaltet Webkontakte und soziale Netzwerke mit sensiblen Informationen (Gesundheitsdaten)<\/p><p><strong>Zwecke der Datenverarbeitung:<\/strong> Werbung und kommerzielle Prospektion<\/p><p><strong>Rechtm\u00e4\u00dfigkeit der Datenverarbeitung:<\/strong> Ausdr\u00fcckliche Zustimmung f\u00fcr bestimmte Zwecke (Artikel 6.1.a DSGVO)<\/p><ul><li><strong>Ausnahme f\u00fcr besondere Kategorien von Daten:<\/strong> Unrechtm\u00e4\u00dfige Verarbeitung ohne eine der Ausnahmen gem\u00e4\u00df Art. 9.2 DSGVO<\/li><\/ul><p><strong>Aufbewahrungskriterien der Daten:<\/strong> Gespeichert f\u00fcr nicht l\u00e4nger als notwendig, um den Zweck der Verarbeitung zu erf\u00fcllen, oder solange gesetzliche Vorschriften die Aufbewahrung vorschreiben<\/p><p><strong>Daten\u00fcbermittlung:<\/strong> Mit ausdr\u00fccklicher Zustimmung der betroffenen Person werden Daten an andere Unternehmen der Gruppe und nicht f\u00fcr interne Verwaltungszwecke sowie an andere Gesundheitsfachkr\u00e4fte und Unternehmen weitergegeben, um eine angemessene Dienstleistungserbringung zu gew\u00e4hrleisten. Der Verantwortliche hat f\u00fcr die Dritten, an die Daten weitergegeben werden k\u00f6nnen, in den erforderlichen F\u00e4llen entsprechende Auftragsverarbeitungsvertr\u00e4ge abgeschlossen.<\/p><p>Zur Erleichterung der Zahlung der Versicherung f\u00fcr die dem Patienten erbrachten Gesundheitsdienstleistungen k\u00f6nnte eine internationale Daten\u00fcbertragung erforderlich sein, die ebenfalls mit ausdr\u00fccklicher Zustimmung des Patienten und unter Einhaltung aller in der geltenden Rechtsvorschriften vorgesehenen Garantien erfolgen w\u00fcrde.<\/p><p><strong>RECHTE UND KONTAKTDATEN<\/strong><\/p><p><strong>Rechte der betroffenen Person<\/strong>:<\/p><ul><li>Recht, die Einwilligung jederzeit zu widerrufen, wenn die Verarbeitung auf der Einwilligung der betroffenen Person beruht.<\/li><li>Recht auf Zugang, Berichtigung, Daten\u00fcbertragbarkeit und L\u00f6schung Ihrer Daten sowie auf Einschr\u00e4nkung oder Widerspruch gegen deren Verarbeitung.<\/li><li>Recht, eine Beschwerde bei der Aufsichtsbeh\u00f6rde (www.aepd.es) einzureichen, wenn Sie der Meinung sind, dass die Verarbeitung nicht den geltenden Vorschriften entspricht.<\/li><\/ul><p><strong>Kontaktdaten zur Aus\u00fcbung Ihrer Rechte:<\/strong><\/p><p>POLIKLINIK NTRA. SRA. DEL ROSARIO, S.L.U. V\u00cdA ROMANA, s\/n &#8211; 07800 Eivissa (Illes Balears). E-Mail: <a class=\"o_link_in_selection\" href=\"mailto:dpd@grupopoliclinica.es\">dpd@grupopoliclinica.es<\/a><\/p><ul><li style=\"list-style-type: none;\"><ul><li><strong>Kontaktdaten des Datenschutzbeauftragten: <\/strong><a class=\"o_link_in_selection\" href=\"mailto:dpd@grupopoliclinica.es\">dpd@grupopoliclinica.es<\/a><\/li><\/ul><\/li><\/ul>\t\t\t\t\t\t\t\t<\/div>\n\t\t\t\t<\/div>\n\t\t\t\t\t<\/div>\n\t\t<\/div>\n\t\t\t\t\t<\/div>\n\t\t<\/section>\n\t\t\t\t<\/div>\n\t\t","protected":false},"excerpt":{"rendered":"<p>Informationen \u00fcber die Verarbeitung von personenbezogenen Daten DIE POLIKLINIK UNSERER LIEBEN FRAU VON ROSARIO, S.L.U. ist f\u00fcr die Verarbeitung der personenbezogenen Daten des Betroffenen verantwortlich und informiert Sie, dass diese Daten gem\u00e4\u00df der Verordnung (EU) 2016\/679 vom 27. April (DSGVO) und dem Organischen Gesetz 3\/2018 vom 5. Dezember (LOPDGDD) verarbeitet werden. Daher erhalten Sie die [&hellip;]<\/p>\n","protected":false},"author":2,"featured_media":0,"parent":0,"menu_order":0,"comment_status":"closed","ping_status":"closed","template":"","meta":{"_acf_changed":false,"site-sidebar-layout":"no-sidebar","site-content-layout":"page-builder","ast-site-content-layout":"full-width-container","site-content-style":"default","site-sidebar-style":"default","ast-global-header-display":"","ast-banner-title-visibility":"","ast-main-header-display":"","ast-hfb-above-header-display":"","ast-hfb-below-header-display":"","ast-hfb-mobile-header-display":"","site-post-title":"disabled","ast-breadcrumbs-content":"","ast-featured-img":"disabled","footer-sml-layout":"","ast-disable-related-posts":"","theme-transparent-header-meta":"","adv-header-id-meta":"","stick-header-meta":"","header-above-stick-meta":"","header-main-stick-meta":"","header-below-stick-meta":"","astra-migrate-meta-layouts":"set","ast-page-background-enabled":"default","ast-page-background-meta":{"desktop":{"background-color":"","background-image":"","background-repeat":"repeat","background-position":"center center","background-size":"auto","background-attachment":"scroll","background-type":"","background-media":"","overlay-type":"","overlay-color":"","overlay-opacity":"","overlay-gradient":""},"tablet":{"background-color":"","background-image":"","background-repeat":"repeat","background-position":"center center","background-size":"auto","background-attachment":"scroll","background-type":"","background-media":"","overlay-type":"","overlay-color":"","overlay-opacity":"","overlay-gradient":""},"mobile":{"background-color":"","background-image":"","background-repeat":"repeat","background-position":"center center","background-size":"auto","background-attachment":"scroll","background-type":"","background-media":"","overlay-type":"","overlay-color":"","overlay-opacity":"","overlay-gradient":""}},"ast-content-background-meta":{"desktop":{"background-color":"var(--ast-global-color-5)","background-image":"","background-repeat":"repeat","background-position":"center center","background-size":"auto","background-attachment":"scroll","background-type":"","background-media":"","overlay-type":"","overlay-color":"","overlay-opacity":"","overlay-gradient":""},"tablet":{"background-color":"var(--ast-global-color-5)","background-image":"","background-repeat":"repeat","background-position":"center center","background-size":"auto","background-attachment":"scroll","background-type":"","background-media":"","overlay-type":"","overlay-color":"","overlay-opacity":"","overlay-gradient":""},"mobile":{"background-color":"var(--ast-global-color-5)","background-image":"","background-repeat":"repeat","background-position":"center center","background-size":"auto","background-attachment":"scroll","background-type":"","background-media":"","overlay-type":"","overlay-color":"","overlay-opacity":"","overlay-gradient":""}},"footnotes":""},"class_list":["post-33767","page","type-page","status-publish","hentry"],"acf":[],"featured_image_urls":{},"post_mailing_queue_ids":[],"_links":{"self":[{"href":"https:\/\/www.grupopoliclinica.es\/de\/wp-json\/wp\/v2\/pages\/33767","targetHints":{"allow":["GET"]}}],"collection":[{"href":"https:\/\/www.grupopoliclinica.es\/de\/wp-json\/wp\/v2\/pages"}],"about":[{"href":"https:\/\/www.grupopoliclinica.es\/de\/wp-json\/wp\/v2\/types\/page"}],"author":[{"embeddable":true,"href":"https:\/\/www.grupopoliclinica.es\/de\/wp-json\/wp\/v2\/users\/2"}],"replies":[{"embeddable":true,"href":"https:\/\/www.grupopoliclinica.es\/de\/wp-json\/wp\/v2\/comments?post=33767"}],"version-history":[{"count":3,"href":"https:\/\/www.grupopoliclinica.es\/de\/wp-json\/wp\/v2\/pages\/33767\/revisions"}],"predecessor-version":[{"id":39151,"href":"https:\/\/www.grupopoliclinica.es\/de\/wp-json\/wp\/v2\/pages\/33767\/revisions\/39151"}],"wp:attachment":[{"href":"https:\/\/www.grupopoliclinica.es\/de\/wp-json\/wp\/v2\/media?parent=33767"}],"curies":[{"name":"wp","href":"https:\/\/api.w.org\/{rel}","templated":true}]}}