{"id":33136,"date":"2024-02-06T11:11:12","date_gmt":"2024-02-06T09:11:12","guid":{"rendered":"https:\/\/www.grupopoliclinica.es\/?page_id=33136"},"modified":"2024-04-09T13:36:37","modified_gmt":"2024-04-09T11:36:37","slug":"datenschutzbestimmungen","status":"publish","type":"page","link":"https:\/\/www.grupopoliclinica.es\/de\/datenschutzbestimmungen\/","title":{"rendered":"Datenschutzbestimmungen"},"content":{"rendered":"\t\t<div data-elementor-type=\"wp-page\" data-elementor-id=\"33136\" class=\"elementor elementor-33136 elementor-32592\" data-elementor-post-type=\"page\">\n\t\t\t\t\t\t<section class=\"elementor-section elementor-top-section elementor-element elementor-element-e7c4474 elementor-section-boxed elementor-section-height-default elementor-section-height-default\" data-id=\"e7c4474\" data-element_type=\"section\" data-e-type=\"section\" data-settings=\"{&quot;background_background&quot;:&quot;classic&quot;}\">\n\t\t\t\t\t\t<div class=\"elementor-container elementor-column-gap-no\">\n\t\t\t\t\t<div class=\"elementor-column elementor-col-100 elementor-top-column elementor-element elementor-element-29253bd\" data-id=\"29253bd\" data-element_type=\"column\" data-e-type=\"column\">\n\t\t\t<div class=\"elementor-widget-wrap elementor-element-populated\">\n\t\t\t\t\t\t<div class=\"elementor-element elementor-element-baa6e2e elementor-widget elementor-widget-heading\" data-id=\"baa6e2e\" data-element_type=\"widget\" data-e-type=\"widget\" data-widget_type=\"heading.default\">\n\t\t\t\t<div class=\"elementor-widget-container\">\n\t\t\t\t\t<h1 class=\"elementor-heading-title elementor-size-default\">Datenschutzbestimmungen<\/h1>\t\t\t\t<\/div>\n\t\t\t\t<\/div>\n\t\t\t\t<div class=\"elementor-element elementor-element-6213ede elementor-widget elementor-widget-heading\" data-id=\"6213ede\" data-element_type=\"widget\" data-e-type=\"widget\" data-widget_type=\"heading.default\">\n\t\t\t\t<div class=\"elementor-widget-container\">\n\t\t\t\t\t<h3 class=\"elementor-heading-title elementor-size-medium\">1. BENUTZERINFORMATIONEN<\/h3>\t\t\t\t<\/div>\n\t\t\t\t<\/div>\n\t\t\t\t<div class=\"elementor-element elementor-element-8c6888a elementor-widget elementor-widget-text-editor\" data-id=\"8c6888a\" data-element_type=\"widget\" data-e-type=\"widget\" data-widget_type=\"text-editor.default\">\n\t\t\t\t<div class=\"elementor-widget-container\">\n\t\t\t\t\t\t\t\t\t<p><strong>Wer ist f\u00fcr die Verarbeitung Ihrer personenbezogenen Daten verantwortlich?<\/strong><\/p><p><strong>POLICL\u00cdNICA NTRA. SRA. DEL ROSARIO, S.L.U.<\/strong> ist f\u00fcr die Verarbeitung der personenbezogenen Daten des NUTZERS verantwortlich und informiert Sie dar\u00fcber, dass diese Daten gem\u00e4\u00df der Verordnung (EU) 2016\/679 vom 27. April (DSGVO) und dem Organischen Gesetz 3\/2018 vom 5. Dezember (LOPDGDD) verarbeitet werden.<\/p><p><strong>Zu welchem Zweck verarbeiten wir Ihre personenbezogenen Daten?<\/strong><\/p><ul><li>Zur Aufrechterhaltung einer Gesch\u00e4ftsbeziehung mit dem Nutzer. Die vorgesehenen Operationen zur Durchf\u00fchrung der Verarbeitung sind:<\/li><li>Versand von Werbe-E-Mail, Fax, SMS, MMS, sozialen Netzwerken oder jedem anderen elektronischen oder physischen Medium, aktuell oder zuk\u00fcnftig, das den Versand von Werbekommunikation erm\u00f6glicht. Diese Kommunikationen werden vom VERANTWORTLICHEN durchgef\u00fchrt und beziehen sich auf seine Produkte und Dienstleistungen oder auf seine Partner oder Lieferanten, mit denen er eine Werbevereinbarung getroffen hat. In diesem Fall haben Dritte niemals Zugang zu den personenbezogenen Daten. Durchf\u00fchrung von Marktstudien und statistischen Analysen.<\/li><li>Bearbeitung von Bestellungen, Anfragen, Beantwortung von Anfragen oder jeglicher Art von Anfragen, die vom NUTZER \u00fcber eines der Kontaktformulare auf der Website des VERANTWORTLICHEN gestellt werden.<\/li><li>Versand des Online-Newsletters \u00fcber Neuigkeiten, Angebote und Promotionen in unserer Aktivit\u00e4t.<\/li><\/ul><p><strong>Warum d\u00fcrfen wir Ihre personenbezogenen Daten verarbeiten?<\/strong><\/p><p>Weil die Verarbeitung gem\u00e4\u00df Artikel 6 der DSGVO wie folgt legitimiert ist:<\/p><ul><li>Mit der Zustimmung des NUTZERS: Versand von Werbekommunikation und des Newsletters.<\/li><li>Aus berechtigtem Interesse des VERANTWORTLICHEN: Durchf\u00fchrung von Marktstudien, statistischen Analysen usw. und Bearbeitung von Bestellungen, Anfragen usw. auf Anfrage des NUTZERS.<\/li><\/ul><p><strong>Wie lange speichern wir Ihre personenbezogenen Daten?<\/strong><\/p><p>Sie werden nicht l\u00e4nger aufbewahrt als f\u00fcr die Durchf\u00fchrung des Verarbeitungszwecks erforderlich ist oder gesetzliche Vorschriften ihre Aufbewahrung vorschreiben. Wenn sie nicht mehr erforderlich sind, werden sie mit geeigneten Sicherheitsma\u00dfnahmen gel\u00f6scht, um die Anonymisierung der Daten oder deren vollst\u00e4ndige Zerst\u00f6rung zu gew\u00e4hrleisten.<\/p><p><strong>Wem geben wir Ihre personenbezogenen Daten weiter?<\/strong><\/p><p>Wenn es f\u00fcr die Durchf\u00fchrung und Erf\u00fcllung der Verarbeitungszwecke erforderlich ist, k\u00f6nnen wir die Daten an unsere Dienstleister im Bereich Kommunikation und Informatik weitergeben, mit denen der VERANTWORTLICHE die erforderlichen Vertraulichkeits- und Auftragsverarbeitungsvertr\u00e4ge gem\u00e4\u00df der geltenden Datenschutzgesetzgebung abgeschlossen hat. Die Daten werden auch an andere Unternehmen der Poliklinik-Gruppe (Policl\u00ednica Ntra. Sra. del Rosario, S.L.U., Cl\u00ednica Vilaparc, S.L.U., Eiviconsulta, S.L.U. und Cl\u00ednica Premium Ibiza, S.L.U.) weitergegeben, mit Zustimmung des Nutzers f\u00fcr dieselben Zwecke.<\/p><p><strong>Welche Rechte haben Sie?<\/strong><\/p><p>Die dem NUTZER zustehenden Rechte sind:<\/p><ul><li>Recht, die Einwilligung jederzeit zu widerrufen.<\/li><li>Recht auf Zugang, Berichtigung, \u00dcbertragbarkeit und L\u00f6schung Ihrer Daten sowie auf Einschr\u00e4nkung oder Widerspruch gegen deren Verarbeitung.<\/li><li>Recht, eine Beschwerde bei der Kontrollbeh\u00f6rde (www.aepd.es) einzureichen, wenn Sie der Meinung sind, dass die Verarbeitung gegen geltendes Recht verst\u00f6\u00dft.<\/li><\/ul><p><strong>Kontaktdaten zur Aus\u00fcbung Ihrer Rechte:<\/strong><\/p><p>POLICL\u00cdNICA NTRA. SRA. DEL ROSARIO, S.L.U., V\u00cdA ROMANA, s\/n &#8211; 07800 Eivissa (Illes Balears). E-Mail:<\/p><p><a href=\"mailto:dpd@grupopoliclinica.es\">dpd@grupopoliclinica.es<\/a>. <strong>Kontaktdaten des Datenschutzbeauftragten:<\/strong> <a href=\"mailto:dpd@grupopoliclinica.es\">dpd@grupopoliclinica.es<\/a><\/p>\t\t\t\t\t\t\t\t<\/div>\n\t\t\t\t<\/div>\n\t\t\t\t<div class=\"elementor-element elementor-element-a22e409 elementor-widget elementor-widget-heading\" data-id=\"a22e409\" data-element_type=\"widget\" data-e-type=\"widget\" data-widget_type=\"heading.default\">\n\t\t\t\t<div class=\"elementor-widget-container\">\n\t\t\t\t\t<h3 class=\"elementor-heading-title elementor-size-medium\">2. OBLIGATORISCHER ODER FAKULTATIVER CHARAKTER DER VOM NUTZER BEREITGESTELLTEN INFORMATIONEN<\/h3>\t\t\t\t<\/div>\n\t\t\t\t<\/div>\n\t\t\t\t<div class=\"elementor-element elementor-element-7258a0b elementor-widget elementor-widget-text-editor\" data-id=\"7258a0b\" data-element_type=\"widget\" data-e-type=\"widget\" data-widget_type=\"text-editor.default\">\n\t\t\t\t<div class=\"elementor-widget-container\">\n\t\t\t\t\t\t\t\t\t<p>Die BENUTZER erkl\u00e4ren sich durch Ankreuzen der entsprechenden K\u00e4stchen und Eingabe von Daten in die mit einem Sternchen (*) gekennzeichneten Felder im Kontaktformular oder in den Download-Formularen ausdr\u00fccklich und unmissverst\u00e4ndlich damit einverstanden, dass ihre Daten f\u00fcr den ANBIETER erforderlich sind, um ihre Anfrage zu erf\u00fcllen, indem sie ihre Daten freiwillig in die \u00fcbrigen Felder eintragen. Der BENUTZER versichert, dass die dem BETREIBER zur Verf\u00fcgung gestellten pers\u00f6nlichen Daten der Wahrheit entsprechen und ist daf\u00fcr verantwortlich, etwaige \u00c4nderungen dieser Daten mitzuteilen.<\/p><p>Der BETREIBER weist darauf hin, dass alle \u00fcber die Website angeforderten Daten obligatorisch sind, da sie f\u00fcr die Erbringung einer optimalen Dienstleistung f\u00fcr den BENUTZER erforderlich sind. Falls nicht alle Daten zur Verf\u00fcgung gestellt werden, kann nicht garantiert werden, dass die bereitgestellten Informationen und Dienstleistungen vollst\u00e4ndig an die Bed\u00fcrfnisse des Nutzers angepasst werden.<\/p>\t\t\t\t\t\t\t\t<\/div>\n\t\t\t\t<\/div>\n\t\t\t\t<div class=\"elementor-element elementor-element-97ecf08 elementor-widget elementor-widget-heading\" data-id=\"97ecf08\" data-element_type=\"widget\" data-e-type=\"widget\" data-widget_type=\"heading.default\">\n\t\t\t\t<div class=\"elementor-widget-container\">\n\t\t\t\t\t<h3 class=\"elementor-heading-title elementor-size-medium\">3. SICHERHEITSMASSNAHMEN<\/h3>\t\t\t\t<\/div>\n\t\t\t\t<\/div>\n\t\t\t\t<div class=\"elementor-element elementor-element-102009e elementor-widget elementor-widget-text-editor\" data-id=\"102009e\" data-element_type=\"widget\" data-e-type=\"widget\" data-widget_type=\"text-editor.default\">\n\t\t\t\t<div class=\"elementor-widget-container\">\n\t\t\t\t\t\t\t\t\t<p>Dass der AUFTRAGGEBER in \u00dcbereinstimmung mit den Bestimmungen der geltenden Vorschriften zum Schutz personenbezogener Daten alle Bestimmungen der DSGVO und der LOPDGDD f\u00fcr die Verarbeitung der personenbezogenen Daten, f\u00fcr die er verantwortlich ist, einh\u00e4lt und die in Artikel 5 der DSGVO beschriebenen Grunds\u00e4tze offensichtlich einh\u00e4lt, wonach die Daten auf rechtm\u00e4\u00dfige, faire und transparente Weise in Bezug auf die betroffene Person sowie angemessen, sachdienlich und auf das f\u00fcr die Zwecke, f\u00fcr die sie verarbeitet werden, erforderliche Ma\u00df beschr\u00e4nkt verarbeitet werden.<\/p><p>Der VERANTWORTLICHE garantiert, dass alle geeigneten technischen und organisatorischen Ma\u00dfnahmen ergriffen wurden, um die von der DSGVO und der LOPDGDD festgelegten Sicherheitsma\u00dfnahmen anzuwenden, um die Rechte und Freiheiten der BENUTZER zu sch\u00fctzen, und hat ihnen die entsprechenden Informationen \u00fcbermittelt, damit sie diese aus\u00fcben k\u00f6nnen.<\/p><p>F\u00fcr weitere Informationen \u00fcber die Datenschutzgarantien k\u00f6nnen Sie den BETREIBER \u00fcber POLICL\u00cdNICA NTRA. SRA. DEL ROSARIO, S.L.U.. V\u00cdA ROMANA, s\/n &#8211; 07800 Eivissa (Illes Balears). E-Mail: <a href=\"mailto:dpd@grupopoliclinica.es\">dpd@grupopoliclinica.es<\/a> Kontaktangaben des Datenschutzbeauftragten: <a href=\"mailto:dpd@grupopoliclinica.es\">dpd@grupopoliclinica.es<\/a><\/p>\t\t\t\t\t\t\t\t<\/div>\n\t\t\t\t<\/div>\n\t\t\t\t\t<\/div>\n\t\t<\/div>\n\t\t\t\t\t<\/div>\n\t\t<\/section>\n\t\t\t\t<\/div>\n\t\t","protected":false},"excerpt":{"rendered":"<p>Datenschutzbestimmungen 1. BENUTZERINFORMATIONEN Wer ist f\u00fcr die Verarbeitung Ihrer personenbezogenen Daten verantwortlich? POLICL\u00cdNICA NTRA. SRA. DEL ROSARIO, S.L.U. ist f\u00fcr die Verarbeitung der personenbezogenen Daten des NUTZERS verantwortlich und informiert Sie dar\u00fcber, dass diese Daten gem\u00e4\u00df der Verordnung (EU) 2016\/679 vom 27. April (DSGVO) und dem Organischen Gesetz 3\/2018 vom 5. Dezember (LOPDGDD) verarbeitet werden. [&hellip;]<\/p>\n","protected":false},"author":2,"featured_media":0,"parent":0,"menu_order":0,"comment_status":"closed","ping_status":"closed","template":"","meta":{"_acf_changed":false,"site-sidebar-layout":"no-sidebar","site-content-layout":"page-builder","ast-site-content-layout":"full-width-container","site-content-style":"default","site-sidebar-style":"default","ast-global-header-display":"","ast-banner-title-visibility":"","ast-main-header-display":"","ast-hfb-above-header-display":"","ast-hfb-below-header-display":"","ast-hfb-mobile-header-display":"","site-post-title":"disabled","ast-breadcrumbs-content":"","ast-featured-img":"disabled","footer-sml-layout":"","ast-disable-related-posts":"","theme-transparent-header-meta":"","adv-header-id-meta":"","stick-header-meta":"","header-above-stick-meta":"","header-main-stick-meta":"","header-below-stick-meta":"","astra-migrate-meta-layouts":"set","ast-page-background-enabled":"default","ast-page-background-meta":{"desktop":{"background-color":"","background-image":"","background-repeat":"repeat","background-position":"center center","background-size":"auto","background-attachment":"scroll","background-type":"","background-media":"","overlay-type":"","overlay-color":"","overlay-opacity":"","overlay-gradient":""},"tablet":{"background-color":"","background-image":"","background-repeat":"repeat","background-position":"center center","background-size":"auto","background-attachment":"scroll","background-type":"","background-media":"","overlay-type":"","overlay-color":"","overlay-opacity":"","overlay-gradient":""},"mobile":{"background-color":"","background-image":"","background-repeat":"repeat","background-position":"center center","background-size":"auto","background-attachment":"scroll","background-type":"","background-media":"","overlay-type":"","overlay-color":"","overlay-opacity":"","overlay-gradient":""}},"ast-content-background-meta":{"desktop":{"background-color":"var(--ast-global-color-5)","background-image":"","background-repeat":"repeat","background-position":"center center","background-size":"auto","background-attachment":"scroll","background-type":"","background-media":"","overlay-type":"","overlay-color":"","overlay-opacity":"","overlay-gradient":""},"tablet":{"background-color":"var(--ast-global-color-5)","background-image":"","background-repeat":"repeat","background-position":"center center","background-size":"auto","background-attachment":"scroll","background-type":"","background-media":"","overlay-type":"","overlay-color":"","overlay-opacity":"","overlay-gradient":""},"mobile":{"background-color":"var(--ast-global-color-5)","background-image":"","background-repeat":"repeat","background-position":"center center","background-size":"auto","background-attachment":"scroll","background-type":"","background-media":"","overlay-type":"","overlay-color":"","overlay-opacity":"","overlay-gradient":""}},"footnotes":""},"class_list":["post-33136","page","type-page","status-publish","hentry"],"acf":[],"featured_image_urls":{},"post_mailing_queue_ids":[],"_links":{"self":[{"href":"https:\/\/www.grupopoliclinica.es\/de\/wp-json\/wp\/v2\/pages\/33136","targetHints":{"allow":["GET"]}}],"collection":[{"href":"https:\/\/www.grupopoliclinica.es\/de\/wp-json\/wp\/v2\/pages"}],"about":[{"href":"https:\/\/www.grupopoliclinica.es\/de\/wp-json\/wp\/v2\/types\/page"}],"author":[{"embeddable":true,"href":"https:\/\/www.grupopoliclinica.es\/de\/wp-json\/wp\/v2\/users\/2"}],"replies":[{"embeddable":true,"href":"https:\/\/www.grupopoliclinica.es\/de\/wp-json\/wp\/v2\/comments?post=33136"}],"version-history":[{"count":0,"href":"https:\/\/www.grupopoliclinica.es\/de\/wp-json\/wp\/v2\/pages\/33136\/revisions"}],"wp:attachment":[{"href":"https:\/\/www.grupopoliclinica.es\/de\/wp-json\/wp\/v2\/media?parent=33136"}],"curies":[{"name":"wp","href":"https:\/\/api.w.org\/{rel}","templated":true}]}}