{"id":22625,"date":"2021-05-20T10:02:22","date_gmt":"2021-05-20T08:02:22","guid":{"rendered":"https:\/\/www.grupopoliclinica.es\/mas-consultas-nuevos-servicios-2\/"},"modified":"2023-11-28T12:32:59","modified_gmt":"2023-11-28T10:32:59","slug":"mas-consultas-nuevos-servicios-2","status":"publish","type":"page","link":"https:\/\/www.grupopoliclinica.es\/de\/mas-consultas-nuevos-servicios-2\/","title":{"rendered":"WEITERE FACHBEREICHE, NEUE LEISTUNGEN"},"content":{"rendered":"<p><strong>WEITERE FACHBEREICHE, NEUE LEISTUNGEN<\/strong><\/p>\n<p>IBIZA, den 24 September 2014<\/p>\n<p>\u00a0<strong>Die Abteilung f\u00fcr Endokrinologie und Ern\u00e4hrungswissenschaft wurde wegen der steigenden Nachfrage in diesem Bereich erweitert.<\/strong><\/p>\n<p>\u00a0Am vergangenen 12. September wurde der Fachbereich f\u00fcr <strong>Endokrinologie und Ern\u00e4hrungswissenschaft<\/strong> mit der Einstellung einer zus\u00e4tzlichen Fachkraft erweitert. Den Endokrinologen Eladio Losada (Facharzt f\u00fcr Endokrinologie des Krankenhauses \u201eVall d\u2018Hebron (Barcelona) unterst\u00fctzt nun Dr. Marivi Velasco Cano (Fach\u00e4rztin f\u00fcr Endokrinologie des Krankenhauses \u201eSan Carlos de Madrid\u201c.<\/p>\n<p><strong>Einige Krankheiten, wie z. B. Diabetes, breiten sich in der Bev\u00f6lkerung immer mehr aus und lassen Endokrinologen und Ern\u00e4hrungswissenschaftler immer wichtiger werden.<\/strong><\/p>\n<p>Man hat berechnet, dass im Jahr 2020 mehr als ein Drittel der Weltbev\u00f6lkerung an Diabetes leidet, f\u00fcr die die Lebensumst\u00e4nde, die Ern\u00e4hrung oder \u00dcbergewicht direkte Ursachen sind.<\/p>\n<p>Diese Fachabteilung behandelt Diabetes und andere Krankheiten, wie:<\/p>\n<ul>\n<li>Schilddr\u00fcsenerkrankungen: Schilddr\u00fcsen\u00fcber-\/-unterfunktion, Schilddr\u00fcsenknoten, Schilddr\u00fcsenkrebs &#8230;<\/li>\n<li>Ern\u00e4hrungswissenschaft: \u00dcbergewicht, Obesit\u00e4t, Mangelern\u00e4hrung usw.<\/li>\n<li>Andere, weniger h\u00e4ufig vorkommende Erkrankungen sind: Hormon\u00e4nderungen, Wachstums- oder Entwicklungsprobleme, Nebennierentumore usw.<\/li>\n<li>Bei Schwangerschaften treten auch vermehrt Schwangerschaftsdiabetes und Schilddr\u00fcsenunterfunktionen auf.<\/li>\n<\/ul>\n<p><strong>Au\u00dferdem hat die neue Fachabteilung \u201eRheumatologie\u201c der Poliklinik ihr Startdatum erhalten: es ist der 4. Oktober.<\/strong><\/p>\n<p><strong>\u00a0<\/strong>Dr. Jorge Juan Gonz\u00e1lez Martin (Facharzt f\u00fcr Rheumatologie durch die Stiftung Jim\u00e9nez D\u00edaz, Madrid) wird der Leiter f\u00fcr die Behandlung von Erkrankungen des Bewegungsapparats (Sehnenscheidenentz\u00fcndungen, Gelenkrheumatismus, Psoriasisarthritis, Spondylitis, Gicht usw.), Bindegewebe und systemische Erkrankungen (Lupus, Dermatosklerose, Sjogren, Uveitis usw &#8230; und des Knochenbaus (Ostheoporosis, Paget usw.).<\/p>\n<p>Muskel-\/Skeletterkrankungen treten in der Bev\u00f6lkerung sehr h\u00e4ufig auf (man hat berechnet, dass in Spanien etwa 10 Millionen Menschen darunter leiden, was 22,6% der Gesamtbev\u00f6lkerung ausmacht), wodurch diese chronischen Leiden zu den h\u00e4ufigsten z\u00e4hlen.<\/p>\n<p><strong>Die Vorbeugung und Fr\u00fcherkennung ist eine Voraussetzung f\u00fcr eine rechtzeitige Bewertung durch einen Rheumatologen, um eine angemessene und fr\u00fchzeitige Behandlung zu erhalten.<\/strong><\/p>\n","protected":false},"excerpt":{"rendered":"<p>WEITERE FACHBEREICHE, NEUE LEISTUNGEN IBIZA, den 24 September 2014 \u00a0Die Abteilung f\u00fcr Endokrinologie und Ern\u00e4hrungswissenschaft wurde wegen der steigenden Nachfrage in diesem Bereich erweitert. \u00a0Am vergangenen 12. September wurde der Fachbereich f\u00fcr Endokrinologie und Ern\u00e4hrungswissenschaft mit der Einstellung einer zus\u00e4tzlichen Fachkraft erweitert. Den Endokrinologen Eladio Losada (Facharzt f\u00fcr Endokrinologie des Krankenhauses \u201eVall d\u2018Hebron (Barcelona) unterst\u00fctzt [&hellip;]<\/p>\n","protected":false},"author":2,"featured_media":0,"parent":0,"menu_order":0,"comment_status":"closed","ping_status":"closed","template":"","meta":{"_acf_changed":false,"site-sidebar-layout":"default","site-content-layout":"default","ast-site-content-layout":"default","site-content-style":"default","site-sidebar-style":"default","ast-global-header-display":"","ast-banner-title-visibility":"","ast-main-header-display":"","ast-hfb-above-header-display":"","ast-hfb-below-header-display":"","ast-hfb-mobile-header-display":"","site-post-title":"","ast-breadcrumbs-content":"","ast-featured-img":"","footer-sml-layout":"","ast-disable-related-posts":"","theme-transparent-header-meta":"default","adv-header-id-meta":"","stick-header-meta":"","header-above-stick-meta":"","header-main-stick-meta":"","header-below-stick-meta":"","astra-migrate-meta-layouts":"set","ast-page-background-enabled":"default","ast-page-background-meta":{"desktop":{"background-color":"","background-image":"","background-repeat":"repeat","background-position":"center center","background-size":"auto","background-attachment":"scroll","background-type":"","background-media":"","overlay-type":"","overlay-color":"","overlay-opacity":"","overlay-gradient":""},"tablet":{"background-color":"","background-image":"","background-repeat":"repeat","background-position":"center center","background-size":"auto","background-attachment":"scroll","background-type":"","background-media":"","overlay-type":"","overlay-color":"","overlay-opacity":"","overlay-gradient":""},"mobile":{"background-color":"","background-image":"","background-repeat":"repeat","background-position":"center center","background-size":"auto","background-attachment":"scroll","background-type":"","background-media":"","overlay-type":"","overlay-color":"","overlay-opacity":"","overlay-gradient":""}},"ast-content-background-meta":{"desktop":{"background-color":"var(--ast-global-color-5)","background-image":"","background-repeat":"repeat","background-position":"center center","background-size":"auto","background-attachment":"scroll","background-type":"","background-media":"","overlay-type":"","overlay-color":"","overlay-opacity":"","overlay-gradient":""},"tablet":{"background-color":"var(--ast-global-color-5)","background-image":"","background-repeat":"repeat","background-position":"center center","background-size":"auto","background-attachment":"scroll","background-type":"","background-media":"","overlay-type":"","overlay-color":"","overlay-opacity":"","overlay-gradient":""},"mobile":{"background-color":"var(--ast-global-color-5)","background-image":"","background-repeat":"repeat","background-position":"center center","background-size":"auto","background-attachment":"scroll","background-type":"","background-media":"","overlay-type":"","overlay-color":"","overlay-opacity":"","overlay-gradient":""}},"footnotes":""},"class_list":["post-22625","page","type-page","status-publish","hentry"],"acf":[],"featured_image_urls":{},"post_mailing_queue_ids":[],"_links":{"self":[{"href":"https:\/\/www.grupopoliclinica.es\/de\/wp-json\/wp\/v2\/pages\/22625","targetHints":{"allow":["GET"]}}],"collection":[{"href":"https:\/\/www.grupopoliclinica.es\/de\/wp-json\/wp\/v2\/pages"}],"about":[{"href":"https:\/\/www.grupopoliclinica.es\/de\/wp-json\/wp\/v2\/types\/page"}],"author":[{"embeddable":true,"href":"https:\/\/www.grupopoliclinica.es\/de\/wp-json\/wp\/v2\/users\/2"}],"replies":[{"embeddable":true,"href":"https:\/\/www.grupopoliclinica.es\/de\/wp-json\/wp\/v2\/comments?post=22625"}],"version-history":[{"count":0,"href":"https:\/\/www.grupopoliclinica.es\/de\/wp-json\/wp\/v2\/pages\/22625\/revisions"}],"wp:attachment":[{"href":"https:\/\/www.grupopoliclinica.es\/de\/wp-json\/wp\/v2\/media?parent=22625"}],"curies":[{"name":"wp","href":"https:\/\/api.w.org\/{rel}","templated":true}]}}