{"id":15628,"date":"2017-07-11T11:15:26","date_gmt":"2017-07-11T09:15:26","guid":{"rendered":"https:\/\/www.grupopoliclinica.es\/blog-ginecologia-obstetricia\/"},"modified":"2025-11-26T07:25:44","modified_gmt":"2025-11-26T06:25:44","slug":"blog-ginecologia-obstetricia","status":"publish","type":"page","link":"https:\/\/www.grupopoliclinica.es\/de\/blog\/","title":{"rendered":"Blog"},"content":{"rendered":"\t\t<div data-elementor-type=\"wp-page\" data-elementor-id=\"15628\" class=\"elementor elementor-15628 elementor-6196\" data-elementor-post-type=\"page\">\n\t\t\t\t\t\t<section class=\"elementor-section elementor-top-section elementor-element elementor-element-fad6c85 elementor-section-boxed elementor-section-height-default elementor-section-height-default\" data-id=\"fad6c85\" data-element_type=\"section\" data-e-type=\"section\" data-settings=\"{&quot;background_background&quot;:&quot;classic&quot;}\">\n\t\t\t\t\t\t<div class=\"elementor-container elementor-column-gap-no\">\n\t\t\t\t\t<div class=\"elementor-column elementor-col-100 elementor-top-column elementor-element elementor-element-4f1a072\" data-id=\"4f1a072\" data-element_type=\"column\" data-e-type=\"column\">\n\t\t\t<div class=\"elementor-widget-wrap elementor-element-populated\">\n\t\t\t\t\t\t<div class=\"elementor-element elementor-element-c46d2dc elementor-widget elementor-widget-heading\" data-id=\"c46d2dc\" data-element_type=\"widget\" data-e-type=\"widget\" data-widget_type=\"heading.default\">\n\t\t\t\t<div class=\"elementor-widget-container\">\n\t\t\t\t\t<h1 class=\"elementor-heading-title elementor-size-default\">Blog<\/h1>\t\t\t\t<\/div>\n\t\t\t\t<\/div>\n\t\t\t\t<div class=\"elementor-element elementor-element-a4aadf8 elementor-hidden-mobile elementor-widget elementor-widget-image\" data-id=\"a4aadf8\" data-element_type=\"widget\" data-e-type=\"widget\" data-widget_type=\"image.default\">\n\t\t\t\t<div class=\"elementor-widget-container\">\n\t\t\t\t\t\t\t\t\t\t\t\t\t\t\t<img fetchpriority=\"high\" decoding=\"async\" width=\"2000\" height=\"1333\" src=\"https:\/\/www.grupopoliclinica.es\/wp-content\/uploads\/working-desk-of-doctor-1.webp\" class=\"attachment-full size-full wp-image-36511\" alt=\"\" srcset=\"https:\/\/www.grupopoliclinica.es\/wp-content\/uploads\/working-desk-of-doctor-1.webp 2000w, https:\/\/www.grupopoliclinica.es\/wp-content\/uploads\/working-desk-of-doctor-1-300x200.webp 300w, https:\/\/www.grupopoliclinica.es\/wp-content\/uploads\/working-desk-of-doctor-1-1024x682.webp 1024w, https:\/\/www.grupopoliclinica.es\/wp-content\/uploads\/working-desk-of-doctor-1-768x512.webp 768w, https:\/\/www.grupopoliclinica.es\/wp-content\/uploads\/working-desk-of-doctor-1-1536x1024.webp 1536w, https:\/\/www.grupopoliclinica.es\/wp-content\/uploads\/working-desk-of-doctor-1-600x400.webp 600w\" sizes=\"(max-width: 2000px) 100vw, 2000px\" title=\"\">\t\t\t\t\t\t\t\t\t\t\t\t\t\t\t<\/div>\n\t\t\t\t<\/div>\n\t\t\t\t\t<\/div>\n\t\t<\/div>\n\t\t\t\t\t<\/div>\n\t\t<\/section>\n\t\t\t\t<section class=\"elementor-section elementor-top-section elementor-element elementor-element-72cd2e9 elementor-section-boxed elementor-section-height-default elementor-section-height-default\" data-id=\"72cd2e9\" data-element_type=\"section\" data-e-type=\"section\">\n\t\t\t\t\t\t<div class=\"elementor-container elementor-column-gap-default\">\n\t\t\t\t\t<div class=\"elementor-column elementor-col-100 elementor-top-column elementor-element elementor-element-63f7a67\" data-id=\"63f7a67\" data-element_type=\"column\" data-e-type=\"column\">\n\t\t\t<div class=\"elementor-widget-wrap elementor-element-populated\">\n\t\t\t\t\t\t<div class=\"elementor-element elementor-element-5fd2089 elementor-widget elementor-widget-spacer\" data-id=\"5fd2089\" data-element_type=\"widget\" data-e-type=\"widget\" data-widget_type=\"spacer.default\">\n\t\t\t\t<div class=\"elementor-widget-container\">\n\t\t\t\t\t\t\t<div class=\"elementor-spacer\">\n\t\t\t<div class=\"elementor-spacer-inner\"><\/div>\n\t\t<\/div>\n\t\t\t\t\t\t<\/div>\n\t\t\t\t<\/div>\n\t\t\t\t\t<\/div>\n\t\t<\/div>\n\t\t\t\t\t<\/div>\n\t\t<\/section>\n\t\t\t\t<section class=\"elementor-section elementor-top-section elementor-element elementor-element-aeb8a73 elementor-section-boxed elementor-section-height-default elementor-section-height-default\" data-id=\"aeb8a73\" data-element_type=\"section\" data-e-type=\"section\">\n\t\t\t\t\t\t<div class=\"elementor-container elementor-column-gap-default\">\n\t\t\t\t\t<div class=\"elementor-column elementor-col-100 elementor-top-column elementor-element elementor-element-4fbaa31\" data-id=\"4fbaa31\" data-element_type=\"column\" data-e-type=\"column\">\n\t\t\t<div class=\"elementor-widget-wrap elementor-element-populated\">\n\t\t\t\t\t\t<div class=\"elementor-element elementor-element-9b9615d elementor-widget elementor-widget-text-editor\" data-id=\"9b9615d\" data-element_type=\"widget\" data-e-type=\"widget\" data-widget_type=\"text-editor.default\">\n\t\t\t\t<div class=\"elementor-widget-container\">\n\t\t\t\t\t\t\t\t\t<h3>Willkommen im Blog der Policlinica-Gruppe<\/h3>\t\t\t\t\t\t\t\t<\/div>\n\t\t\t\t<\/div>\n\t\t\t\t<div class=\"elementor-element elementor-element-ac4d2f5 elementor-widget elementor-widget-text-editor\" data-id=\"ac4d2f5\" data-element_type=\"widget\" data-e-type=\"widget\" data-widget_type=\"text-editor.default\">\n\t\t\t\t<div class=\"elementor-widget-container\">\n\t\t\t\t\t\t\t\t\t<p style=\"text-align: justify;\">In diesem Blog wird unser Team Inhalte und relevante Informationen zu den Themen teilen, mit dem Ziel, dir n\u00fctzliche und leicht verst\u00e4ndliche Ressourcen bereitzustellen. Au\u00dferdem laden wir dich ein, uns deine Fragen, Anliegen oder Vorschl\u00e4ge zu den Themen zu schicken, die du gerne hier behandelt sehen w\u00fcrdest.<\/p>\t\t\t\t\t\t\t\t<\/div>\n\t\t\t\t<\/div>\n\t\t\t\t<div class=\"elementor-element elementor-element-f47d6c1 elementor-widget elementor-widget-spacer\" data-id=\"f47d6c1\" data-element_type=\"widget\" data-e-type=\"widget\" data-widget_type=\"spacer.default\">\n\t\t\t\t<div class=\"elementor-widget-container\">\n\t\t\t\t\t\t\t<div class=\"elementor-spacer\">\n\t\t\t<div class=\"elementor-spacer-inner\"><\/div>\n\t\t<\/div>\n\t\t\t\t\t\t<\/div>\n\t\t\t\t<\/div>\n\t\t\t\t\t<\/div>\n\t\t<\/div>\n\t\t\t\t\t<\/div>\n\t\t<\/section>\n\t\t\t\t<section class=\"elementor-section elementor-top-section elementor-element elementor-element-23f4ff5 elementor-section-boxed elementor-section-height-default elementor-section-height-default\" data-id=\"23f4ff5\" data-element_type=\"section\" data-e-type=\"section\" data-settings=\"{&quot;background_background&quot;:&quot;classic&quot;}\">\n\t\t\t\t\t\t<div class=\"elementor-container elementor-column-gap-no\">\n\t\t\t\t\t<div class=\"elementor-column elementor-col-100 elementor-top-column elementor-element elementor-element-470d3b7\" data-id=\"470d3b7\" data-element_type=\"column\" data-e-type=\"column\">\n\t\t\t<div class=\"elementor-widget-wrap elementor-element-populated\">\n\t\t\t\t\t\t\t<\/div>\n\t\t<\/div>\n\t\t\t\t\t<\/div>\n\t\t<\/section>\n\t\t\t\t<section class=\"elementor-section elementor-top-section elementor-element elementor-element-e0b67d5 elementor-section-boxed elementor-section-height-default elementor-section-height-default\" data-id=\"e0b67d5\" data-element_type=\"section\" data-e-type=\"section\" data-settings=\"{&quot;background_background&quot;:&quot;classic&quot;}\">\n\t\t\t\t\t\t<div class=\"elementor-container elementor-column-gap-no\">\n\t\t\t\t\t<div class=\"elementor-column elementor-col-100 elementor-top-column elementor-element elementor-element-0035bd7\" data-id=\"0035bd7\" data-element_type=\"column\" data-e-type=\"column\">\n\t\t\t<div class=\"elementor-widget-wrap elementor-element-populated\">\n\t\t\t\t\t\t<div class=\"elementor-element elementor-element-6fc237c elementor-widget elementor-widget-heading\" data-id=\"6fc237c\" data-element_type=\"widget\" data-e-type=\"widget\" data-widget_type=\"heading.default\">\n\t\t\t\t<div class=\"elementor-widget-container\">\n\t\t\t\t\t<h2 class=\"elementor-heading-title elementor-size-default\">Subscribe to blog<\/h2>\t\t\t\t<\/div>\n\t\t\t\t<\/div>\n\t\t\t\t<div class=\"elementor-element elementor-element-77e09c3 elementor-widget elementor-widget-text-editor\" data-id=\"77e09c3\" data-element_type=\"widget\" data-e-type=\"widget\" data-widget_type=\"text-editor.default\">\n\t\t\t\t<div class=\"elementor-widget-container\">\n\t\t\t\t\t\t\t\t\t<p>Enter your email to subscribe to this blog and receive notifications of new entries.<\/p>\t\t\t\t\t\t\t\t<\/div>\n\t\t\t\t<\/div>\n\t\t\t\t<div class=\"elementor-element elementor-element-c122248 elementor-widget elementor-widget-shortcode\" data-id=\"c122248\" data-element_type=\"widget\" data-e-type=\"widget\" data-widget_type=\"shortcode.default\">\n\t\t\t\t<div class=\"elementor-widget-container\">\n\t\t\t\t\t\t\t<div class=\"elementor-shortcode\"><div class=\"emaillist\" id=\"es_form_f0-n1\"><form action=\"\/de\/wp-json\/wp\/v2\/pages\/15628#es_form_f0-n1\" method=\"post\" class=\"es_subscription_form es_shortcode_form  es_ajax_subscription_form\" id=\"es_subscription_form_69ebf1913f939\" data-source=\"ig-es\" data-form-id=\"0\"><div class=\"es-field-wrap\"><label>Name<br \/><input type=\"text\" name=\"esfpx_name\" class=\"ig_es_form_field_name\" placeholder=\"\" value=\"\" \/><\/label><\/div><div class=\"es-field-wrap ig-es-form-field\"><label class=\"es-field-label\">E-Mail*<br \/><input class=\"es_required_field es_txt_email ig_es_form_field_email ig-es-form-input\" type=\"email\" name=\"esfpx_email\" value=\"\" placeholder=\"\" required=\"required\" \/><\/label><\/div><input type=\"hidden\" name=\"esfpx_lists[]\" value=\"92676f240da0\" \/><input type=\"hidden\" name=\"esfpx_form_id\" value=\"0\" \/><input type=\"hidden\" name=\"es\" value=\"subscribe\" \/>\n\t\t\t<input type=\"hidden\" name=\"esfpx_es_form_identifier\" value=\"f0-n1\" \/>\n\t\t\t<input type=\"hidden\" name=\"esfpx_es_email_page\" value=\"15628\" \/>\n\t\t\t<input type=\"hidden\" name=\"esfpx_es_email_page_url\" value=\"https:\/\/www.grupopoliclinica.es\/de\/blog\/\" \/>\n\t\t\t<input type=\"hidden\" name=\"esfpx_status\" value=\"Unconfirmed\" \/>\n\t\t\t<input type=\"hidden\" name=\"esfpx_es-subscribe\" id=\"es-subscribe-69ebf1913f939\" value=\"310c61b469\" \/>\n\t\t\t<label style=\"position:absolute;top:-99999px;left:-99999px;z-index:-99;\" aria-hidden=\"true\"><span hidden>Bitte lasse dieses Feld leer.<\/span><input type=\"email\" name=\"esfpx_es_hp_email\" class=\"es_required_field\" tabindex=\"-1\" autocomplete=\"-1\" value=\"\" \/><\/label><input type=\"submit\" name=\"submit\" class=\"es_subscription_form_submit es_submit_button es_textbox_button\" id=\"es_subscription_form_submit_69ebf1913f939\" value=\"Abonnieren\" \/><span class=\"es_spinner_image\" id=\"spinner-image\"><img decoding=\"async\" src=\"https:\/\/www.grupopoliclinica.es\/wp-content\/plugins\/email-subscribers\/lite\/public\/images\/spinner.gif\" alt=\"Loading\" title=\"\"><\/span><\/form><span class=\"es_subscription_message \" id=\"es_subscription_message_69ebf1913f939\" role=\"alert\" aria-live=\"assertive\"><\/span><\/div><\/div>\n\t\t\t\t\t\t<\/div>\n\t\t\t\t<\/div>\n\t\t\t\t\t<\/div>\n\t\t<\/div>\n\t\t\t\t\t<\/div>\n\t\t<\/section>\n\t\t\t\t<\/div>\n\t\t","protected":false},"excerpt":{"rendered":"<p>Blog Willkommen im Blog der Policlinica-Gruppe In diesem Blog wird unser Team Inhalte und relevante Informationen zu den Themen teilen, mit dem Ziel, dir n\u00fctzliche und leicht verst\u00e4ndliche Ressourcen bereitzustellen. Au\u00dferdem laden wir dich ein, uns deine Fragen, Anliegen oder Vorschl\u00e4ge zu den Themen zu schicken, die du gerne hier behandelt sehen w\u00fcrdest. Subscribe to [&hellip;]<\/p>\n","protected":false},"author":2,"featured_media":36511,"parent":0,"menu_order":0,"comment_status":"closed","ping_status":"closed","template":"","meta":{"_acf_changed":false,"site-sidebar-layout":"no-sidebar","site-content-layout":"page-builder","ast-site-content-layout":"full-width-container","site-content-style":"unboxed","site-sidebar-style":"unboxed","ast-global-header-display":"","ast-banner-title-visibility":"","ast-main-header-display":"","ast-hfb-above-header-display":"","ast-hfb-below-header-display":"","ast-hfb-mobile-header-display":"","site-post-title":"disabled","ast-breadcrumbs-content":"","ast-featured-img":"disabled","footer-sml-layout":"","ast-disable-related-posts":"","theme-transparent-header-meta":"default","adv-header-id-meta":"","stick-header-meta":"","header-above-stick-meta":"","header-main-stick-meta":"","header-below-stick-meta":"","astra-migrate-meta-layouts":"set","ast-page-background-enabled":"default","ast-page-background-meta":{"desktop":{"background-color":"","background-image":"","background-repeat":"repeat","background-position":"center center","background-size":"auto","background-attachment":"scroll","background-type":"","background-media":"","overlay-type":"","overlay-color":"","overlay-opacity":"","overlay-gradient":""},"tablet":{"background-color":"","background-image":"","background-repeat":"repeat","background-position":"center center","background-size":"auto","background-attachment":"scroll","background-type":"","background-media":"","overlay-type":"","overlay-color":"","overlay-opacity":"","overlay-gradient":""},"mobile":{"background-color":"","background-image":"","background-repeat":"repeat","background-position":"center center","background-size":"auto","background-attachment":"scroll","background-type":"","background-media":"","overlay-type":"","overlay-color":"","overlay-opacity":"","overlay-gradient":""}},"ast-content-background-meta":{"desktop":{"background-color":"var(--ast-global-color-5)","background-image":"","background-repeat":"repeat","background-position":"center center","background-size":"auto","background-attachment":"scroll","background-type":"","background-media":"","overlay-type":"","overlay-color":"","overlay-opacity":"","overlay-gradient":""},"tablet":{"background-color":"var(--ast-global-color-5)","background-image":"","background-repeat":"repeat","background-position":"center center","background-size":"auto","background-attachment":"scroll","background-type":"","background-media":"","overlay-type":"","overlay-color":"","overlay-opacity":"","overlay-gradient":""},"mobile":{"background-color":"var(--ast-global-color-5)","background-image":"","background-repeat":"repeat","background-position":"center center","background-size":"auto","background-attachment":"scroll","background-type":"","background-media":"","overlay-type":"","overlay-color":"","overlay-opacity":"","overlay-gradient":""}},"footnotes":""},"class_list":["post-15628","page","type-page","status-publish","has-post-thumbnail","hentry"],"acf":[],"featured_image_urls":{"medium":"https:\/\/www.grupopoliclinica.es\/wp-content\/uploads\/working-desk-of-doctor-1-300x200.webp","large":"https:\/\/www.grupopoliclinica.es\/wp-content\/uploads\/working-desk-of-doctor-1-1024x682.webp","thumbnail":"https:\/\/www.grupopoliclinica.es\/wp-content\/uploads\/working-desk-of-doctor-1-150x150.webp","medium_large":"https:\/\/www.grupopoliclinica.es\/wp-content\/uploads\/working-desk-of-doctor-1-768x512.webp","1536x1536":"https:\/\/www.grupopoliclinica.es\/wp-content\/uploads\/working-desk-of-doctor-1-1536x1024.webp","woocommerce_thumbnail":"https:\/\/www.grupopoliclinica.es\/wp-content\/uploads\/working-desk-of-doctor-1-300x300.webp","woocommerce_single":"https:\/\/www.grupopoliclinica.es\/wp-content\/uploads\/working-desk-of-doctor-1-600x400.webp","woocommerce_gallery_thumbnail":"https:\/\/www.grupopoliclinica.es\/wp-content\/uploads\/working-desk-of-doctor-1-100x100.webp"},"post_mailing_queue_ids":[],"_links":{"self":[{"href":"https:\/\/www.grupopoliclinica.es\/de\/wp-json\/wp\/v2\/pages\/15628","targetHints":{"allow":["GET"]}}],"collection":[{"href":"https:\/\/www.grupopoliclinica.es\/de\/wp-json\/wp\/v2\/pages"}],"about":[{"href":"https:\/\/www.grupopoliclinica.es\/de\/wp-json\/wp\/v2\/types\/page"}],"author":[{"embeddable":true,"href":"https:\/\/www.grupopoliclinica.es\/de\/wp-json\/wp\/v2\/users\/2"}],"replies":[{"embeddable":true,"href":"https:\/\/www.grupopoliclinica.es\/de\/wp-json\/wp\/v2\/comments?post=15628"}],"version-history":[{"count":3,"href":"https:\/\/www.grupopoliclinica.es\/de\/wp-json\/wp\/v2\/pages\/15628\/revisions"}],"predecessor-version":[{"id":37902,"href":"https:\/\/www.grupopoliclinica.es\/de\/wp-json\/wp\/v2\/pages\/15628\/revisions\/37902"}],"wp:featuredmedia":[{"embeddable":true,"href":"https:\/\/www.grupopoliclinica.es\/de\/wp-json\/wp\/v2\/media\/36511"}],"wp:attachment":[{"href":"https:\/\/www.grupopoliclinica.es\/de\/wp-json\/wp\/v2\/media?parent=15628"}],"curies":[{"name":"wp","href":"https:\/\/api.w.org\/{rel}","templated":true}]}}