{"id":8752,"date":"2016-05-13T09:47:55","date_gmt":"2016-05-13T07:47:55","guid":{"rendered":"https:\/\/www.grupopoliclinica.es\/responsabilidad-social\/"},"modified":"2025-11-24T12:36:18","modified_gmt":"2025-11-24T11:36:18","slug":"responsabilitat-social","status":"publish","type":"page","link":"https:\/\/www.grupopoliclinica.es\/ca\/responsabilitat-social\/","title":{"rendered":"Responsabilitat social"},"content":{"rendered":"\t\t<div data-elementor-type=\"wp-page\" data-elementor-id=\"8752\" class=\"elementor elementor-8752 elementor-5516\" data-elementor-post-type=\"page\">\n\t\t\t\t\t\t<section class=\"elementor-section elementor-top-section elementor-element elementor-element-1217b90 elementor-section-boxed elementor-section-height-default elementor-section-height-default\" data-id=\"1217b90\" data-element_type=\"section\" data-e-type=\"section\" data-settings=\"{&quot;background_background&quot;:&quot;classic&quot;}\">\n\t\t\t\t\t\t<div class=\"elementor-container elementor-column-gap-no\">\n\t\t\t\t\t<div class=\"elementor-column elementor-col-100 elementor-top-column elementor-element elementor-element-0c898b5\" data-id=\"0c898b5\" data-element_type=\"column\" data-e-type=\"column\">\n\t\t\t<div class=\"elementor-widget-wrap elementor-element-populated\">\n\t\t\t\t\t\t<div class=\"elementor-element elementor-element-32a35c5 elementor-widget elementor-widget-heading\" data-id=\"32a35c5\" data-element_type=\"widget\" data-e-type=\"widget\" data-widget_type=\"heading.default\">\n\t\t\t\t<div class=\"elementor-widget-container\">\n\t\t\t\t\t<h1 class=\"elementor-heading-title elementor-size-default\">Responsabilitat social<\/h1>\t\t\t\t<\/div>\n\t\t\t\t<\/div>\n\t\t\t\t<div class=\"elementor-element elementor-element-6750d2b elementor-widget elementor-widget-text-editor\" data-id=\"6750d2b\" data-element_type=\"widget\" data-e-type=\"widget\" data-widget_type=\"text-editor.default\">\n\t\t\t\t<div class=\"elementor-widget-container\">\n\t\t\t\t\t\t\t\t\tPolicl\u00ednica Nuestra Se\u00f1ora del Rosario t\u00e9 un fort comprom\u00eds amb la societat, seguint la l\u00ednia del seu fundador, el doctor En Juli\u00e1n Vil\u00e1s Ferrer, qui de manera particular va oferir la seva la m\u00e0 a diverses associacions de les Illes Balears.<br>\nA dia d\u2019avui, Policl\u00ednica no oblida el seu origen familiar i hum\u00e0. Per aix\u00f2, fem tot el que est\u00e0 al nostre abast per col\u00b7laborar amb entitats, organitzacions i\/o persones, en els seg\u00fcents \u00e0mbits:\n<ul>\n \t<li>Formaci\u00f3. Compartim els nostres coneixements m\u00e8dics a trav\u00e9s de l\u2019organitzaci\u00f3 de congressos i jornades per a professionals sanitaris i tamb\u00e9 per a pacients i p\u00fablic en general, com per exemple les nostres Jornades del Dolor Cr\u00f2nic, o les de la Unitat de Diabetis.<\/li>\n \t<li>Prestaci\u00f3 d\u2019instal\u00b7lacions sanit\u00e0ries. A trav\u00e9s de la Fundaci\u00f3 Juli\u00e1n Vil\u00e1s Ferrer, col\u00b7laborem prestant les nostres instal\u00b7lacions hospital\u00e0ries per a l\u2019esterilitzaci\u00f3 de material sanitari.<\/li>\n \t<li>Donaci\u00f3 de material i equipament sanitari a entitats i\/o organitzacions.<\/li>\n \t<li>Ajuda en la lluita contra el c\u00e0ncer, gr\u00e0cies a la col\u00b7laboraci\u00f3 amb APAAC (Associaci\u00f3 Piti\u00fcsa d\u2019Ajuda a Afectats de C\u00e0ncer).<\/li>\n<\/ul>\t\t\t\t\t\t\t\t<\/div>\n\t\t\t\t<\/div>\n\t\t\t\t\t<\/div>\n\t\t<\/div>\n\t\t\t\t\t<\/div>\n\t\t<\/section>\n\t\t\t\t<\/div>\n\t\t","protected":false},"excerpt":{"rendered":"<p>Responsabilitat social Policl\u00ednica Nuestra Se\u00f1ora del Rosario t\u00e9 un fort comprom\u00eds amb la societat, seguint la l\u00ednia del seu fundador, el doctor En Juli\u00e1n Vil\u00e1s Ferrer, qui de manera particular va oferir la seva la m\u00e0 a diverses associacions de les Illes Balears. A dia d\u2019avui, Policl\u00ednica no oblida el seu origen familiar i hum\u00e0. [&hellip;]<\/p>\n","protected":false},"author":2,"featured_media":0,"parent":0,"menu_order":0,"comment_status":"closed","ping_status":"closed","template":"","meta":{"_acf_changed":false,"site-sidebar-layout":"no-sidebar","site-content-layout":"page-builder","ast-site-content-layout":"default","site-content-style":"default","site-sidebar-style":"default","ast-global-header-display":"","ast-banner-title-visibility":"","ast-main-header-display":"","ast-hfb-above-header-display":"","ast-hfb-below-header-display":"","ast-hfb-mobile-header-display":"","site-post-title":"disabled","ast-breadcrumbs-content":"","ast-featured-img":"disabled","footer-sml-layout":"","ast-disable-related-posts":"","theme-transparent-header-meta":"default","adv-header-id-meta":"","stick-header-meta":"","header-above-stick-meta":"","header-main-stick-meta":"","header-below-stick-meta":"","astra-migrate-meta-layouts":"default","ast-page-background-enabled":"default","ast-page-background-meta":{"desktop":{"background-color":"","background-image":"","background-repeat":"repeat","background-position":"center center","background-size":"auto","background-attachment":"scroll","background-type":"","background-media":"","overlay-type":"","overlay-color":"","overlay-opacity":"","overlay-gradient":""},"tablet":{"background-color":"","background-image":"","background-repeat":"repeat","background-position":"center center","background-size":"auto","background-attachment":"scroll","background-type":"","background-media":"","overlay-type":"","overlay-color":"","overlay-opacity":"","overlay-gradient":""},"mobile":{"background-color":"","background-image":"","background-repeat":"repeat","background-position":"center center","background-size":"auto","background-attachment":"scroll","background-type":"","background-media":"","overlay-type":"","overlay-color":"","overlay-opacity":"","overlay-gradient":""}},"ast-content-background-meta":{"desktop":{"background-color":"var(--ast-global-color-5)","background-image":"","background-repeat":"repeat","background-position":"center center","background-size":"auto","background-attachment":"scroll","background-type":"","background-media":"","overlay-type":"","overlay-color":"","overlay-opacity":"","overlay-gradient":""},"tablet":{"background-color":"var(--ast-global-color-5)","background-image":"","background-repeat":"repeat","background-position":"center center","background-size":"auto","background-attachment":"scroll","background-type":"","background-media":"","overlay-type":"","overlay-color":"","overlay-opacity":"","overlay-gradient":""},"mobile":{"background-color":"var(--ast-global-color-5)","background-image":"","background-repeat":"repeat","background-position":"center center","background-size":"auto","background-attachment":"scroll","background-type":"","background-media":"","overlay-type":"","overlay-color":"","overlay-opacity":"","overlay-gradient":""}},"footnotes":""},"class_list":["post-8752","page","type-page","status-publish","hentry"],"acf":[],"featured_image_urls":{},"post_mailing_queue_ids":[],"_links":{"self":[{"href":"https:\/\/www.grupopoliclinica.es\/ca\/wp-json\/wp\/v2\/pages\/8752","targetHints":{"allow":["GET"]}}],"collection":[{"href":"https:\/\/www.grupopoliclinica.es\/ca\/wp-json\/wp\/v2\/pages"}],"about":[{"href":"https:\/\/www.grupopoliclinica.es\/ca\/wp-json\/wp\/v2\/types\/page"}],"author":[{"embeddable":true,"href":"https:\/\/www.grupopoliclinica.es\/ca\/wp-json\/wp\/v2\/users\/2"}],"replies":[{"embeddable":true,"href":"https:\/\/www.grupopoliclinica.es\/ca\/wp-json\/wp\/v2\/comments?post=8752"}],"version-history":[{"count":3,"href":"https:\/\/www.grupopoliclinica.es\/ca\/wp-json\/wp\/v2\/pages\/8752\/revisions"}],"predecessor-version":[{"id":37858,"href":"https:\/\/www.grupopoliclinica.es\/ca\/wp-json\/wp\/v2\/pages\/8752\/revisions\/37858"}],"wp:attachment":[{"href":"https:\/\/www.grupopoliclinica.es\/ca\/wp-json\/wp\/v2\/media?parent=8752"}],"curies":[{"name":"wp","href":"https:\/\/api.w.org\/{rel}","templated":true}]}}