{"id":8434,"date":"2016-06-10T09:05:54","date_gmt":"2016-06-10T07:05:54","guid":{"rendered":"https:\/\/www.grupopoliclinica.es\/politica-de-calidad\/"},"modified":"2025-11-24T12:24:16","modified_gmt":"2025-11-24T11:24:16","slug":"politica-de-qualitat","status":"publish","type":"page","link":"https:\/\/www.grupopoliclinica.es\/ca\/politica-de-qualitat\/","title":{"rendered":"Pol\u00edtica de qualitat"},"content":{"rendered":"\t\t<div data-elementor-type=\"wp-page\" data-elementor-id=\"8434\" class=\"elementor elementor-8434 elementor-5563\" data-elementor-post-type=\"page\">\n\t\t\t\t\t\t<section class=\"elementor-section elementor-top-section elementor-element elementor-element-c18ee6d elementor-section-boxed elementor-section-height-default elementor-section-height-default\" data-id=\"c18ee6d\" data-element_type=\"section\" data-e-type=\"section\" data-settings=\"{&quot;background_background&quot;:&quot;classic&quot;}\">\n\t\t\t\t\t\t<div class=\"elementor-container elementor-column-gap-no\">\n\t\t\t\t\t<div class=\"elementor-column elementor-col-100 elementor-top-column elementor-element elementor-element-18f0c3c\" data-id=\"18f0c3c\" data-element_type=\"column\" data-e-type=\"column\">\n\t\t\t<div class=\"elementor-widget-wrap elementor-element-populated\">\n\t\t\t\t\t\t<div class=\"elementor-element elementor-element-b53e9ed elementor-widget elementor-widget-heading\" data-id=\"b53e9ed\" data-element_type=\"widget\" data-e-type=\"widget\" data-widget_type=\"heading.default\">\n\t\t\t\t<div class=\"elementor-widget-container\">\n\t\t\t\t\t<h1 class=\"elementor-heading-title elementor-size-default\">Pol\u00edtica de qualitat<\/h1>\t\t\t\t<\/div>\n\t\t\t\t<\/div>\n\t\t\t\t<div class=\"elementor-element elementor-element-5466c3f elementor-widget elementor-widget-text-editor\" data-id=\"5466c3f\" data-element_type=\"widget\" data-e-type=\"widget\" data-widget_type=\"text-editor.default\">\n\t\t\t\t<div class=\"elementor-widget-container\">\n\t\t\t\t\t\t\t\t\t<p><strong><em>Grupo Policl\u00ednica \u00e9s un grup empresarial l\u00edder en la gesti\u00f3 de serveis sanitaris <\/em><\/strong><em>des de l\u2019any 1969.<\/em><\/p><p>Amb m\u00e9s de 50 anys al servei dels ciutadans d\u2019Eivissa i Formentera, sempre ha prevalgut l\u2019inter\u00e8s per la implementaci\u00f3 cont\u00ednua de la tecnologia m\u00e9s avan\u00e7ada, unida a un magn\u00edfic equip professional i a un tractament proper i personalitzat a cada pacient.<\/p><p>Treballem per promoure pol\u00edtiques de seguretat i de qualitat assistencial, orientades a satisfer les necessitats i les expectatives de tots els nostres pacients.<\/p><p>Amb aquest objectiu, a <strong>Grupo Policl\u00ednica<\/strong> (format per Policl\u00ednica Ntra. Sra. del Rosario, Eiviconsulta, Cl\u00ednica Vila Parc, Logprosa i Cl\u00ednica Premium-Eiviestetic) establim, declarem i assumim els principis seg\u00fcents:<\/p><ol><li>La nostra atenci\u00f3 sanit\u00e0ria se centra en els nostres pacients: ens preocupem per la seva seguretat i per la satisfacci\u00f3 de les seves expectatives.<\/li><li>Perseguim la millora cont\u00ednua de la qualitat dels nostres serveis, a trav\u00e9s del funcionament de les diferents comissions cl\u00edniques, que analitzen les nostres dades i la nostra informaci\u00f3, i identifiquen les nostres \u00e0rees de millora.<\/li><li>Complim els requisits legals i les regulacions aplicables al sector, a trav\u00e9s de la Comissi\u00f3 d\u2019\u00c8tica Assistencial i Prevenci\u00f3 de Riscos.<\/li><li>Considerem que el desenvolupament professional de les persones que treballen a <strong>Grupo Policl\u00ednica<\/strong> \u00e9s un motor imprescindible per a la innovaci\u00f3 i el coneixement. Per aquesta ra\u00f3, la formaci\u00f3 i reciclatge \u00e9s un dels nostres objectius principals.<\/li><li>Considerem essencial per als nostres pacients oferir-los equips moderns, innovadors i adaptats als aven\u00e7os tecnol\u00f2gics.<\/li><li>El nostre servei personalitzat envers els nostres pacients ens permet ser un referent a l\u2019illa d\u2019Eivissa pel que fa a la prestaci\u00f3 de serveis relacionats amb el turisme sanitari; l\u2019amabilitat i la cordialitat s\u00f3n presents en tot moment. Partint d\u2019aquest principi, pretenem transmetre als nostres clients els valors i els pilars de la nostra organitzaci\u00f3, com ara la familiaritat, la responsabilitat, la confian\u00e7a, l\u2019honestedat o transpar\u00e8ncia, la qualitat humana, el respecte, l\u2019\u00e8tica, la superaci\u00f3, l\u2019esfor\u00e7, la confidencialitat i la sostenibilitat. Pensar com a pacient \u00e9s el nostre valor.<\/li><li><strong>Grupo Policl\u00ednica<\/strong> prenem les decisions cl\u00edniques fonamentant-nos en una metodologia basada en l\u2019evid\u00e8ncia cient\u00edfica. Utilitzem de forma conscienciosa, assenyada i expl\u00edcita les millors proves disponibles resultants de la investigaci\u00f3 cient\u00edfica a l\u2019hora de decidir sobre la salut dels nostres pacients.<\/li><li>A Grupo Policl\u00ednica oferim als nostres pacients i usuaris la prestaci\u00f3 d\u2019un servei de transport personalitzat, segur i adaptat a les seves necessitats, demandes i expectatives.<\/li><\/ol><p>La nostra Pol\u00edtica de qualitat i seguretat, que serveix de marc de refer\u00e8ncia per a establir i revisar els objectius de qualitat i estrat\u00e8gics, est\u00e0 implantada i actualitzada, i s\u2019ha comunicat a tots els nostres treballadors.<\/p>\t\t\t\t\t\t\t\t<\/div>\n\t\t\t\t<\/div>\n\t\t\t\t<div class=\"elementor-element elementor-element-e7718e0 elementor-mobile-align-justify elementor-widget-mobile__width-inherit elementor-align-center elementor-widget elementor-widget-button\" data-id=\"e7718e0\" data-element_type=\"widget\" data-e-type=\"widget\" data-widget_type=\"button.default\">\n\t\t\t\t<div class=\"elementor-widget-container\">\n\t\t\t\t\t\t\t\t\t<div class=\"elementor-button-wrapper\">\n\t\t\t\t\t<a class=\"elementor-button elementor-button-link elementor-size-sm\" href=\"https:\/\/www.grupopoliclinica.es\/wp-content\/uploads\/C\u00f3digo-\u00c9tico-de-Policl\u00ednica-Ntra.-Sra.-del-Rosario.pdf\">\n\t\t\t\t\t\t<span class=\"elementor-button-content-wrapper\">\n\t\t\t\t\t\t\t\t\t<span class=\"elementor-button-text\">Codi \u00e8tic de la Policl\u00ednica Ntra. Sra. del Rosario<\/span>\n\t\t\t\t\t<\/span>\n\t\t\t\t\t<\/a>\n\t\t\t\t<\/div>\n\t\t\t\t\t\t\t\t<\/div>\n\t\t\t\t<\/div>\n\t\t\t\t\t<\/div>\n\t\t<\/div>\n\t\t\t\t\t<\/div>\n\t\t<\/section>\n\t\t\t\t<\/div>\n\t\t","protected":false},"excerpt":{"rendered":"<p>Pol\u00edtica de qualitat Grupo Policl\u00ednica \u00e9s un grup empresarial l\u00edder en la gesti\u00f3 de serveis sanitaris des de l\u2019any 1969. Amb m\u00e9s de 50 anys al servei dels ciutadans d\u2019Eivissa i Formentera, sempre ha prevalgut l\u2019inter\u00e8s per la implementaci\u00f3 cont\u00ednua de la tecnologia m\u00e9s avan\u00e7ada, unida a un magn\u00edfic equip professional i a un tractament [&hellip;]<\/p>\n","protected":false},"author":2,"featured_media":0,"parent":0,"menu_order":0,"comment_status":"closed","ping_status":"closed","template":"","meta":{"_acf_changed":false,"site-sidebar-layout":"no-sidebar","site-content-layout":"page-builder","ast-site-content-layout":"default","site-content-style":"default","site-sidebar-style":"default","ast-global-header-display":"","ast-banner-title-visibility":"","ast-main-header-display":"","ast-hfb-above-header-display":"","ast-hfb-below-header-display":"","ast-hfb-mobile-header-display":"","site-post-title":"disabled","ast-breadcrumbs-content":"","ast-featured-img":"disabled","footer-sml-layout":"","ast-disable-related-posts":"","theme-transparent-header-meta":"default","adv-header-id-meta":"","stick-header-meta":"","header-above-stick-meta":"","header-main-stick-meta":"","header-below-stick-meta":"","astra-migrate-meta-layouts":"default","ast-page-background-enabled":"default","ast-page-background-meta":{"desktop":{"background-color":"","background-image":"","background-repeat":"repeat","background-position":"center center","background-size":"auto","background-attachment":"scroll","background-type":"","background-media":"","overlay-type":"","overlay-color":"","overlay-opacity":"","overlay-gradient":""},"tablet":{"background-color":"","background-image":"","background-repeat":"repeat","background-position":"center center","background-size":"auto","background-attachment":"scroll","background-type":"","background-media":"","overlay-type":"","overlay-color":"","overlay-opacity":"","overlay-gradient":""},"mobile":{"background-color":"","background-image":"","background-repeat":"repeat","background-position":"center center","background-size":"auto","background-attachment":"scroll","background-type":"","background-media":"","overlay-type":"","overlay-color":"","overlay-opacity":"","overlay-gradient":""}},"ast-content-background-meta":{"desktop":{"background-color":"var(--ast-global-color-5)","background-image":"","background-repeat":"repeat","background-position":"center center","background-size":"auto","background-attachment":"scroll","background-type":"","background-media":"","overlay-type":"","overlay-color":"","overlay-opacity":"","overlay-gradient":""},"tablet":{"background-color":"var(--ast-global-color-5)","background-image":"","background-repeat":"repeat","background-position":"center center","background-size":"auto","background-attachment":"scroll","background-type":"","background-media":"","overlay-type":"","overlay-color":"","overlay-opacity":"","overlay-gradient":""},"mobile":{"background-color":"var(--ast-global-color-5)","background-image":"","background-repeat":"repeat","background-position":"center center","background-size":"auto","background-attachment":"scroll","background-type":"","background-media":"","overlay-type":"","overlay-color":"","overlay-opacity":"","overlay-gradient":""}},"footnotes":""},"class_list":["post-8434","page","type-page","status-publish","hentry"],"acf":[],"featured_image_urls":{},"post_mailing_queue_ids":[],"_links":{"self":[{"href":"https:\/\/www.grupopoliclinica.es\/ca\/wp-json\/wp\/v2\/pages\/8434","targetHints":{"allow":["GET"]}}],"collection":[{"href":"https:\/\/www.grupopoliclinica.es\/ca\/wp-json\/wp\/v2\/pages"}],"about":[{"href":"https:\/\/www.grupopoliclinica.es\/ca\/wp-json\/wp\/v2\/types\/page"}],"author":[{"embeddable":true,"href":"https:\/\/www.grupopoliclinica.es\/ca\/wp-json\/wp\/v2\/users\/2"}],"replies":[{"embeddable":true,"href":"https:\/\/www.grupopoliclinica.es\/ca\/wp-json\/wp\/v2\/comments?post=8434"}],"version-history":[{"count":3,"href":"https:\/\/www.grupopoliclinica.es\/ca\/wp-json\/wp\/v2\/pages\/8434\/revisions"}],"predecessor-version":[{"id":37807,"href":"https:\/\/www.grupopoliclinica.es\/ca\/wp-json\/wp\/v2\/pages\/8434\/revisions\/37807"}],"wp:attachment":[{"href":"https:\/\/www.grupopoliclinica.es\/ca\/wp-json\/wp\/v2\/media?parent=8434"}],"curies":[{"name":"wp","href":"https:\/\/api.w.org\/{rel}","templated":true}]}}