{"id":22623,"date":"2021-05-20T10:02:22","date_gmt":"2021-05-20T08:02:22","guid":{"rendered":"https:\/\/www.grupopoliclinica.es\/mas-consultas-nuevos-servicios-2\/"},"modified":"2024-12-20T12:29:47","modified_gmt":"2024-12-20T11:29:47","slug":"mas-consultas-nuevos-servicios-2","status":"publish","type":"page","link":"https:\/\/www.grupopoliclinica.es\/ca\/mas-consultas-nuevos-servicios-2\/","title":{"rendered":"M\u00c9S CONSULTES, ELS NOSTRES SERVEIS"},"content":{"rendered":"<p><b>\u00a0<\/b><\/p>\n<p><strong>M\u00c9S CONSULTES Y ELS NOSTRES SERVEIS <\/strong><\/p>\n<p><strong>\u00a0<\/strong>Eivissa, 24 de setembre del 2014<\/p>\n<p><strong>S\u2019ha ampliat la Unitat d\u2019Endocrinologia i Nutrici\u00f3 per cobrir les consultes sorgides de la creixent demanda d&#8217;aquesta \u00e0rea d\u2019especialitat. <\/strong><\/p>\n<p>Amb la incorporaci\u00f3 d\u2019un especialista m\u00e9s, el passat 12 de setembre s\u2019ampliava la Unitat<strong>d\u2019Endocrinologia i Nutrici\u00f3<\/strong>. L\u2019endocrin\u00f2leg Eladio Losada, especialista en Endocrinologia per l\u2019Hospital Vall d\u2019Hebron de Barcelona, forma equip amb la doctora Mariv\u00ed Velasco Cano, especialista en Endocrinologia per l\u2019Hospital Cl\u00ednic San Carlos de Madrid.<\/p>\n<p>Malalties cada vegada m\u00e9s comunes entre la poblaci\u00f3, com ara la diabetis, fan que cada vegada sigui m\u00e9s important la figura de l\u2019especialista en Endocrinologia i Nutrici\u00f3.<\/p>\n<p>Es calcula que l&#8217;any 2020, m\u00e9s d\u2019un ter\u00e7 de la poblaci\u00f3 patia diabetis, una malaltia causada directament per factors com l\u2019estil de vida, l\u2019alimentaci\u00f3 o el sobrep\u00e8s.<\/p>\n<p>En aquesta Unitat, a part de la diabetis, es tracten altres malalties com ara b\u00e9 les seg\u00fcents:<\/p>\n<ul>\n<li>Malalties de la tiroide: l\u2019hipertiro\u00efdisme, l&#8217;hipotiro\u00efdisme, el n\u00f2dul tiroidal, el c\u00e0ncer de tiroides, etc.<\/li>\n<li>Malalties relacionades amb la nutrici\u00f3: Sobrep\u00e8s, obesitat, malnutrici\u00f3, etc.<\/li>\n<li>Malalties menys freq\u00fcents: alternacions hormonals, problemes de creixement o desenvolupament, tumors suprarenals, etc.<\/li>\n<li>Malalties cada vegada m\u00e9s freq\u00fcents durant l\u2019embar\u00e0s: diabetis gestacional i hipertiro\u00efdisme\n<\/li>\n<\/ul>\n<p><strong>Per altra banda, la data d\u2019inici de la nova consulta de Reumatologia de la Policl\u00ednica \u00e9s el 4 d\u2019octubre.<\/strong><\/p>\n<p>El doctor Jorge Juan Gonz\u00e1lez Mart\u00edn, metge Especialista en Reumatologia per la Fundaci\u00f3 Jim\u00e9nez D\u00edaz (Madrid), ser\u00e0 l\u2019encarregat de tractar les malalties de l\u2019aparell locomotor del teixit connectiu (tendinitis, artritis reumatoide, artritis psori\u00e0sica, espondilitis, gota, etc.),\u00a0 les malalties sist\u00e8miques (Lupus, esclerodermia, Sjorgren, Uveitis, etc.), i del metabolisme ossi (osteoporosis, Paget, etc.).<\/p>\n<p>Les malalties m\u00fascul-esquel\u00e8tiques s\u00f3n molt freq\u00fcents entre la poblaci\u00f3 general: es calcula que al territori espanyol 10 milions de persones, o el 22,6 %, pateixen qualque malaltia d\u2019aquest tipus. Aix\u00ed doncs, es converteixen en una patologia cr\u00f2nica prevalent.<\/p>\n<p><strong>Una r\u00e0pida prevenci\u00f3 i un r\u00e0pid diagn\u00f2stic s\u00f3n b\u00e0sics. Per rebre un tractament adequat i a temps, \u00e9s important rebre una valoraci\u00f3 r\u00e0pida per part d\u2019un reumat\u00f2leg. <\/strong><\/p>\n","protected":false},"excerpt":{"rendered":"<p>\u00a0 M\u00c9S CONSULTES Y ELS NOSTRES SERVEIS \u00a0Eivissa, 24 de setembre del 2014 S\u2019ha ampliat la Unitat d\u2019Endocrinologia i Nutrici\u00f3 per cobrir les consultes sorgides de la creixent demanda d&#8217;aquesta \u00e0rea d\u2019especialitat. Amb la incorporaci\u00f3 d\u2019un especialista m\u00e9s, el passat 12 de setembre s\u2019ampliava la Unitatd\u2019Endocrinologia i Nutrici\u00f3. L\u2019endocrin\u00f2leg Eladio Losada, especialista en Endocrinologia per [&hellip;]<\/p>\n","protected":false},"author":2,"featured_media":0,"parent":0,"menu_order":0,"comment_status":"closed","ping_status":"closed","template":"","meta":{"_acf_changed":false,"site-sidebar-layout":"default","site-content-layout":"default","ast-site-content-layout":"default","site-content-style":"default","site-sidebar-style":"default","ast-global-header-display":"","ast-banner-title-visibility":"","ast-main-header-display":"","ast-hfb-above-header-display":"","ast-hfb-below-header-display":"","ast-hfb-mobile-header-display":"","site-post-title":"","ast-breadcrumbs-content":"","ast-featured-img":"","footer-sml-layout":"","ast-disable-related-posts":"","theme-transparent-header-meta":"default","adv-header-id-meta":"","stick-header-meta":"","header-above-stick-meta":"","header-main-stick-meta":"","header-below-stick-meta":"","astra-migrate-meta-layouts":"set","ast-page-background-enabled":"default","ast-page-background-meta":{"desktop":{"background-color":"","background-image":"","background-repeat":"repeat","background-position":"center center","background-size":"auto","background-attachment":"scroll","background-type":"","background-media":"","overlay-type":"","overlay-color":"","overlay-opacity":"","overlay-gradient":""},"tablet":{"background-color":"","background-image":"","background-repeat":"repeat","background-position":"center center","background-size":"auto","background-attachment":"scroll","background-type":"","background-media":"","overlay-type":"","overlay-color":"","overlay-opacity":"","overlay-gradient":""},"mobile":{"background-color":"","background-image":"","background-repeat":"repeat","background-position":"center center","background-size":"auto","background-attachment":"scroll","background-type":"","background-media":"","overlay-type":"","overlay-color":"","overlay-opacity":"","overlay-gradient":""}},"ast-content-background-meta":{"desktop":{"background-color":"var(--ast-global-color-5)","background-image":"","background-repeat":"repeat","background-position":"center center","background-size":"auto","background-attachment":"scroll","background-type":"","background-media":"","overlay-type":"","overlay-color":"","overlay-opacity":"","overlay-gradient":""},"tablet":{"background-color":"var(--ast-global-color-5)","background-image":"","background-repeat":"repeat","background-position":"center center","background-size":"auto","background-attachment":"scroll","background-type":"","background-media":"","overlay-type":"","overlay-color":"","overlay-opacity":"","overlay-gradient":""},"mobile":{"background-color":"var(--ast-global-color-5)","background-image":"","background-repeat":"repeat","background-position":"center center","background-size":"auto","background-attachment":"scroll","background-type":"","background-media":"","overlay-type":"","overlay-color":"","overlay-opacity":"","overlay-gradient":""}},"footnotes":""},"class_list":["post-22623","page","type-page","status-publish","hentry"],"acf":[],"featured_image_urls":{},"post_mailing_queue_ids":[],"_links":{"self":[{"href":"https:\/\/www.grupopoliclinica.es\/ca\/wp-json\/wp\/v2\/pages\/22623","targetHints":{"allow":["GET"]}}],"collection":[{"href":"https:\/\/www.grupopoliclinica.es\/ca\/wp-json\/wp\/v2\/pages"}],"about":[{"href":"https:\/\/www.grupopoliclinica.es\/ca\/wp-json\/wp\/v2\/types\/page"}],"author":[{"embeddable":true,"href":"https:\/\/www.grupopoliclinica.es\/ca\/wp-json\/wp\/v2\/users\/2"}],"replies":[{"embeddable":true,"href":"https:\/\/www.grupopoliclinica.es\/ca\/wp-json\/wp\/v2\/comments?post=22623"}],"version-history":[{"count":0,"href":"https:\/\/www.grupopoliclinica.es\/ca\/wp-json\/wp\/v2\/pages\/22623\/revisions"}],"wp:attachment":[{"href":"https:\/\/www.grupopoliclinica.es\/ca\/wp-json\/wp\/v2\/media?parent=22623"}],"curies":[{"name":"wp","href":"https:\/\/api.w.org\/{rel}","templated":true}]}}