{"id":15638,"date":"2014-06-27T07:13:50","date_gmt":"2014-06-27T05:13:50","guid":{"rendered":"https:\/\/www.grupopoliclinica.es\/aviso-legal\/"},"modified":"2024-04-08T14:31:50","modified_gmt":"2024-04-08T12:31:50","slug":"aviso-legal","status":"publish","type":"page","link":"https:\/\/www.grupopoliclinica.es\/ca\/aviso-legal\/","title":{"rendered":"AV\u00cdS LEGAL"},"content":{"rendered":"\t\t<div data-elementor-type=\"wp-page\" data-elementor-id=\"15638\" class=\"elementor elementor-15638 elementor-3014\" data-elementor-post-type=\"page\">\n\t\t\t\t\t\t<section class=\"elementor-section elementor-top-section elementor-element elementor-element-101dd678 elementor-section-boxed elementor-section-height-default elementor-section-height-default\" data-id=\"101dd678\" data-element_type=\"section\" data-e-type=\"section\" data-settings=\"{&quot;background_background&quot;:&quot;classic&quot;}\">\n\t\t\t\t\t\t<div class=\"elementor-container elementor-column-gap-no\">\n\t\t\t\t\t<div class=\"elementor-column elementor-col-100 elementor-top-column elementor-element elementor-element-6fa40c87\" data-id=\"6fa40c87\" data-element_type=\"column\" data-e-type=\"column\">\n\t\t\t<div class=\"elementor-widget-wrap elementor-element-populated\">\n\t\t\t\t\t\t<div class=\"elementor-element elementor-element-cd763f8 elementor-widget elementor-widget-heading\" data-id=\"cd763f8\" data-element_type=\"widget\" data-e-type=\"widget\" data-widget_type=\"heading.default\">\n\t\t\t\t<div class=\"elementor-widget-container\">\n\t\t\t\t\t<h1 class=\"elementor-heading-title elementor-size-default\">AV\u00cdS LEGAL<\/h1>\t\t\t\t<\/div>\n\t\t\t\t<\/div>\n\t\t\t\t<div class=\"elementor-element elementor-element-94fca41 elementor-widget elementor-widget-text-editor\" data-id=\"94fca41\" data-element_type=\"widget\" data-e-type=\"widget\" data-widget_type=\"text-editor.default\">\n\t\t\t\t<div class=\"elementor-widget-container\">\n\t\t\t\t\t\t\t\t\t<p><strong>LLEI DELS SERVEIS DE LA SOCIETAT DE LA INFORMACI\u00d3 (LSSI)<\/strong><\/p><p>POLICL\u00cdNICA NTRA. SRA. DEL ROSARIO, S.L.U., responsable del lloc web, d\u2019ara endavant el RESPONSABLE, posa a disposici\u00f3 dels usuaris aquest document, amb el qual pret\u00e9n fer complir les obligacions que estableix la Llei 34\/2002, de 11 de juliol, de Serveis de la Societat de la Informaci\u00f3 i de Comer\u00e7 Electr\u00f2nic (LSSICE), BOE N.\u00ba 166, aix\u00ed com informar tots els usuaris del lloc web sobre quines s\u00f3n les condicions d\u2019\u00fas.<\/p><p>Qualsevol persona que accedeixi a aquest lloc web assumeix el paper d\u2019usuari i es compromet a l\u2019observan\u00e7a i compliment rigor\u00f3s de les disposicions que s\u2019hi estableixen, aix\u00ed com a qualsevol altra disposici\u00f3 legal s\u2019hi apliqui.<\/p><p>POLICL\u00cdNICA NTRA. SRA. DEL ROSARIO, S.L.U. es reserva el dret de modificar qualsevol tipus d\u2019informaci\u00f3 que pugui apar\u00e8ixer al lloc web, sense l\u2019obligaci\u00f3 de preavisar o assabentar els usuaris d\u2019aquestes obligacions, at\u00e8s que es considera suficient la publicaci\u00f3 al lloc web de POLICL\u00cdNICA NTRA. SRA. DEL ROSARIO, S.L.U..<\/p>\t\t\t\t\t\t\t\t<\/div>\n\t\t\t\t<\/div>\n\t\t\t\t<div class=\"elementor-element elementor-element-b5903c0 elementor-widget elementor-widget-heading\" data-id=\"b5903c0\" data-element_type=\"widget\" data-e-type=\"widget\" data-widget_type=\"heading.default\">\n\t\t\t\t<div class=\"elementor-widget-container\">\n\t\t\t\t\t<h3 class=\"elementor-heading-title elementor-size-medium\">1. DADES IDENTIFICADORES<\/h3>\t\t\t\t<\/div>\n\t\t\t\t<\/div>\n\t\t\t\t<div class=\"elementor-element elementor-element-256bf00 elementor-widget elementor-widget-text-editor\" data-id=\"256bf00\" data-element_type=\"widget\" data-e-type=\"widget\" data-widget_type=\"text-editor.default\">\n\t\t\t\t<div class=\"elementor-widget-container\">\n\t\t\t\t\t\t\t\t\t<p>Nom del domini: <a href=\"http:\/\/www.grupopoliclinica.es\/\">www.grupopoliclinica.es\/<\/a> Nom comercial: Policl\u00ednica<\/p><p>Denominaci\u00f3 social: POLICL\u00cdNICA NTRA. SRA. DEL ROSARIO, S.L.U. NIF: B07266265<\/p><p>Domicili social: V\u00cdA ROMANA, S\/N, C.P. 07800 IBIZA (ILLES BALEARS), Tel\u00e8fon: +34 971 30 19 16<\/p><p>E-mail: <a href=\"mailto:lopd@www.grupopoliclinica.es\">lopd@www.grupopoliclinica.es<\/a><\/p><p>Registro Mercantil de Eivissa, inscrito el 06\/04\/2020, Tomo 347, Libro 345, Folio 99, Secci\u00f3n 8, Hoja 165, Inscripci\u00f3n 43<\/p>\t\t\t\t\t\t\t\t<\/div>\n\t\t\t\t<\/div>\n\t\t\t\t<div class=\"elementor-element elementor-element-267eaee elementor-widget elementor-widget-heading\" data-id=\"267eaee\" data-element_type=\"widget\" data-e-type=\"widget\" data-widget_type=\"heading.default\">\n\t\t\t\t<div class=\"elementor-widget-container\">\n\t\t\t\t\t<h3 class=\"elementor-heading-title elementor-size-medium\">2. DRETS DE PROPIETAT INTEL\u00b7LECTUAL I INDUSTRIAL<\/h3>\t\t\t\t<\/div>\n\t\t\t\t<\/div>\n\t\t\t\t<div class=\"elementor-element elementor-element-bd53ae7 elementor-widget elementor-widget-text-editor\" data-id=\"bd53ae7\" data-element_type=\"widget\" data-e-type=\"widget\" data-widget_type=\"text-editor.default\">\n\t\t\t\t<div class=\"elementor-widget-container\">\n\t\t\t\t\t\t\t\t\t<p>El lloc web, incloent a t\u00edtol enunciatiu per\u00f2 no limitatiu la seva programaci\u00f3, edici\u00f3, compilaci\u00f3 i altres elements necessaris per al seu funcionament, els dissenys, logotips, text i\/o gr\u00e0fics, s\u00f3n propietat del RESPONSABLE o, si \u00e9s el cas, disposa de llic\u00e8ncia o autoritzaci\u00f3 expressa per part dels autors. Tots els continguts del lloc web es troben degudament protegits per la normativa de propietat intel\u00b7lectual i industrial, aix\u00ed com inscrits en els registres p\u00fablics corresponents.<\/p><p>Independentment de la finalitat per a la qual fossin destinats, la reproducci\u00f3 total o parcial, \u00fas, explotaci\u00f3, distribuci\u00f3 i comercialitzaci\u00f3, requereix en tot cas l\u2019autoritzaci\u00f3 escrita pr\u00e8via per part del RESPONSABLE. Qualsevol \u00fas no autoritzat pr\u00e8viament es considera un incompliment greu dels drets de propietat intel\u00b7lectual o industrial de l\u2019autor.<\/p><p>Els dissenys, logotips, text i\/o gr\u00e0fics aliens al RESPONSABLE i que puguin apar\u00e8ixer al lloc web, pertanyen als seus respectius propietaris, els quals s\u00f3n responsables de qualsevol possible controv\u00e8rsia que se\u2019n pugui desprendre. El RESPONSABLE autoritza expressament que tercers puguin redirigir directament als continguts concrets del lloc web, i en tot cas redirigir al lloc web principal de <a href=\"http:\/\/www.grupopoliclinica.es\/\">www.grupopoliclinica.es\/.<\/a><\/p><p>El RESPONSABLE reconeix a favor dels seus titulars els corresponents drets de propietat intel\u00b7lectual i industrial, sense implicar el seu sol esment o aparici\u00f3 al lloc web l\u2019exist\u00e8ncia de drets o responsabilitat sobre aquests, ni el suport, patrocini o recomanaci\u00f3 per part del RESPONSABLE.<\/p><p>Per efectuar qualsevol tipus d\u2019observaci\u00f3 pel que fa a possibles incompliments dels drets de propietat intel\u00b7lectual o industrial, aix\u00ed com sobre qualsevol dels continguts del lloc web, podeu fer-ho a trav\u00e9s del correu electr\u00f2nic <a href=\"mailto:lopd@www.grupopoliclinica.es\">lopd@www.grupopoliclinica.es.<\/a><\/p>\t\t\t\t\t\t\t\t<\/div>\n\t\t\t\t<\/div>\n\t\t\t\t<div class=\"elementor-element elementor-element-6c21aef elementor-widget elementor-widget-heading\" data-id=\"6c21aef\" data-element_type=\"widget\" data-e-type=\"widget\" data-widget_type=\"heading.default\">\n\t\t\t\t<div class=\"elementor-widget-container\">\n\t\t\t\t\t<h3 class=\"elementor-heading-title elementor-size-medium\">3. EXEMPCI\u00d3 DE RESPONSABILITATS<\/h3>\t\t\t\t<\/div>\n\t\t\t\t<\/div>\n\t\t\t\t<div class=\"elementor-element elementor-element-1103966 elementor-widget elementor-widget-text-editor\" data-id=\"1103966\" data-element_type=\"widget\" data-e-type=\"widget\" data-widget_type=\"text-editor.default\">\n\t\t\t\t<div class=\"elementor-widget-container\">\n\t\t\t\t\t\t\t\t\t<p>El RESPONSABLE s\u2019eximeix de qualsevol tipus de responsabilitat derivada de la informaci\u00f3 publicada al seu lloc web sempre que no tingui coneixement efectiu que aquesta informaci\u00f3 hagi estat manipulada o introdu\u00efda per un tercer ali\u00e8 a la mateixa o, si ho t\u00e9, hagi actuat amb dilig\u00e8ncia per retirar les dades o fer impossible l\u2019acc\u00e9s a ells.<\/p><p><strong>\u00das de Cookies<\/strong><\/p><p>Pot ser que aquest lloc web utilitzi cookies t\u00e8cniques (petits arxius d\u2019informaci\u00f3 que el servidor envia a l\u2019ordinador de qui accedeix a la p\u00e0gina) per dur a terme determinades funcions que es consideren imprescindibles per al correcte funcionament i visualitzaci\u00f3 del web. Les cookies utilitzades tenen, en qualsevol cas, car\u00e0cter temporal, amb l\u2019\u00fanica finalitat de fer que la navegaci\u00f3 sigui m\u00e9s eficient, i desapareixen en finalitzar la sessi\u00f3 de l\u2019usuari. En cap cas, aquestes cookies proporcionen per si mateixes dades de car\u00e0cter personal i no s\u2019utilitzaran per recollir dades d\u2019aquest tipus.<\/p><p>Mitjan\u00e7ant l\u2019\u00fas de cookies tamb\u00e9 \u00e9s possible que el servidor on es troba la web reconegui el navegador que utilitza l\u2019usuari, amb la finalitat que la navegaci\u00f3 sigui m\u00e9s senzilla, tot permetent, per exemple, l\u2019acc\u00e9s dels usuaris que s\u2019hagin registrat pr\u00e8viament a les \u00e0rees, serveis, promocions o concursos reservats exclusivament a ells sense haver de registrar-se a cada visita. Tamb\u00e9 es poden utilitzar per mesurar l\u2019audi\u00e8ncia, par\u00e0metres de tr\u00e0nsit, controlar el progr\u00e9s i el nombre d\u2019entrades, etc. En aquests casos, les cookies s\u00f3n prescindibles t\u00e8cnicament per\u00f2 beneficioses per a l\u2019usuari. Aquest lloc web no instal\u00b7lar\u00e0 <em>cookies <\/em>prescindibles sense el consentiment previ de l\u2019usuari.<\/p><p>L\u2019usuari t\u00e9 la possibilitat de configurar el seu navegador per ser alertat de la recepci\u00f3 de cookies i per impedir-ne la instal\u00b7laci\u00f3 al seu equip. Si us plau, consulteu les instruccions del vostre navegador per ampliar aquesta informaci\u00f3.<\/p><p><strong>Pol\u00edtica d\u2019enlla\u00e7os<\/strong><\/p><p>Des del lloc web, \u00e9s possible que es redirigeixi a continguts de tercers llocs web. At\u00e8s que el RESPONSABLE no pot controlar sempre els continguts introdu\u00efts per tercers en els seus llocs web respectius, no assumeix cap tipus de responsabilitat respecte d\u2019aquests continguts. En qualsevol cas, retirar\u00e0 immediatament qualsevol contingut que pugui transgredir la legislaci\u00f3 nacional o internacional, la moral o l\u2019ordre p\u00fablic, tot retirant immediatament la redirecci\u00f3 a aquest lloc web i assabentant les autoritats competents del contingut en q\u00fcesti\u00f3.<\/p><p>El RESPONSABLE no es fa responsable de la informaci\u00f3 i continguts emmagatzemats, a t\u00edtol enunciatiu per\u00f2 no limitatiu, a f\u00f2rums, xats, generadors de blogs, comentaris, xarxes socials o qualsevol altre mitj\u00e0 que permeti a tercers publicar continguts de manera independent en la p\u00e0gina web del RESPONSABLE. Aix\u00f2 no obstant, i en compliment del que estableixen als articles 11 i 16 de la LSSICE, es posa a disposici\u00f3 de tots els usuaris, autoritats i forces de seguretat que col\u00b7laboren de manera activa en la retirada o, si escau, bloqueig de tots els continguts que puguin afectar o transgredir la legislaci\u00f3 nacional o internacional, els drets de tercers o la moral i l\u2019ordre p\u00fablic. En cas que l\u2019usuari consideri que el lloc web cont\u00e9 material que pugui ser susceptible d\u2019aquesta classificaci\u00f3, li preguem que ho notifiqui immediatament a l\u2019administrador del lloc web.<\/p><p>Aquest lloc web s\u2019ha revisat i provat perqu\u00e8 funcioni correctament. En principi, es pot garantir que funcionar\u00e0 correctament els 365 dies de l\u2019any i les 24 hores al dia. Aix\u00f2 no obstant, el RESPONSABLE no descarta la possibilitat que es produeixin errors de programaci\u00f3, o que hi tinguin lloc causes de for\u00e7a major, cat\u00e0strofes naturals, vagues o circumst\u00e0ncies similars que facin impossible l\u2019acc\u00e9s a la p\u00e0gina web.<\/p><p><strong>Adreces IP<\/strong><\/p><p>Els servidors del lloc web podran detectar autom\u00e0ticament l\u2019adre\u00e7a IP i el nom del domini utilitzats per l\u2019usuari. Una adre\u00e7a IP \u00e9s un n\u00famero assignat autom\u00e0ticament a un ordinador aix\u00ed que es connecta a Internet. Tota aquesta informaci\u00f3 queda registrada en un fitxer d\u2019activitat del servidor que permet processar les dades posteriorment per tal d\u2019obtenir mesuratges \u00fanicament estad\u00edstics que permetin con\u00e8ixer el nombre d\u2019impressions de p\u00e0gines, el nombre de visites efectuades als servidors web, l\u2019ordre de visites, el punt d\u2019acc\u00e9s, etc.<\/p>\t\t\t\t\t\t\t\t<\/div>\n\t\t\t\t<\/div>\n\t\t\t\t<div class=\"elementor-element elementor-element-cc9f76f elementor-widget elementor-widget-heading\" data-id=\"cc9f76f\" data-element_type=\"widget\" data-e-type=\"widget\" data-widget_type=\"heading.default\">\n\t\t\t\t<div class=\"elementor-widget-container\">\n\t\t\t\t\t<h3 class=\"elementor-heading-title elementor-size-medium\">4. LLEI APLICABLE I JURISDICCI\u00d3<\/h3>\t\t\t\t<\/div>\n\t\t\t\t<\/div>\n\t\t\t\t<div class=\"elementor-element elementor-element-06fe322 elementor-widget elementor-widget-text-editor\" data-id=\"06fe322\" data-element_type=\"widget\" data-e-type=\"widget\" data-widget_type=\"text-editor.default\">\n\t\t\t\t<div class=\"elementor-widget-container\">\n\t\t\t\t\t\t\t\t\t<p>Per a la resoluci\u00f3 de totes les controv\u00e8rsies o q\u00fcestions relacionades amb aquest lloc web o de les activitats que s\u2019hi duen a terme, s\u2019aplicar\u00e0 la legislaci\u00f3 espanyola, a la qual se sotmeten expressament les parts, els quals tindran compet\u00e8ncia suficient per a la resoluci\u00f3 de tots els conflictes derivats o relacionats amb el seu \u00fas els Jutjats i Tribunals del domicili de l\u2019USUARI o el lloc de compliment de l\u2019obligaci\u00f3.<\/p>\t\t\t\t\t\t\t\t<\/div>\n\t\t\t\t<\/div>\n\t\t\t\t<div class=\"elementor-element elementor-element-596039d elementor-widget elementor-widget-text-editor\" data-id=\"596039d\" data-element_type=\"widget\" data-e-type=\"widget\" data-widget_type=\"text-editor.default\">\n\t\t\t\t<div class=\"elementor-widget-container\">\n\t\t\t\t\t\t\t\t\t<h2>CANAL \u00c8TIC O DE DEN\u00daNCIES INTERNES<\/h2><p><strong>Qui \u00e9s el responsable del tractament de les dades personals?<\/strong><\/p><p>POLICL\u00cdNICA NTRA. SRA. DEL ROSARIO, S.L.U. \u00e9s el responsable del tractament de les dades personals de l\u2019interessat i l\u2019informa que aquestes dades es tractaran de conformitat amb all\u00f2 que es disposa al Reglament (UE) 2016\/679, de 27 d\u2019abril (RGPD), i la Llei org\u00e0nica 3\/2018, de 5 de desembre (LOPDGDD), per la qual cosa se li facilita la seg\u00fcent informaci\u00f3 del tractament:<\/p><p><strong>Finalitats del tractament: per a qu\u00e8 tractam les seves dades personals?<\/strong><\/p><p>Per a la gesti\u00f3 adequada del nostre sistema intern d\u2019informaci\u00f3 o canal \u00e8tic, tramitant les corresponents irregularitats notificades a trav\u00e9s d\u2019aquest, i decidint sobre la proced\u00e8ncia d\u2019iniciar una investigaci\u00f3, a fi de detectar possibles delictes i prevenir la imposici\u00f3 de qualsevol tipus de responsabilitat a POLICL\u00cdNICA NTRA. SRA. DEL ROSARIO, S.L.U., aix\u00ed com per evitar qualsevol tipus de conducta contr\u00e0ria a la normativa interna o externa de l\u2019entitat.<\/p><p><strong>Legitimaci\u00f3 del tractament: per quin motiu podem tractar les seves dades personals?<\/strong><\/p><p>Basant-nos en l\u2019obligaci\u00f3 legal establerta als articles 10 i 13 de la Llei 2\/2023, de 20 de febrer,\u00a0que regula la protecci\u00f3 de les persones que informen sobre infraccions normatives i de lluita contra la corrupci\u00f3, de disposar d\u2019aquests sistemes interns d\u2019informaci\u00f3 (article 6.1.c RGPD).<\/p><p><strong>Reserva de la seva identitat:<\/strong><\/p><p>De conformitat amb l\u2019article 31.1 de la Llei 2\/2023, l\u2019informam que la seva identitat ser\u00e0 en tot cas reservada i que no es comunicar\u00e0 a les persones a les quals es refereixin els fets relatats ni a tercers.<\/p><p><strong>Criteris de conservaci\u00f3 de les dades: durant quant de temps guardarem les seves dades personals?<\/strong><\/p><p>Conservarem les seves dades durant un termini m\u00e0xim de tres mesos despr\u00e9s de la notificaci\u00f3 de la irregularitat si els fets no haguessin estat provats i sempre que no resultin necessaris per a altres finalitats o a efectes probatoris del control i la supervisi\u00f3 deguts en la prevenci\u00f3 de delictes. En cas que els fets s\u00ed que resultessin provats o amb indicis suficients, les dades es conservaran sempre que sigui necessari per a l\u2019exercici per part de l\u2019entitat dels seus drets davant dels tribunals de just\u00edcia, i quan ja no sigui necessari, se suprimiran amb mesures de seguretat adequades per garantir-ne l\u2019anonimitzaci\u00f3 o la destrucci\u00f3 total.<\/p><p><strong>Comunicaci\u00f3 de les dades: a qui facilitam les seves dades personals?<\/strong><\/p><p>Exceptuant obligaci\u00f3 legal, nom\u00e9s es comunicaran les seves dades a les seg\u00fcents categories de destinataris:<\/p><ul><li>Jutjats i tribunals, aix\u00ed com altres possibles \u00f2rgans de resoluci\u00f3 de conflictes.<\/li><li>Forces i cossos de seguretat de l\u2019Estat.<\/li><li>Notaris i registradors.<\/li><\/ul><p>Amb els prove\u00efdors que hagin d\u2019accedir a les seves dades personals per a la prestaci\u00f3 dels serveis que els h\u00e0gim contractat o que pel propi funcionament dels nostres serveis electr\u00f2nics (p\u00e0gina web i correus electr\u00f2nics) puguin tenir acc\u00e9s a determinades dades personals, tenim subscrits els contractes de confidencialitat i d\u2019enc\u00e0rrec de tractament de dades personals necessaris i exigits per la normativa per protegir la seva privacitat (article 28.3 RGPD).<\/p><p><strong>Drets que l\u2019assisteixen: quins s\u00f3n els seus drets de conformitat amb el RGPD?<\/strong><\/p><ul><li>Dret d\u2019acc\u00e9s, rectificaci\u00f3, portabilitat i supressi\u00f3 de les seves dades, i de limitaci\u00f3 o oposici\u00f3 al seu tractament.<\/li><li>Dret a presentar una reclamaci\u00f3 davant l\u2019Autoritat de control (www.aepd.es) si considera que el\u00a0tractament no s\u2019ajusta a la normativa vigent.<\/li><\/ul><p>Dades de contacte per exercir els seus drets: POLICL\u00cdNICA NTRA. SRA. DEL ROSARIO, S.L.U. VIA ROMANA, s\/n \u2013 07800 Eivissa (Illes Balears)<\/p><p>\u00a0<\/p>\t\t\t\t\t\t\t\t<\/div>\n\t\t\t\t<\/div>\n\t\t\t\t\t<\/div>\n\t\t<\/div>\n\t\t\t\t\t<\/div>\n\t\t<\/section>\n\t\t\t\t<\/div>\n\t\t","protected":false},"excerpt":{"rendered":"<p>AV\u00cdS LEGAL LLEI DELS SERVEIS DE LA SOCIETAT DE LA INFORMACI\u00d3 (LSSI) POLICL\u00cdNICA NTRA. SRA. DEL ROSARIO, S.L.U., responsable del lloc web, d\u2019ara endavant el RESPONSABLE, posa a disposici\u00f3 dels usuaris aquest document, amb el qual pret\u00e9n fer complir les obligacions que estableix la Llei 34\/2002, de 11 de juliol, de Serveis de la Societat [&hellip;]<\/p>\n","protected":false},"author":2,"featured_media":0,"parent":0,"menu_order":0,"comment_status":"closed","ping_status":"closed","template":"","meta":{"_acf_changed":false,"site-sidebar-layout":"no-sidebar","site-content-layout":"page-builder","ast-site-content-layout":"default","site-content-style":"default","site-sidebar-style":"default","ast-global-header-display":"","ast-banner-title-visibility":"","ast-main-header-display":"","ast-hfb-above-header-display":"","ast-hfb-below-header-display":"","ast-hfb-mobile-header-display":"","site-post-title":"disabled","ast-breadcrumbs-content":"","ast-featured-img":"disabled","footer-sml-layout":"","ast-disable-related-posts":"","theme-transparent-header-meta":"default","adv-header-id-meta":"","stick-header-meta":"","header-above-stick-meta":"","header-main-stick-meta":"","header-below-stick-meta":"","astra-migrate-meta-layouts":"set","ast-page-background-enabled":"default","ast-page-background-meta":{"desktop":{"background-color":"","background-image":"","background-repeat":"repeat","background-position":"center center","background-size":"auto","background-attachment":"scroll","background-type":"","background-media":"","overlay-type":"","overlay-color":"","overlay-opacity":"","overlay-gradient":""},"tablet":{"background-color":"","background-image":"","background-repeat":"repeat","background-position":"center center","background-size":"auto","background-attachment":"scroll","background-type":"","background-media":"","overlay-type":"","overlay-color":"","overlay-opacity":"","overlay-gradient":""},"mobile":{"background-color":"","background-image":"","background-repeat":"repeat","background-position":"center center","background-size":"auto","background-attachment":"scroll","background-type":"","background-media":"","overlay-type":"","overlay-color":"","overlay-opacity":"","overlay-gradient":""}},"ast-content-background-meta":{"desktop":{"background-color":"var(--ast-global-color-5)","background-image":"","background-repeat":"repeat","background-position":"center center","background-size":"auto","background-attachment":"scroll","background-type":"","background-media":"","overlay-type":"","overlay-color":"","overlay-opacity":"","overlay-gradient":""},"tablet":{"background-color":"var(--ast-global-color-5)","background-image":"","background-repeat":"repeat","background-position":"center center","background-size":"auto","background-attachment":"scroll","background-type":"","background-media":"","overlay-type":"","overlay-color":"","overlay-opacity":"","overlay-gradient":""},"mobile":{"background-color":"var(--ast-global-color-5)","background-image":"","background-repeat":"repeat","background-position":"center center","background-size":"auto","background-attachment":"scroll","background-type":"","background-media":"","overlay-type":"","overlay-color":"","overlay-opacity":"","overlay-gradient":""}},"footnotes":""},"class_list":["post-15638","page","type-page","status-publish","hentry"],"acf":[],"featured_image_urls":{},"post_mailing_queue_ids":[],"_links":{"self":[{"href":"https:\/\/www.grupopoliclinica.es\/ca\/wp-json\/wp\/v2\/pages\/15638","targetHints":{"allow":["GET"]}}],"collection":[{"href":"https:\/\/www.grupopoliclinica.es\/ca\/wp-json\/wp\/v2\/pages"}],"about":[{"href":"https:\/\/www.grupopoliclinica.es\/ca\/wp-json\/wp\/v2\/types\/page"}],"author":[{"embeddable":true,"href":"https:\/\/www.grupopoliclinica.es\/ca\/wp-json\/wp\/v2\/users\/2"}],"replies":[{"embeddable":true,"href":"https:\/\/www.grupopoliclinica.es\/ca\/wp-json\/wp\/v2\/comments?post=15638"}],"version-history":[{"count":0,"href":"https:\/\/www.grupopoliclinica.es\/ca\/wp-json\/wp\/v2\/pages\/15638\/revisions"}],"wp:attachment":[{"href":"https:\/\/www.grupopoliclinica.es\/ca\/wp-json\/wp\/v2\/media?parent=15638"}],"curies":[{"name":"wp","href":"https:\/\/api.w.org\/{rel}","templated":true}]}}