{"id":15629,"date":"2015-10-30T21:41:58","date_gmt":"2015-10-30T19:41:58","guid":{"rendered":"https:\/\/www.grupopoliclinica.es\/colabore-con-apaac-asociacion-pitusa-de-ayuda-a-afectados-de-cancer\/"},"modified":"2024-11-18T09:23:58","modified_gmt":"2024-11-18T08:23:58","slug":"colabore-con-apaac-asociacion-pitiusa-de-ayuda-a-afectados-de-cancer","status":"publish","type":"page","link":"https:\/\/www.grupopoliclinica.es\/ca\/colabore-con-apaac-asociacion-pitiusa-de-ayuda-a-afectados-de-cancer\/","title":{"rendered":"Col\u00b7laboreu amb APAAC: Associaci\u00f3 Pitusa d&#8217;Ajuda a Afectats de C\u00e0ncer"},"content":{"rendered":"\t\t<div data-elementor-type=\"wp-page\" data-elementor-id=\"15629\" class=\"elementor elementor-15629 elementor-5150\" data-elementor-post-type=\"page\">\n\t\t\t\t\t\t<section class=\"elementor-section elementor-top-section elementor-element elementor-element-67da30e elementor-section-boxed elementor-section-height-default elementor-section-height-default\" data-id=\"67da30e\" data-element_type=\"section\" data-e-type=\"section\" data-settings=\"{&quot;background_background&quot;:&quot;classic&quot;}\">\n\t\t\t\t\t\t<div class=\"elementor-container elementor-column-gap-no\">\n\t\t\t\t\t<div class=\"elementor-column elementor-col-100 elementor-top-column elementor-element elementor-element-f8e5e84\" data-id=\"f8e5e84\" data-element_type=\"column\" data-e-type=\"column\">\n\t\t\t<div class=\"elementor-widget-wrap elementor-element-populated\">\n\t\t\t\t\t\t<div class=\"elementor-element elementor-element-74dccfd elementor-widget elementor-widget-heading\" data-id=\"74dccfd\" data-element_type=\"widget\" data-e-type=\"widget\" data-widget_type=\"heading.default\">\n\t\t\t\t<div class=\"elementor-widget-container\">\n\t\t\t\t\t<h1 class=\"elementor-heading-title elementor-size-default\">Col\u00b7laboreu amb APAAC: Associaci\u00f3 Pitusa d'Ajuda a Afectats de C\u00e0ncer<\/h1>\t\t\t\t<\/div>\n\t\t\t\t<\/div>\n\t\t\t\t<div class=\"elementor-element elementor-element-9461c63 elementor-widget elementor-widget-text-editor\" data-id=\"9461c63\" data-element_type=\"widget\" data-e-type=\"widget\" data-widget_type=\"text-editor.default\">\n\t\t\t\t<div class=\"elementor-widget-container\">\n\t\t\t\t\t\t\t\t\t<p>L&#8217;Associaci\u00f3 Piti\u00fcsa d&#8217;Ajuda a Afectats de C\u00e0ncer neix per tal d&#8217;ajudar directament pacients afectats per aquesta malaltia a Eivissa i Formentera.<\/p>\n<p>Des del Grup Policl\u00ednica volem mostrar el nostre agra\u00efment a la nova associaci\u00f3 per la tasca que pretenen fer per a pacients de les nostres illes, i per descomptat, transmetre&#8217;ls que comptaran amb tot el nostre suport.<\/p>\n<p>Si voleu col\u00b7laborar amb l&#8217;Associaci\u00f3 heu d&#8217;emplenar aquest formulari i enviar-lo a&nbsp;<a href=\"mailto:info@apaac.es\" style=\"font-size: 16px; text-align: justify; background-color: rgb(255, 255, 255);\">info@apaac.es<\/a><\/p>\t\t\t\t\t\t\t\t<\/div>\n\t\t\t\t<\/div>\n\t\t\t\t<div class=\"elementor-element elementor-element-1e639d4 elementor-widget elementor-widget-image\" data-id=\"1e639d4\" data-element_type=\"widget\" data-e-type=\"widget\" data-widget_type=\"image.default\">\n\t\t\t\t<div class=\"elementor-widget-container\">\n\t\t\t\t\t\t\t\t\t\t\t\t\t\t\t<img fetchpriority=\"high\" decoding=\"async\" width=\"1024\" height=\"998\" src=\"https:\/\/www.grupopoliclinica.es\/wp-content\/uploads\/HAZTE-SOCIO-APAAC-1.jpg\" class=\"attachment-large size-large wp-image-15630\" alt=\"\" srcset=\"https:\/\/www.grupopoliclinica.es\/wp-content\/uploads\/HAZTE-SOCIO-APAAC-1.jpg 1200w, https:\/\/www.grupopoliclinica.es\/wp-content\/uploads\/HAZTE-SOCIO-APAAC-1-600x585.jpg 600w\" sizes=\"(max-width: 1024px) 100vw, 1024px\" title=\"\">\t\t\t\t\t\t\t\t\t\t\t\t\t\t\t<\/div>\n\t\t\t\t<\/div>\n\t\t\t\t\t<\/div>\n\t\t<\/div>\n\t\t\t\t\t<\/div>\n\t\t<\/section>\n\t\t\t\t<\/div>\n\t\t","protected":false},"excerpt":{"rendered":"<p>Col\u00b7laboreu amb APAAC: Associaci\u00f3 Pitusa d&#8217;Ajuda a Afectats de C\u00e0ncer L&#8217;Associaci\u00f3 Piti\u00fcsa d&#8217;Ajuda a Afectats de C\u00e0ncer neix per tal d&#8217;ajudar directament pacients afectats per aquesta malaltia a Eivissa i Formentera. Des del Grup Policl\u00ednica volem mostrar el nostre agra\u00efment a la nova associaci\u00f3 per la tasca que pretenen fer per a pacients de les [&hellip;]<\/p>\n","protected":false},"author":2,"featured_media":0,"parent":0,"menu_order":0,"comment_status":"closed","ping_status":"closed","template":"","meta":{"_acf_changed":false,"site-sidebar-layout":"no-sidebar","site-content-layout":"page-builder","ast-site-content-layout":"default","site-content-style":"default","site-sidebar-style":"default","ast-global-header-display":"","ast-banner-title-visibility":"","ast-main-header-display":"","ast-hfb-above-header-display":"","ast-hfb-below-header-display":"","ast-hfb-mobile-header-display":"","site-post-title":"disabled","ast-breadcrumbs-content":"","ast-featured-img":"disabled","footer-sml-layout":"","ast-disable-related-posts":"","theme-transparent-header-meta":"default","adv-header-id-meta":"","stick-header-meta":"","header-above-stick-meta":"","header-main-stick-meta":"","header-below-stick-meta":"","astra-migrate-meta-layouts":"set","ast-page-background-enabled":"default","ast-page-background-meta":{"desktop":{"background-color":"","background-image":"","background-repeat":"repeat","background-position":"center center","background-size":"auto","background-attachment":"scroll","background-type":"","background-media":"","overlay-type":"","overlay-color":"","overlay-opacity":"","overlay-gradient":""},"tablet":{"background-color":"","background-image":"","background-repeat":"repeat","background-position":"center center","background-size":"auto","background-attachment":"scroll","background-type":"","background-media":"","overlay-type":"","overlay-color":"","overlay-opacity":"","overlay-gradient":""},"mobile":{"background-color":"","background-image":"","background-repeat":"repeat","background-position":"center center","background-size":"auto","background-attachment":"scroll","background-type":"","background-media":"","overlay-type":"","overlay-color":"","overlay-opacity":"","overlay-gradient":""}},"ast-content-background-meta":{"desktop":{"background-color":"var(--ast-global-color-5)","background-image":"","background-repeat":"repeat","background-position":"center center","background-size":"auto","background-attachment":"scroll","background-type":"","background-media":"","overlay-type":"","overlay-color":"","overlay-opacity":"","overlay-gradient":""},"tablet":{"background-color":"var(--ast-global-color-5)","background-image":"","background-repeat":"repeat","background-position":"center center","background-size":"auto","background-attachment":"scroll","background-type":"","background-media":"","overlay-type":"","overlay-color":"","overlay-opacity":"","overlay-gradient":""},"mobile":{"background-color":"var(--ast-global-color-5)","background-image":"","background-repeat":"repeat","background-position":"center center","background-size":"auto","background-attachment":"scroll","background-type":"","background-media":"","overlay-type":"","overlay-color":"","overlay-opacity":"","overlay-gradient":""}},"footnotes":""},"class_list":["post-15629","page","type-page","status-publish","hentry"],"acf":[],"featured_image_urls":{},"post_mailing_queue_ids":[],"_links":{"self":[{"href":"https:\/\/www.grupopoliclinica.es\/ca\/wp-json\/wp\/v2\/pages\/15629","targetHints":{"allow":["GET"]}}],"collection":[{"href":"https:\/\/www.grupopoliclinica.es\/ca\/wp-json\/wp\/v2\/pages"}],"about":[{"href":"https:\/\/www.grupopoliclinica.es\/ca\/wp-json\/wp\/v2\/types\/page"}],"author":[{"embeddable":true,"href":"https:\/\/www.grupopoliclinica.es\/ca\/wp-json\/wp\/v2\/users\/2"}],"replies":[{"embeddable":true,"href":"https:\/\/www.grupopoliclinica.es\/ca\/wp-json\/wp\/v2\/comments?post=15629"}],"version-history":[{"count":0,"href":"https:\/\/www.grupopoliclinica.es\/ca\/wp-json\/wp\/v2\/pages\/15629\/revisions"}],"wp:attachment":[{"href":"https:\/\/www.grupopoliclinica.es\/ca\/wp-json\/wp\/v2\/media?parent=15629"}],"curies":[{"name":"wp","href":"https:\/\/api.w.org\/{rel}","templated":true}]}}