{"id":14796,"date":"2020-10-15T12:45:09","date_gmt":"2020-10-15T10:45:09","guid":{"rendered":"https:\/\/www.grupopoliclinica.es\/no-mas-listas-de-espera\/"},"modified":"2023-11-28T14:02:23","modified_gmt":"2023-11-28T12:02:23","slug":"no-mas-listas-de-espera","status":"publish","type":"page","link":"https:\/\/www.grupopoliclinica.es\/ca\/no-mas-listas-de-espera\/","title":{"rendered":"LLISTA D\u2019ESPERA"},"content":{"rendered":"\t\t<div data-elementor-type=\"wp-page\" data-elementor-id=\"14796\" class=\"elementor elementor-14796\" data-elementor-post-type=\"page\">\n\t\t\t\t\t\t<section class=\"elementor-section elementor-top-section elementor-element elementor-element-5914ba7 elementor-section-boxed elementor-section-height-default elementor-section-height-default\" data-id=\"5914ba7\" data-element_type=\"section\" data-e-type=\"section\" data-settings=\"{&quot;background_background&quot;:&quot;classic&quot;}\">\n\t\t\t\t\t\t<div class=\"elementor-container elementor-column-gap-no\">\n\t\t\t\t\t<div class=\"elementor-column elementor-col-100 elementor-top-column elementor-element elementor-element-d70b73a\" data-id=\"d70b73a\" data-element_type=\"column\" data-e-type=\"column\">\n\t\t\t<div class=\"elementor-widget-wrap elementor-element-populated\">\n\t\t\t\t\t\t<div class=\"elementor-element elementor-element-6ddb13c elementor-widget elementor-widget-heading\" data-id=\"6ddb13c\" data-element_type=\"widget\" data-e-type=\"widget\" data-widget_type=\"heading.default\">\n\t\t\t\t<div class=\"elementor-widget-container\">\n\t\t\t\t\t<h1 class=\"elementor-heading-title elementor-size-default\">Est\u00e0s en llista d'espera?<\/h1>\t\t\t\t<\/div>\n\t\t\t\t<\/div>\n\t\t\t\t<section class=\"elementor-section elementor-inner-section elementor-element elementor-element-0c62ee7 elementor-section-boxed elementor-section-height-default elementor-section-height-default\" data-id=\"0c62ee7\" data-element_type=\"section\" data-e-type=\"section\">\n\t\t\t\t\t\t<div class=\"elementor-container elementor-column-gap-default\">\n\t\t\t\t\t<div class=\"elementor-column elementor-col-50 elementor-inner-column elementor-element elementor-element-9e14c06\" data-id=\"9e14c06\" data-element_type=\"column\" data-e-type=\"column\">\n\t\t\t<div class=\"elementor-widget-wrap elementor-element-populated\">\n\t\t\t\t\t\t<div class=\"elementor-element elementor-element-80b7067 elementor-widget elementor-widget-text-editor\" data-id=\"80b7067\" data-element_type=\"widget\" data-e-type=\"widget\" data-widget_type=\"text-editor.default\">\n\t\t\t\t<div class=\"elementor-widget-container\">\n\t\t\t\t\t\t\t\t\t<p>Les llistes d\u2019espera poden ser molt llargues i posar en risc la salut i la qualitat de vida dels pacients. Si vost\u00e8 est\u00e0 en llista d\u2019espera i vols veure a un especialista, fer-te una prova diagn\u00f2stica, o una intervenci\u00f3 quir\u00fargica, volem ajudar-lo!<\/p>\t\t\t\t\t\t\t\t<\/div>\n\t\t\t\t<\/div>\n\t\t\t\t<div class=\"elementor-element elementor-element-e12db2c elementor-widget elementor-widget-heading\" data-id=\"e12db2c\" data-element_type=\"widget\" data-e-type=\"widget\" data-widget_type=\"heading.default\">\n\t\t\t\t<div class=\"elementor-widget-container\">\n\t\t\t\t\t<h3 class=\"elementor-heading-title elementor-size-default\">Per al Grup Policl\u00ednica, la nostra prioritat \u00e9s la teva salut. Volem donar-li una atenci\u00f3 r\u00e0pida, personalitzada, i efica\u00e7. <\/h3>\t\t\t\t<\/div>\n\t\t\t\t<\/div>\n\t\t\t\t<div class=\"elementor-element elementor-element-4594ffb elementor-widget elementor-widget-text-editor\" data-id=\"4594ffb\" data-element_type=\"widget\" data-e-type=\"widget\" data-widget_type=\"text-editor.default\">\n\t\t\t\t<div class=\"elementor-widget-container\">\n\t\t\t\t\t\t\t\t\t<p>Per tant, si et trobes en llista d\u2019espera, noltros li oferim el seg\u00fcent:<\/p>\t\t\t\t\t\t\t\t<\/div>\n\t\t\t\t<\/div>\n\t\t\t\t<div class=\"elementor-element elementor-element-615ec48 elementor-icon-list--layout-traditional elementor-list-item-link-full_width elementor-widget elementor-widget-icon-list\" data-id=\"615ec48\" data-element_type=\"widget\" data-e-type=\"widget\" data-widget_type=\"icon-list.default\">\n\t\t\t\t<div class=\"elementor-widget-container\">\n\t\t\t\t\t\t\t<ul class=\"elementor-icon-list-items\">\n\t\t\t\t\t\t\t<li class=\"elementor-icon-list-item\">\n\t\t\t\t\t\t\t\t\t\t\t<span class=\"elementor-icon-list-icon\">\n\t\t\t\t\t\t\t<i aria-hidden=\"true\" class=\"far fa-arrow-alt-circle-right\"><\/i>\t\t\t\t\t\t<\/span>\n\t\t\t\t\t\t\t\t\t\t<span class=\"elementor-icon-list-text\">Preus especials per als pacients en llista d\u2019espera<\/span>\n\t\t\t\t\t\t\t\t\t<\/li>\n\t\t\t\t\t\t\t\t<li class=\"elementor-icon-list-item\">\n\t\t\t\t\t\t\t\t\t\t\t<span class=\"elementor-icon-list-icon\">\n\t\t\t\t\t\t\t<i aria-hidden=\"true\" class=\"far fa-arrow-alt-circle-right\"><\/i>\t\t\t\t\t\t<\/span>\n\t\t\t\t\t\t\t\t\t\t<span class=\"elementor-icon-list-text\">Financem el seu tractament, si ho necessita<\/span>\n\t\t\t\t\t\t\t\t\t<\/li>\n\t\t\t\t\t\t\t\t<li class=\"elementor-icon-list-item\">\n\t\t\t\t\t\t\t\t\t\t\t<span class=\"elementor-icon-list-icon\">\n\t\t\t\t\t\t\t<i aria-hidden=\"true\" class=\"far fa-arrow-alt-circle-right\"><\/i>\t\t\t\t\t\t<\/span>\n\t\t\t\t\t\t\t\t\t\t<span class=\"elementor-icon-list-text\">Atenci\u00f3 personalitzaci\u00f3 i r\u00e0pida perqu\u00e8 no esperi i pugui recuperar la seva qualitat de vida<\/span>\n\t\t\t\t\t\t\t\t\t<\/li>\n\t\t\t\t\t\t<\/ul>\n\t\t\t\t\t\t<\/div>\n\t\t\t\t<\/div>\n\t\t\t\t<div class=\"elementor-element elementor-element-16c79a1 elementor-widget elementor-widget-text-editor\" data-id=\"16c79a1\" data-element_type=\"widget\" data-e-type=\"widget\" data-widget_type=\"text-editor.default\">\n\t\t\t\t<div class=\"elementor-widget-container\">\n\t\t\t\t\t\t\t\t\t<div class=\"wpb_column vc_column_container vc_col-sm-6\"><div class=\"wpb_wrapper\"><div class=\"wpb_text_column wpb_content_element vc_custom_1602759210502 listadeespera\"><div class=\"wpb_wrapper\"><p>No esperi que a sigui massa tard!<\/p><\/div><\/div><\/div><\/div>\t\t\t\t\t\t\t\t<\/div>\n\t\t\t\t<\/div>\n\t\t\t\t<div class=\"elementor-element elementor-element-a05b1db elementor-view-stacked elementor-shape-square elementor-hidden-desktop elementor-position-block-start elementor-mobile-position-block-start elementor-widget elementor-widget-icon-box\" data-id=\"a05b1db\" data-element_type=\"widget\" data-e-type=\"widget\" data-widget_type=\"icon-box.default\">\n\t\t\t\t<div class=\"elementor-widget-container\">\n\t\t\t\t\t\t\t<div class=\"elementor-icon-box-wrapper\">\n\n\t\t\t\t\t\t<div class=\"elementor-icon-box-icon\">\n\t\t\t\t<a href=\"tel:649562643\" class=\"elementor-icon\" tabindex=\"-1\" aria-label=\"Tel\u00e9fono para pacientes en lista de espera\">\n\t\t\t\t<i aria-hidden=\"true\" class=\"fas fa-phone\"><\/i>\t\t\t\t<\/a>\n\t\t\t<\/div>\n\t\t\t\n\t\t\t\t\t\t<div class=\"elementor-icon-box-content\">\n\n\t\t\t\t\t\t\t\t\t<h4 class=\"elementor-icon-box-title\">\n\t\t\t\t\t\t<a href=\"tel:649562643\" >\n\t\t\t\t\t\t\tTel\u00e9fono para pacientes en lista de espera\t\t\t\t\t\t<\/a>\n\t\t\t\t\t<\/h4>\n\t\t\t\t\n\t\t\t\t\t\t\t\t\t<p class=\"elementor-icon-box-description\">\n\t\t\t\t\t\t649 56 26 43 (8:00 - 20:00)\t\t\t\t\t<\/p>\n\t\t\t\t\n\t\t\t<\/div>\n\t\t\t\n\t\t<\/div>\n\t\t\t\t\t\t<\/div>\n\t\t\t\t<\/div>\n\t\t\t\t\t<\/div>\n\t\t<\/div>\n\t\t\t\t<div class=\"elementor-column elementor-col-50 elementor-inner-column elementor-element elementor-element-6fa9fee elementor-hidden-tablet elementor-hidden-phone\" data-id=\"6fa9fee\" data-element_type=\"column\" data-e-type=\"column\">\n\t\t\t<div class=\"elementor-widget-wrap elementor-element-populated\">\n\t\t\t\t\t\t<div class=\"elementor-element elementor-element-15f5537 elementor-view-stacked elementor-shape-square elementor-position-block-start elementor-mobile-position-block-start elementor-widget elementor-widget-icon-box\" data-id=\"15f5537\" data-element_type=\"widget\" data-e-type=\"widget\" data-widget_type=\"icon-box.default\">\n\t\t\t\t<div class=\"elementor-widget-container\">\n\t\t\t\t\t\t\t<div class=\"elementor-icon-box-wrapper\">\n\n\t\t\t\t\t\t<div class=\"elementor-icon-box-icon\">\n\t\t\t\t<a href=\"tel:649562643\" class=\"elementor-icon\" tabindex=\"-1\" aria-label=\"Tel\u00e8fon per als pacients en llista d\u2019espera\">\n\t\t\t\t<i aria-hidden=\"true\" class=\"fas fa-phone\"><\/i>\t\t\t\t<\/a>\n\t\t\t<\/div>\n\t\t\t\n\t\t\t\t\t\t<div class=\"elementor-icon-box-content\">\n\n\t\t\t\t\t\t\t\t\t<h4 class=\"elementor-icon-box-title\">\n\t\t\t\t\t\t<a href=\"tel:649562643\" >\n\t\t\t\t\t\t\tTel\u00e8fon per als pacients en llista d\u2019espera\t\t\t\t\t\t<\/a>\n\t\t\t\t\t<\/h4>\n\t\t\t\t\n\t\t\t\t\t\t\t\t\t<p class=\"elementor-icon-box-description\">\n\t\t\t\t\t\t649 56 26 43 (8:00 - 20:00)\t\t\t\t\t<\/p>\n\t\t\t\t\n\t\t\t<\/div>\n\t\t\t\n\t\t<\/div>\n\t\t\t\t\t\t<\/div>\n\t\t\t\t<\/div>\n\t\t\t\t\t<\/div>\n\t\t<\/div>\n\t\t\t\t\t<\/div>\n\t\t<\/section>\n\t\t\t\t\t<\/div>\n\t\t<\/div>\n\t\t\t\t\t<\/div>\n\t\t<\/section>\n\t\t\t\t<\/div>\n\t\t","protected":false},"excerpt":{"rendered":"<p>Est\u00e0s en llista d&#8217;espera? Les llistes d\u2019espera poden ser molt llargues i posar en risc la salut i la qualitat de vida dels pacients. Si vost\u00e8 est\u00e0 en llista d\u2019espera i vols veure a un especialista, fer-te una prova diagn\u00f2stica, o una intervenci\u00f3 quir\u00fargica, volem ajudar-lo! Per al Grup Policl\u00ednica, la nostra prioritat \u00e9s la [&hellip;]<\/p>\n","protected":false},"author":2,"featured_media":24947,"parent":0,"menu_order":0,"comment_status":"closed","ping_status":"closed","template":"","meta":{"_acf_changed":false,"site-sidebar-layout":"no-sidebar","site-content-layout":"page-builder","ast-site-content-layout":"full-width-container","site-content-style":"unboxed","site-sidebar-style":"unboxed","ast-global-header-display":"","ast-banner-title-visibility":"","ast-main-header-display":"","ast-hfb-above-header-display":"","ast-hfb-below-header-display":"","ast-hfb-mobile-header-display":"","site-post-title":"disabled","ast-breadcrumbs-content":"","ast-featured-img":"disabled","footer-sml-layout":"","ast-disable-related-posts":"","theme-transparent-header-meta":"default","adv-header-id-meta":"","stick-header-meta":"","header-above-stick-meta":"","header-main-stick-meta":"","header-below-stick-meta":"","astra-migrate-meta-layouts":"default","ast-page-background-enabled":"default","ast-page-background-meta":{"desktop":{"background-color":"","background-image":"","background-repeat":"repeat","background-position":"center center","background-size":"auto","background-attachment":"scroll","background-type":"","background-media":"","overlay-type":"","overlay-color":"","overlay-opacity":"","overlay-gradient":""},"tablet":{"background-color":"","background-image":"","background-repeat":"repeat","background-position":"center center","background-size":"auto","background-attachment":"scroll","background-type":"","background-media":"","overlay-type":"","overlay-color":"","overlay-opacity":"","overlay-gradient":""},"mobile":{"background-color":"","background-image":"","background-repeat":"repeat","background-position":"center center","background-size":"auto","background-attachment":"scroll","background-type":"","background-media":"","overlay-type":"","overlay-color":"","overlay-opacity":"","overlay-gradient":""}},"ast-content-background-meta":{"desktop":{"background-color":"var(--ast-global-color-5)","background-image":"","background-repeat":"repeat","background-position":"center center","background-size":"auto","background-attachment":"scroll","background-type":"","background-media":"","overlay-type":"","overlay-color":"","overlay-opacity":"","overlay-gradient":""},"tablet":{"background-color":"var(--ast-global-color-5)","background-image":"","background-repeat":"repeat","background-position":"center center","background-size":"auto","background-attachment":"scroll","background-type":"","background-media":"","overlay-type":"","overlay-color":"","overlay-opacity":"","overlay-gradient":""},"mobile":{"background-color":"var(--ast-global-color-5)","background-image":"","background-repeat":"repeat","background-position":"center center","background-size":"auto","background-attachment":"scroll","background-type":"","background-media":"","overlay-type":"","overlay-color":"","overlay-opacity":"","overlay-gradient":""}},"footnotes":""},"class_list":["post-14796","page","type-page","status-publish","has-post-thumbnail","hentry"],"acf":[],"featured_image_urls":{"medium":"https:\/\/www.grupopoliclinica.es\/wp-content\/uploads\/estas-en-lista-de-espera-red-300x200.jpg","large":"https:\/\/www.grupopoliclinica.es\/wp-content\/uploads\/estas-en-lista-de-espera-red-1024x683.jpg","thumbnail":"https:\/\/www.grupopoliclinica.es\/wp-content\/uploads\/estas-en-lista-de-espera-red-150x150.jpg","medium_large":"https:\/\/www.grupopoliclinica.es\/wp-content\/uploads\/estas-en-lista-de-espera-red-768x512.jpg","woocommerce_thumbnail":"https:\/\/www.grupopoliclinica.es\/wp-content\/uploads\/estas-en-lista-de-espera-red-300x300.jpg","woocommerce_single":"https:\/\/www.grupopoliclinica.es\/wp-content\/uploads\/estas-en-lista-de-espera-red-600x400.jpg","woocommerce_gallery_thumbnail":"https:\/\/www.grupopoliclinica.es\/wp-content\/uploads\/estas-en-lista-de-espera-red-100x100.jpg","shop_catalog":"https:\/\/www.grupopoliclinica.es\/wp-content\/uploads\/estas-en-lista-de-espera-red-300x300.jpg","shop_single":"https:\/\/www.grupopoliclinica.es\/wp-content\/uploads\/estas-en-lista-de-espera-red-600x400.jpg","shop_thumbnail":"https:\/\/www.grupopoliclinica.es\/wp-content\/uploads\/estas-en-lista-de-espera-red-100x100.jpg"},"post_mailing_queue_ids":[],"_links":{"self":[{"href":"https:\/\/www.grupopoliclinica.es\/ca\/wp-json\/wp\/v2\/pages\/14796","targetHints":{"allow":["GET"]}}],"collection":[{"href":"https:\/\/www.grupopoliclinica.es\/ca\/wp-json\/wp\/v2\/pages"}],"about":[{"href":"https:\/\/www.grupopoliclinica.es\/ca\/wp-json\/wp\/v2\/types\/page"}],"author":[{"embeddable":true,"href":"https:\/\/www.grupopoliclinica.es\/ca\/wp-json\/wp\/v2\/users\/2"}],"replies":[{"embeddable":true,"href":"https:\/\/www.grupopoliclinica.es\/ca\/wp-json\/wp\/v2\/comments?post=14796"}],"version-history":[{"count":0,"href":"https:\/\/www.grupopoliclinica.es\/ca\/wp-json\/wp\/v2\/pages\/14796\/revisions"}],"wp:featuredmedia":[{"embeddable":true,"href":"https:\/\/www.grupopoliclinica.es\/ca\/wp-json\/wp\/v2\/media\/24947"}],"wp:attachment":[{"href":"https:\/\/www.grupopoliclinica.es\/ca\/wp-json\/wp\/v2\/media?parent=14796"}],"curies":[{"name":"wp","href":"https:\/\/api.w.org\/{rel}","templated":true}]}}